{"id":189262,"date":"2022-10-24T11:00:41","date_gmt":"2022-10-24T15:00:41","guid":{"rendered":"https:\/\/www.avenuedesigncanada.com\/product\/brayden-credenza\/"},"modified":"2026-02-11T16:07:34","modified_gmt":"2026-02-11T21:07:34","slug":"credence-brayden","status":"publish","type":"product","link":"https:\/\/www.avenuedesigncanada.com\/fr\/product\/credence-brayden\/","title":{"rendered":"Cr\u00e9dence Brayden"},"content":{"rendered":"<p>Placages de bois de ch\u00eane au fini gris charcoal<br \/>\nPi\u00e9tement en m\u00e9tal au fini bronze moyen<\/p>\n<p>Vous recherchez un design \u00e0 la fois \u00e9pur\u00e9, g\u00e9n\u00e9reux et glamour ? La cr\u00e9dence Brayden a tout pour plaire. Pos\u00e9e sur un cadre \u00e9l\u00e9gant au fini bronze, cette armoire chic en placage de ch\u00eane gris anthracite contient 4 portes avec un beau motif g\u00e9om\u00e9trique en relief. Parfait pour ranger votre \u00e9quipement \u00e9lectrique, votre r\u00e9cepteur et votre console de jeu \u00e0 l&rsquo;abri des regards.<\/p>\n","protected":false},"excerpt":{"rendered":"<p>Avez-vous des questions \u00e0 propos de ce produit ?<br \/>\nNos designers sont l\u00e0 pour vous aider.<br \/>\n<strong>Appelez-nous au (514) 340-9351<\/strong><\/p>\n","protected":false},"featured_media":189256,"template":"","meta":{"_kad_blocks_custom_css":"","_kad_blocks_head_custom_js":"","_kad_blocks_body_custom_js":"","_kad_blocks_footer_custom_js":"","_kad_post_transparent":"","_kad_post_title":"","_kad_post_layout":"","_kad_post_sidebar_id":"","_kad_post_content_style":"","_kad_post_vertical_padding":"","_kad_post_feature":"","_kad_post_feature_position":"","_kad_post_header":false,"_kad_post_footer":false,"_kad_post_classname":""},"product_brand":[],"product_cat":[1303],"product_tag":[1482],"class_list":{"0":"post-189262","1":"product","2":"type-product","3":"status-publish","4":"has-post-thumbnail","6":"product_cat-buffets","7":"product_tag-vreeland-fr-2","9":"first","10":"instock","11":"taxable","12":"shipping-taxable","13":"product-type-simple","14":"entry","15":"content-bg","16":"loop-entry"},"taxonomy_info":{"product_cat":[{"value":1303,"label":"Buffets"}],"product_tag":[{"value":1482,"label":"Vreeland"}]},"featured_image_src_large":["https:\/\/www.avenuedesigncanada.com\/wp-content\/uploads\/2022\/10\/115022_0_1_1-2-1024x1024.jpg",1024,1024,true],"author_info":[],"comment_info":"","_links":{"self":[{"href":"https:\/\/www.avenuedesigncanada.com\/fr\/wp-json\/wp\/v2\/product\/189262","targetHints":{"allow":["GET"]}}],"collection":[{"href":"https:\/\/www.avenuedesigncanada.com\/fr\/wp-json\/wp\/v2\/product"}],"about":[{"href":"https:\/\/www.avenuedesigncanada.com\/fr\/wp-json\/wp\/v2\/types\/product"}],"wp:featuredmedia":[{"embeddable":true,"href":"https:\/\/www.avenuedesigncanada.com\/fr\/wp-json\/wp\/v2\/media\/189256"}],"wp:attachment":[{"href":"https:\/\/www.avenuedesigncanada.com\/fr\/wp-json\/wp\/v2\/media?parent=189262"}],"wp:term":[{"taxonomy":"product_brand","embeddable":true,"href":"https:\/\/www.avenuedesigncanada.com\/fr\/wp-json\/wp\/v2\/product_brand?post=189262"},{"taxonomy":"product_cat","embeddable":true,"href":"https:\/\/www.avenuedesigncanada.com\/fr\/wp-json\/wp\/v2\/product_cat?post=189262"},{"taxonomy":"product_tag","embeddable":true,"href":"https:\/\/www.avenuedesigncanada.com\/fr\/wp-json\/wp\/v2\/product_tag?post=189262"}],"curies":[{"name":"wp","href":"https:\/\/api.w.org\/{rel}","templated":true}]}}