{"id":189452,"date":"2022-10-24T11:52:04","date_gmt":"2022-10-24T15:52:04","guid":{"rendered":"https:\/\/www.avenuedesigncanada.com\/?post_type=product&#038;p=189452"},"modified":"2026-02-11T16:07:34","modified_gmt":"2026-02-11T21:07:34","slug":"console-media-wilmot-blanchi","status":"publish","type":"product","link":"https:\/\/www.avenuedesigncanada.com\/fr\/product\/console-media-wilmot-blanchi\/","title":{"rendered":"Console M\u00e9dia Wilmot &#8211; Blanchi"},"content":{"rendered":"<p><em>Le meuble multim\u00e9dia Wilmot pr\u00e9sente les caract\u00e9ristiques suivantes :<\/em><\/p>\n<p> Placage en ch\u00eane lav\u00e9<br \/>\nCadre m\u00e9tallique au fini laiton bross\u00e9<br \/>\nDeux armoires avec tiroirs et \u00e9tag\u00e8res pour un grand espace de rangement.<\/p>\n<p>Avez-vous des questions \u00e0 propos de ce produit ?<br \/>\nNos designers sont l\u00e0 pour vous aider. Appelez-nous au (514) 340-9351<\/p>\n","protected":false},"excerpt":{"rendered":"<p>Le meuble multim\u00e9dia Wilmot combine un placage en ch\u00eane lav\u00e9 avec un cadre en m\u00e9tal en laiton bross\u00e9. Deux armoires avec tiroirs et \u00e9tag\u00e8res offrent un grand espace de rangement pour les m\u00e9dias et les accessoires tout en conservant un style moderne.   <\/p>\n","protected":false},"featured_media":189475,"template":"","meta":{"_kad_blocks_custom_css":"","_kad_blocks_head_custom_js":"","_kad_blocks_body_custom_js":"","_kad_blocks_footer_custom_js":"","_kad_post_transparent":"","_kad_post_title":"","_kad_post_layout":"","_kad_post_sidebar_id":"","_kad_post_content_style":"","_kad_post_vertical_padding":"","_kad_post_feature":"","_kad_post_feature_position":"","_kad_post_header":false,"_kad_post_footer":false,"_kad_post_classname":""},"product_brand":[],"product_cat":[1326],"product_tag":[1482],"class_list":{"0":"post-189452","1":"product","2":"type-product","3":"status-publish","4":"has-post-thumbnail","6":"product_cat-cabinets-media","7":"product_tag-vreeland-fr-2","9":"first","10":"instock","11":"taxable","12":"shipping-taxable","13":"product-type-simple","14":"entry","15":"content-bg","16":"loop-entry"},"taxonomy_info":{"product_cat":[{"value":1326,"label":"Meubles Media"}],"product_tag":[{"value":1482,"label":"Vreeland"}]},"featured_image_src_large":["https:\/\/www.avenuedesigncanada.com\/wp-content\/uploads\/2022\/10\/115100_0_1_1-2-1024x1024.jpg",1024,1024,true],"author_info":[],"comment_info":"","_links":{"self":[{"href":"https:\/\/www.avenuedesigncanada.com\/fr\/wp-json\/wp\/v2\/product\/189452","targetHints":{"allow":["GET"]}}],"collection":[{"href":"https:\/\/www.avenuedesigncanada.com\/fr\/wp-json\/wp\/v2\/product"}],"about":[{"href":"https:\/\/www.avenuedesigncanada.com\/fr\/wp-json\/wp\/v2\/types\/product"}],"wp:featuredmedia":[{"embeddable":true,"href":"https:\/\/www.avenuedesigncanada.com\/fr\/wp-json\/wp\/v2\/media\/189475"}],"wp:attachment":[{"href":"https:\/\/www.avenuedesigncanada.com\/fr\/wp-json\/wp\/v2\/media?parent=189452"}],"wp:term":[{"taxonomy":"product_brand","embeddable":true,"href":"https:\/\/www.avenuedesigncanada.com\/fr\/wp-json\/wp\/v2\/product_brand?post=189452"},{"taxonomy":"product_cat","embeddable":true,"href":"https:\/\/www.avenuedesigncanada.com\/fr\/wp-json\/wp\/v2\/product_cat?post=189452"},{"taxonomy":"product_tag","embeddable":true,"href":"https:\/\/www.avenuedesigncanada.com\/fr\/wp-json\/wp\/v2\/product_tag?post=189452"}],"curies":[{"name":"wp","href":"https:\/\/api.w.org\/{rel}","templated":true}]}}