{"id":190308,"date":"2022-10-24T18:36:57","date_gmt":"2022-10-24T22:36:57","guid":{"rendered":"https:\/\/www.avenuedesigncanada.com\/?post_type=product&#038;p=190308"},"modified":"2026-02-11T16:07:36","modified_gmt":"2026-02-11T21:07:36","slug":"table-a-diner-ronde-melchior-blanchi","status":"publish","type":"product","link":"https:\/\/www.avenuedesigncanada.com\/fr\/product\/table-a-diner-ronde-melchior-blanchi\/","title":{"rendered":"Table \u00e0 diner ronde Melchior &#8211; Washed"},"content":{"rendered":"<p><em>La table de salle \u00e0 manger ronde Melchior &#8211; Washed pr\u00e9sente les caract\u00e9ristiques suivantes :<\/em><\/p>\n<p>Plateau en placage de ch\u00eane lav\u00e9<br \/>\nBase en finition laiton bross\u00e9<br \/>\nTable ronde<\/p>\n<p>Vous avez des questions sur ce produit ? Nos concepteurs sont l\u00e0 pour vous aider. Appelez-nous au (514) 340-9351  <\/p>\n","protected":false},"excerpt":{"rendered":"<p>Donnez \u00e0 votre d\u00e9cor l&rsquo;attrait de la modernit\u00e9 du milieu du si\u00e8cle avec la superbe table de salle \u00e0 manger Melchior en placage de ch\u00eane lav\u00e9 qui pr\u00e9sente une base en forme de sablier avec une finition en laiton bross\u00e9. Comme le montre le magnifique motif en chevrons de cette table \u00e0 manger ronde, les placages conviennent parfaitement \u00e0 la marqueterie. Un placage de haute qualit\u00e9 dure plus longtemps que le bois massif qui se d\u00e9forme ou se fissure avec le temps.<\/p>\n","protected":false},"featured_media":190648,"template":"","meta":{"_kad_blocks_custom_css":"","_kad_blocks_head_custom_js":"","_kad_blocks_body_custom_js":"","_kad_blocks_footer_custom_js":"","_kad_post_transparent":"","_kad_post_title":"","_kad_post_layout":"","_kad_post_sidebar_id":"","_kad_post_content_style":"","_kad_post_vertical_padding":"","_kad_post_feature":"","_kad_post_feature_position":"","_kad_post_header":false,"_kad_post_footer":false,"_kad_post_classname":""},"product_brand":[],"product_cat":[1306],"product_tag":[1482],"class_list":{"0":"post-190308","1":"product","2":"type-product","3":"status-publish","4":"has-post-thumbnail","6":"product_cat-tables-de-salle-a-manger","7":"product_tag-vreeland-fr-2","9":"first","10":"instock","11":"taxable","12":"shipping-taxable","13":"product-type-simple","14":"entry","15":"content-bg","16":"loop-entry"},"taxonomy_info":{"product_cat":[{"value":1306,"label":"Tables"}],"product_tag":[{"value":1482,"label":"Vreeland"}]},"featured_image_src_large":["https:\/\/www.avenuedesigncanada.com\/wp-content\/uploads\/2022\/10\/113280-2-1-1024x1024.jpg",1024,1024,true],"author_info":[],"comment_info":"","_links":{"self":[{"href":"https:\/\/www.avenuedesigncanada.com\/fr\/wp-json\/wp\/v2\/product\/190308","targetHints":{"allow":["GET"]}}],"collection":[{"href":"https:\/\/www.avenuedesigncanada.com\/fr\/wp-json\/wp\/v2\/product"}],"about":[{"href":"https:\/\/www.avenuedesigncanada.com\/fr\/wp-json\/wp\/v2\/types\/product"}],"wp:featuredmedia":[{"embeddable":true,"href":"https:\/\/www.avenuedesigncanada.com\/fr\/wp-json\/wp\/v2\/media\/190648"}],"wp:attachment":[{"href":"https:\/\/www.avenuedesigncanada.com\/fr\/wp-json\/wp\/v2\/media?parent=190308"}],"wp:term":[{"taxonomy":"product_brand","embeddable":true,"href":"https:\/\/www.avenuedesigncanada.com\/fr\/wp-json\/wp\/v2\/product_brand?post=190308"},{"taxonomy":"product_cat","embeddable":true,"href":"https:\/\/www.avenuedesigncanada.com\/fr\/wp-json\/wp\/v2\/product_cat?post=190308"},{"taxonomy":"product_tag","embeddable":true,"href":"https:\/\/www.avenuedesigncanada.com\/fr\/wp-json\/wp\/v2\/product_tag?post=190308"}],"curies":[{"name":"wp","href":"https:\/\/api.w.org\/{rel}","templated":true}]}}