{"id":190906,"date":"2022-10-25T08:53:47","date_gmt":"2022-10-25T12:53:47","guid":{"rendered":"https:\/\/www.avenuedesigncanada.com\/?post_type=product&#038;p=190906"},"modified":"2026-02-11T16:07:36","modified_gmt":"2026-02-11T21:07:36","slug":"table-a-diner-melchior-charcoal","status":"publish","type":"product","link":"https:\/\/www.avenuedesigncanada.com\/fr\/product\/table-a-diner-melchior-charcoal\/","title":{"rendered":"Table \u00e0 diner Melchior &#8211; Charcoal"},"content":{"rendered":"<p><em>La table de salle \u00e0 manger Melchior &#8211; Charcoal pr\u00e9sente les caract\u00e9ristiques suivantes :<\/em><\/p>\n<p>Plateau en placage de ch\u00eane anthracite<br \/>\nPieds en m\u00e9tal finition bronze<\/p>\n<p>\u00c9galement disponible en plus grand format : 118.11&Prime; x 45.28&Prime; x 30&Prime;.<\/p>\n<p>Vous avez des questions sur ce produit ? Nos concepteurs sont l\u00e0 pour vous aider. Appelez-nous au (514) 340-9351  <\/p>\n","protected":false},"excerpt":{"rendered":"<p>Rappelant le mobilier design danois des ann\u00e9es 1950, la table \u00e0 manger Melchior conf\u00e8re \u00e0 votre int\u00e9rieur un v\u00e9ritable aspect r\u00e9tro. Le plateau de table en placage de ch\u00eane anthracite pr\u00e9sente un magnifique motif \u00e0 chevrons. Il repose sur une base en m\u00e9tal avec une finition en bronze qui lui permet de s&rsquo;int\u00e9grer facilement dans une vari\u00e9t\u00e9 de d\u00e9cors.<\/p>\n","protected":false},"featured_media":190947,"template":"","meta":{"_kad_blocks_custom_css":"","_kad_blocks_head_custom_js":"","_kad_blocks_body_custom_js":"","_kad_blocks_footer_custom_js":"","_kad_post_transparent":"","_kad_post_title":"","_kad_post_layout":"","_kad_post_sidebar_id":"","_kad_post_content_style":"","_kad_post_vertical_padding":"","_kad_post_feature":"","_kad_post_feature_position":"","_kad_post_header":false,"_kad_post_footer":false,"_kad_post_classname":""},"product_brand":[],"product_cat":[1306],"product_tag":[1482],"class_list":{"0":"post-190906","1":"product","2":"type-product","3":"status-publish","4":"has-post-thumbnail","6":"product_cat-tables-de-salle-a-manger","7":"product_tag-vreeland-fr-2","9":"first","10":"instock","11":"taxable","12":"shipping-taxable","13":"product-type-simple","14":"entry","15":"content-bg","16":"loop-entry"},"taxonomy_info":{"product_cat":[{"value":1306,"label":"Tables"}],"product_tag":[{"value":1482,"label":"Vreeland"}]},"featured_image_src_large":["https:\/\/www.avenuedesigncanada.com\/wp-content\/uploads\/2022\/10\/112222-2-1024x1024.jpg",1024,1024,true],"author_info":[],"comment_info":"","_links":{"self":[{"href":"https:\/\/www.avenuedesigncanada.com\/fr\/wp-json\/wp\/v2\/product\/190906","targetHints":{"allow":["GET"]}}],"collection":[{"href":"https:\/\/www.avenuedesigncanada.com\/fr\/wp-json\/wp\/v2\/product"}],"about":[{"href":"https:\/\/www.avenuedesigncanada.com\/fr\/wp-json\/wp\/v2\/types\/product"}],"wp:featuredmedia":[{"embeddable":true,"href":"https:\/\/www.avenuedesigncanada.com\/fr\/wp-json\/wp\/v2\/media\/190947"}],"wp:attachment":[{"href":"https:\/\/www.avenuedesigncanada.com\/fr\/wp-json\/wp\/v2\/media?parent=190906"}],"wp:term":[{"taxonomy":"product_brand","embeddable":true,"href":"https:\/\/www.avenuedesigncanada.com\/fr\/wp-json\/wp\/v2\/product_brand?post=190906"},{"taxonomy":"product_cat","embeddable":true,"href":"https:\/\/www.avenuedesigncanada.com\/fr\/wp-json\/wp\/v2\/product_cat?post=190906"},{"taxonomy":"product_tag","embeddable":true,"href":"https:\/\/www.avenuedesigncanada.com\/fr\/wp-json\/wp\/v2\/product_tag?post=190906"}],"curies":[{"name":"wp","href":"https:\/\/api.w.org\/{rel}","templated":true}]}}