{"id":192562,"date":"2022-10-26T09:53:49","date_gmt":"2022-10-26T13:53:49","guid":{"rendered":"https:\/\/www.avenuedesigncanada.com\/?post_type=product&#038;p=192562"},"modified":"2026-02-11T16:07:41","modified_gmt":"2026-02-11T21:07:41","slug":"bureau-napa-valley-bronze","status":"publish","type":"product","link":"https:\/\/www.avenuedesigncanada.com\/fr\/product\/bureau-napa-valley-bronze\/","title":{"rendered":"Bureau Napa Valley- Bronze"},"content":{"rendered":"<p><em>Les caract\u00e9ristiques du bureau Napa Valley:<\/em><\/p>\n<p>Placage de ch\u00eane tiss\u00e9<\/p>\n<p>Cadre en m\u00e9tal, fini bronze<\/p>\n<p>Dessus en verre clair<\/p>\n<p>Alliant le style Bauhaus au style moderne du milieu du si\u00e8cle, le bureau Napa Valley pr\u00e9sente une structure \u00e9l\u00e9gante en acier inoxydable, un plateau en verre transparent et un tiroir<\/p>\n<p>Avez-vous des questions \u00e0 propos de ce produit ?<\/p>\n<p>Nos designers sont l\u00e0 pour vous aider.<\/p>\n<p>Appelez-nous au (514) 340-9351<\/p>\n","protected":false},"excerpt":{"rendered":"<p>Le bureau Napa Valley allie \u00e0 la perfection le minimalisme Bauhaus et le raffinement moderne du milieu du si\u00e8cle dernier. Son \u00e9l\u00e9gant cadre m\u00e9tallique au fini bronze soutient un plateau en verre transparent, tandis qu&rsquo;un tiroir en placage de ch\u00eane tress\u00e9 avec une poign\u00e9e en acier inoxydable ajoute une texture subtile et un espace de rangement pratique. Con\u00e7u pour allier \u00e9l\u00e9gance et fonctionnalit\u00e9, ce bureau apporte une touche raffin\u00e9e et remarquable \u00e0 tout bureau \u00e0 domicile ou espace de travail contemporain.<\/p>\n","protected":false},"featured_media":192603,"template":"","meta":{"_kad_blocks_custom_css":"","_kad_blocks_head_custom_js":"","_kad_blocks_body_custom_js":"","_kad_blocks_footer_custom_js":"","_kad_post_transparent":"default","_kad_post_title":"","_kad_post_layout":"default","_kad_post_sidebar_id":"","_kad_post_content_style":"default","_kad_post_vertical_padding":"default","_kad_post_feature":"","_kad_post_feature_position":"","_kad_post_header":false,"_kad_post_footer":false,"_kad_post_classname":""},"product_brand":[],"product_cat":[1310],"product_tag":[1482],"class_list":{"0":"post-192562","1":"product","2":"type-product","3":"status-publish","4":"has-post-thumbnail","6":"product_cat-bureaux","7":"product_tag-vreeland-fr-2","9":"first","10":"instock","11":"taxable","12":"shipping-taxable","13":"product-type-simple","14":"entry","15":"content-bg","16":"loop-entry"},"taxonomy_info":{"product_cat":[{"value":1310,"label":"Bureaux"}],"product_tag":[{"value":1482,"label":"Vreeland"}]},"featured_image_src_large":["https:\/\/www.avenuedesigncanada.com\/wp-content\/uploads\/2022\/10\/113398-2-1024x1024.jpg",1024,1024,true],"author_info":[],"comment_info":"","_links":{"self":[{"href":"https:\/\/www.avenuedesigncanada.com\/fr\/wp-json\/wp\/v2\/product\/192562","targetHints":{"allow":["GET"]}}],"collection":[{"href":"https:\/\/www.avenuedesigncanada.com\/fr\/wp-json\/wp\/v2\/product"}],"about":[{"href":"https:\/\/www.avenuedesigncanada.com\/fr\/wp-json\/wp\/v2\/types\/product"}],"wp:featuredmedia":[{"embeddable":true,"href":"https:\/\/www.avenuedesigncanada.com\/fr\/wp-json\/wp\/v2\/media\/192603"}],"wp:attachment":[{"href":"https:\/\/www.avenuedesigncanada.com\/fr\/wp-json\/wp\/v2\/media?parent=192562"}],"wp:term":[{"taxonomy":"product_brand","embeddable":true,"href":"https:\/\/www.avenuedesigncanada.com\/fr\/wp-json\/wp\/v2\/product_brand?post=192562"},{"taxonomy":"product_cat","embeddable":true,"href":"https:\/\/www.avenuedesigncanada.com\/fr\/wp-json\/wp\/v2\/product_cat?post=192562"},{"taxonomy":"product_tag","embeddable":true,"href":"https:\/\/www.avenuedesigncanada.com\/fr\/wp-json\/wp\/v2\/product_tag?post=192562"}],"curies":[{"name":"wp","href":"https:\/\/api.w.org\/{rel}","templated":true}]}}