{"id":192709,"date":"2022-10-26T10:18:23","date_gmt":"2022-10-26T14:18:23","guid":{"rendered":"https:\/\/www.avenuedesigncanada.com\/?post_type=product&#038;p=192709"},"modified":"2026-02-11T16:07:42","modified_gmt":"2026-02-11T21:07:42","slug":"bureau-napa-valley-laiton-brosse","status":"publish","type":"product","link":"https:\/\/www.avenuedesigncanada.com\/fr\/product\/bureau-napa-valley-laiton-brosse\/","title":{"rendered":"Bureau Napa Valley &#8211; Laiton bross\u00e9"},"content":{"rendered":"<p><em>Les caract\u00e9ristiques du bureau Napa Valley:<\/em><\/p>\n<p>Placages de ch\u00eane blanchi tiss\u00e9<\/p>\n<p>Cadre en m\u00e9tal, fini laition bross\u00e9<\/p>\n<p>Dessus en verre clair<\/p>\n<p>Alliant le style Bauhaus \u00e0 un look moderne du milieu du si\u00e8cle, le bureau Napa Valley pr\u00e9sente un cadre \u00e9pur\u00e9 avec une finition en laiton bross\u00e9, un plateau en verre transparent et un tiroir en placage de ch\u00eane blanchi tiss\u00e9.<\/p>\n<p>Avez-vous des questions \u00e0 propos de ce produit ?<\/p>\n<p>Nos designers sont l\u00e0 pour vous aider.<\/p>\n<p>Appelez-nous au (514) 340-9351<\/p>\n","protected":false},"excerpt":{"rendered":"<p>Le bureau Napa Valley allie la pr\u00e9cision du Bauhaus \u00e0 l&rsquo;\u00e9l\u00e9gance du style moderne du milieu du si\u00e8cle. Dot\u00e9 d&rsquo;une structure m\u00e9tallique en laiton bross\u00e9 \u00e9l\u00e9gante, d&rsquo;un plateau en verre transparent et d&rsquo;un tiroir en placage de ch\u00eane lav\u00e9 tiss\u00e9, ce bureau allie style et fonctionnalit\u00e9. Son design raffin\u00e9 en fait une pi\u00e8ce ma\u00eetresse remarquable pour tout bureau \u00e0 domicile ou espace de travail, alliant l\u00e9g\u00e8ret\u00e9 visuelle et rangement pratique.<\/p>\n","protected":false},"featured_media":192597,"template":"","meta":{"_kad_blocks_custom_css":"","_kad_blocks_head_custom_js":"","_kad_blocks_body_custom_js":"","_kad_blocks_footer_custom_js":"","_kad_post_transparent":"default","_kad_post_title":"","_kad_post_layout":"default","_kad_post_sidebar_id":"","_kad_post_content_style":"default","_kad_post_vertical_padding":"default","_kad_post_feature":"","_kad_post_feature_position":"","_kad_post_header":false,"_kad_post_footer":false,"_kad_post_classname":""},"product_brand":[],"product_cat":[1310],"product_tag":[1482],"class_list":{"0":"post-192709","1":"product","2":"type-product","3":"status-publish","4":"has-post-thumbnail","6":"product_cat-bureaux","7":"product_tag-vreeland-fr-2","9":"first","10":"instock","11":"taxable","12":"shipping-taxable","13":"product-type-simple","14":"entry","15":"content-bg","16":"loop-entry"},"taxonomy_info":{"product_cat":[{"value":1310,"label":"Bureaux"}],"product_tag":[{"value":1482,"label":"Vreeland"}]},"featured_image_src_large":["https:\/\/www.avenuedesigncanada.com\/wp-content\/uploads\/2022\/10\/114780_0_1_1-3-1024x1024.jpg",1024,1024,true],"author_info":[],"comment_info":"","_links":{"self":[{"href":"https:\/\/www.avenuedesigncanada.com\/fr\/wp-json\/wp\/v2\/product\/192709","targetHints":{"allow":["GET"]}}],"collection":[{"href":"https:\/\/www.avenuedesigncanada.com\/fr\/wp-json\/wp\/v2\/product"}],"about":[{"href":"https:\/\/www.avenuedesigncanada.com\/fr\/wp-json\/wp\/v2\/types\/product"}],"wp:featuredmedia":[{"embeddable":true,"href":"https:\/\/www.avenuedesigncanada.com\/fr\/wp-json\/wp\/v2\/media\/192597"}],"wp:attachment":[{"href":"https:\/\/www.avenuedesigncanada.com\/fr\/wp-json\/wp\/v2\/media?parent=192709"}],"wp:term":[{"taxonomy":"product_brand","embeddable":true,"href":"https:\/\/www.avenuedesigncanada.com\/fr\/wp-json\/wp\/v2\/product_brand?post=192709"},{"taxonomy":"product_cat","embeddable":true,"href":"https:\/\/www.avenuedesigncanada.com\/fr\/wp-json\/wp\/v2\/product_cat?post=192709"},{"taxonomy":"product_tag","embeddable":true,"href":"https:\/\/www.avenuedesigncanada.com\/fr\/wp-json\/wp\/v2\/product_tag?post=192709"}],"curies":[{"name":"wp","href":"https:\/\/api.w.org\/{rel}","templated":true}]}}