{"id":193140,"date":"2022-10-27T09:17:59","date_gmt":"2022-10-27T13:17:59","guid":{"rendered":"https:\/\/www.avenuedesigncanada.com\/?post_type=product&#038;p=193140"},"modified":"2026-02-11T16:07:43","modified_gmt":"2026-02-11T21:07:43","slug":"credence-napa-valley-laiton-brosse","status":"publish","type":"product","link":"https:\/\/www.avenuedesigncanada.com\/fr\/product\/credence-napa-valley-laiton-brosse\/","title":{"rendered":"Cr\u00e9dence Napa Valley &#8211; Laiton bross\u00e9"},"content":{"rendered":"<p><em>La cr\u00e9dence Napa Valley pr\u00e9sente les caract\u00e9ristiques suivantes :<\/em><br \/>\nPlacage de ch\u00eane lav\u00e9 tiss\u00e9<br \/>\nCadre au fini laiton bross\u00e9<\/p>\n<p>Vous avez des questions sur ce produit ? Nos concepteurs sont l\u00e0 pour vous aider. Appelez-nous au (514) 340-9351  <\/p>\n","protected":false},"excerpt":{"rendered":"<p>Alliant le style Bauhaus au style moderne du milieu du si\u00e8cle, la commode Napa Valley pr\u00e9sente un cadre \u00e9l\u00e9gant en laiton bross\u00e9. Il est recouvert d&rsquo;un placage de ch\u00eane lav\u00e9 tiss\u00e9 et contient 4 portes et un tiroir avec poign\u00e9e fini laiton bross\u00e9.<\/p>\n","protected":false},"featured_media":193063,"template":"","meta":{"_kad_blocks_custom_css":"","_kad_blocks_head_custom_js":"","_kad_blocks_body_custom_js":"","_kad_blocks_footer_custom_js":"","_kad_post_transparent":"","_kad_post_title":"","_kad_post_layout":"","_kad_post_sidebar_id":"","_kad_post_content_style":"","_kad_post_vertical_padding":"","_kad_post_feature":"","_kad_post_feature_position":"","_kad_post_header":false,"_kad_post_footer":false,"_kad_post_classname":""},"product_brand":[],"product_cat":[1303],"product_tag":[1482],"class_list":{"0":"post-193140","1":"product","2":"type-product","3":"status-publish","4":"has-post-thumbnail","6":"product_cat-buffets","7":"product_tag-vreeland-fr-2","9":"first","10":"instock","11":"taxable","12":"shipping-taxable","13":"product-type-simple","14":"entry","15":"content-bg","16":"loop-entry"},"taxonomy_info":{"product_cat":[{"value":1303,"label":"Buffets"}],"product_tag":[{"value":1482,"label":"Vreeland"}]},"featured_image_src_large":["https:\/\/www.avenuedesigncanada.com\/wp-content\/uploads\/2022\/10\/114778_0_1_1-2-1024x1024.jpg",1024,1024,true],"author_info":[],"comment_info":"","_links":{"self":[{"href":"https:\/\/www.avenuedesigncanada.com\/fr\/wp-json\/wp\/v2\/product\/193140","targetHints":{"allow":["GET"]}}],"collection":[{"href":"https:\/\/www.avenuedesigncanada.com\/fr\/wp-json\/wp\/v2\/product"}],"about":[{"href":"https:\/\/www.avenuedesigncanada.com\/fr\/wp-json\/wp\/v2\/types\/product"}],"wp:featuredmedia":[{"embeddable":true,"href":"https:\/\/www.avenuedesigncanada.com\/fr\/wp-json\/wp\/v2\/media\/193063"}],"wp:attachment":[{"href":"https:\/\/www.avenuedesigncanada.com\/fr\/wp-json\/wp\/v2\/media?parent=193140"}],"wp:term":[{"taxonomy":"product_brand","embeddable":true,"href":"https:\/\/www.avenuedesigncanada.com\/fr\/wp-json\/wp\/v2\/product_brand?post=193140"},{"taxonomy":"product_cat","embeddable":true,"href":"https:\/\/www.avenuedesigncanada.com\/fr\/wp-json\/wp\/v2\/product_cat?post=193140"},{"taxonomy":"product_tag","embeddable":true,"href":"https:\/\/www.avenuedesigncanada.com\/fr\/wp-json\/wp\/v2\/product_tag?post=193140"}],"curies":[{"name":"wp","href":"https:\/\/api.w.org\/{rel}","templated":true}]}}