{"id":193453,"date":"2022-10-27T10:55:30","date_gmt":"2022-10-27T14:55:30","guid":{"rendered":"https:\/\/www.avenuedesigncanada.com\/?post_type=product&#038;p=193453"},"modified":"2026-02-11T16:07:44","modified_gmt":"2026-02-11T21:07:44","slug":"table-de-chevet-napa-valley-laiton-brosse","status":"publish","type":"product","link":"https:\/\/www.avenuedesigncanada.com\/fr\/product\/table-de-chevet-napa-valley-laiton-brosse\/","title":{"rendered":"Table de chevet Napa Valley &#8211; Brushed Brass"},"content":{"rendered":"<p><em>La table de chevet Napa Valley pr\u00e9sente les caract\u00e9ristiques suivantes :<\/em><br \/>\nPlacage en ch\u00eane lav\u00e9 tiss\u00e9<br \/>\nCadre en finition laiton bross\u00e9<br \/>\nPlateau en verre transparent<br \/>\nDesign de chevet a\u00e9r\u00e9 et \u00e9l\u00e9gant<\/p>\n<p>Avez-vous des questions \u00e0 propos de ce produit ? Nos designers sont l\u00e0 pour vous aider.  Appelez-nous au (514) 340-9351<\/p>\n","protected":false},"excerpt":{"rendered":"<p>Alliant le style Bauhaus \u00e0 un look moderne du milieu du si\u00e8cle, la table d&rsquo;appoint effil\u00e9e Napa Valley pr\u00e9sente un cadre \u00e9l\u00e9gant en laiton bross\u00e9, un plateau en verre transparent et une pi\u00e8ce centrale en forme de tambour doubl\u00e9e d&rsquo;un placage en ch\u00eane lav\u00e9 tress\u00e9, contenant un tiroir avec une poign\u00e9e en laiton bross\u00e9.<\/p>\n","protected":false},"featured_media":193446,"template":"","meta":{"_kad_blocks_custom_css":"","_kad_blocks_head_custom_js":"","_kad_blocks_body_custom_js":"","_kad_blocks_footer_custom_js":"","_kad_post_transparent":"","_kad_post_title":"","_kad_post_layout":"","_kad_post_sidebar_id":"","_kad_post_content_style":"","_kad_post_vertical_padding":"","_kad_post_feature":"","_kad_post_feature_position":"","_kad_post_header":false,"_kad_post_footer":false,"_kad_post_classname":""},"product_brand":[],"product_cat":[1299],"product_tag":[1482],"class_list":{"0":"post-193453","1":"product","2":"type-product","3":"status-publish","4":"has-post-thumbnail","6":"product_cat-tables-de-nuit","7":"product_tag-vreeland-fr-2","9":"first","10":"instock","11":"taxable","12":"shipping-taxable","13":"product-type-simple","14":"entry","15":"content-bg","16":"loop-entry"},"taxonomy_info":{"product_cat":[{"value":1299,"label":"Tables de chevet"}],"product_tag":[{"value":1482,"label":"Vreeland"}]},"featured_image_src_large":["https:\/\/www.avenuedesigncanada.com\/wp-content\/uploads\/2022\/10\/114776_0_1_1-1024x1020.jpg",1024,1020,true],"author_info":[],"comment_info":"","_links":{"self":[{"href":"https:\/\/www.avenuedesigncanada.com\/fr\/wp-json\/wp\/v2\/product\/193453","targetHints":{"allow":["GET"]}}],"collection":[{"href":"https:\/\/www.avenuedesigncanada.com\/fr\/wp-json\/wp\/v2\/product"}],"about":[{"href":"https:\/\/www.avenuedesigncanada.com\/fr\/wp-json\/wp\/v2\/types\/product"}],"wp:featuredmedia":[{"embeddable":true,"href":"https:\/\/www.avenuedesigncanada.com\/fr\/wp-json\/wp\/v2\/media\/193446"}],"wp:attachment":[{"href":"https:\/\/www.avenuedesigncanada.com\/fr\/wp-json\/wp\/v2\/media?parent=193453"}],"wp:term":[{"taxonomy":"product_brand","embeddable":true,"href":"https:\/\/www.avenuedesigncanada.com\/fr\/wp-json\/wp\/v2\/product_brand?post=193453"},{"taxonomy":"product_cat","embeddable":true,"href":"https:\/\/www.avenuedesigncanada.com\/fr\/wp-json\/wp\/v2\/product_cat?post=193453"},{"taxonomy":"product_tag","embeddable":true,"href":"https:\/\/www.avenuedesigncanada.com\/fr\/wp-json\/wp\/v2\/product_tag?post=193453"}],"curies":[{"name":"wp","href":"https:\/\/api.w.org\/{rel}","templated":true}]}}