{"id":193514,"date":"2022-10-27T11:54:31","date_gmt":"2022-10-27T15:54:31","guid":{"rendered":"https:\/\/www.avenuedesigncanada.com\/product\/clipper-low-side-table-black-marble\/"},"modified":"2026-02-11T16:07:44","modified_gmt":"2026-02-11T21:07:44","slug":"table-de-bout-clipper-marbre-noir","status":"publish","type":"product","link":"https:\/\/www.avenuedesigncanada.com\/fr\/product\/table-de-bout-clipper-marbre-noir\/","title":{"rendered":"Table de bout Clipper &#8211; Marbre noir"},"content":{"rendered":"<p><em>La table d&rsquo;appoint basse Clipper pr\u00e9sente les caract\u00e9ristiques suivantes :<\/em><br \/>\nMarbre noir adouci<\/p>\n<p>Avez-vous des questions \u00e0 propos de ce produit ? Nos designers sont l\u00e0 pour vous aider.  Appelez-nous au (514) 340-9351<\/p>\n","protected":false},"excerpt":{"rendered":"<p>Vous avez besoin d&rsquo;un peu plus d&rsquo;espace de rangement avec un look \u00e9l\u00e9gant ? D&rsquo;un style moderne du milieu du si\u00e8cle, la table d&rsquo;appoint Clipper offre un espace de rangement g\u00e9n\u00e9reux sous son plateau rond \u00e0 bord relev\u00e9. Elle est enti\u00e8rement r\u00e9alis\u00e9e \u00e0 partir d&rsquo;une seule pi\u00e8ce de marbre noir massif, ce qui rend chaque pi\u00e8ce unique. La finition polie donne \u00e0 la pierre un bel aspect mat et un toucher velout\u00e9. Combinez avec la table d&rsquo;appoint haute Clipper pour un grand noo de plantes.<\/p>\n","protected":false},"featured_media":193500,"template":"","meta":{"_kad_blocks_custom_css":"","_kad_blocks_head_custom_js":"","_kad_blocks_body_custom_js":"","_kad_blocks_footer_custom_js":"","_kad_post_transparent":"","_kad_post_title":"","_kad_post_layout":"","_kad_post_sidebar_id":"","_kad_post_content_style":"","_kad_post_vertical_padding":"","_kad_post_feature":"","_kad_post_feature_position":"","_kad_post_header":false,"_kad_post_footer":false,"_kad_post_classname":""},"product_brand":[],"product_cat":[1323],"product_tag":[1482],"class_list":{"0":"post-193514","1":"product","2":"type-product","3":"status-publish","4":"has-post-thumbnail","6":"product_cat-salon-tables-dappoint","7":"product_tag-vreeland-fr-2","9":"first","10":"instock","11":"taxable","12":"shipping-taxable","13":"product-type-simple","14":"entry","15":"content-bg","16":"loop-entry"},"taxonomy_info":{"product_cat":[{"value":1323,"label":"Tables d'appoint"}],"product_tag":[{"value":1482,"label":"Vreeland"}]},"featured_image_src_large":["https:\/\/www.avenuedesigncanada.com\/wp-content\/uploads\/2022\/10\/115368_2_1_1-2-1024x1024.jpg",1024,1024,true],"author_info":[],"comment_info":"","_links":{"self":[{"href":"https:\/\/www.avenuedesigncanada.com\/fr\/wp-json\/wp\/v2\/product\/193514","targetHints":{"allow":["GET"]}}],"collection":[{"href":"https:\/\/www.avenuedesigncanada.com\/fr\/wp-json\/wp\/v2\/product"}],"about":[{"href":"https:\/\/www.avenuedesigncanada.com\/fr\/wp-json\/wp\/v2\/types\/product"}],"wp:featuredmedia":[{"embeddable":true,"href":"https:\/\/www.avenuedesigncanada.com\/fr\/wp-json\/wp\/v2\/media\/193500"}],"wp:attachment":[{"href":"https:\/\/www.avenuedesigncanada.com\/fr\/wp-json\/wp\/v2\/media?parent=193514"}],"wp:term":[{"taxonomy":"product_brand","embeddable":true,"href":"https:\/\/www.avenuedesigncanada.com\/fr\/wp-json\/wp\/v2\/product_brand?post=193514"},{"taxonomy":"product_cat","embeddable":true,"href":"https:\/\/www.avenuedesigncanada.com\/fr\/wp-json\/wp\/v2\/product_cat?post=193514"},{"taxonomy":"product_tag","embeddable":true,"href":"https:\/\/www.avenuedesigncanada.com\/fr\/wp-json\/wp\/v2\/product_tag?post=193514"}],"curies":[{"name":"wp","href":"https:\/\/api.w.org\/{rel}","templated":true}]}}