{"id":194315,"date":"2022-10-31T13:30:34","date_gmt":"2022-10-31T17:30:34","guid":{"rendered":"https:\/\/www.avenuedesigncanada.com\/?post_type=product&#038;p=194315"},"modified":"2026-02-11T16:07:48","modified_gmt":"2026-02-11T21:07:48","slug":"fauteuil-olsen","status":"publish","type":"product","link":"https:\/\/www.avenuedesigncanada.com\/fr\/product\/fauteuil-olsen\/","title":{"rendered":"Fauteuil Olsen"},"content":{"rendered":"<p><em>La Olsen Chair comprend:<\/em><\/p>\n<p>Boucl\u00e9 Cream fabric<br \/>\nBrushed brass finish frame<\/p>\n<p>Vous avez des questions sur ce produit ?<br \/>\nNos designers sont l\u00e0 pour vous aider.<br \/>\nAppelez-nous au (514) 340-9351<\/p>\n","protected":false},"excerpt":{"rendered":"<p>Reclined for ultimate comfort, the Olsen Chair will turn relaxing into your favorite pastime. \u00c0 la fois mince et solide, le cadre en finition laiton bross\u00e9 ajoute une touche industrielle \u00e0 l&rsquo;assise aux formes courbes. Son rembourrage g\u00e9n\u00e9reux cr\u00e9e un coussin accueillant et moelleux tandis que le rev\u00eatement boucl\u00e9 durable de couleur cr\u00e8me lui conf\u00e8re un confort douillet.<\/p>\n<p>&nbsp;<\/p>\n","protected":false},"featured_media":194321,"template":"","meta":{"_kad_blocks_custom_css":"","_kad_blocks_head_custom_js":"","_kad_blocks_body_custom_js":"","_kad_blocks_footer_custom_js":"","_kad_post_transparent":"","_kad_post_title":"","_kad_post_layout":"","_kad_post_sidebar_id":"","_kad_post_content_style":"","_kad_post_vertical_padding":"","_kad_post_feature":"","_kad_post_feature_position":"","_kad_post_header":false,"_kad_post_footer":false,"_kad_post_classname":""},"product_brand":[],"product_cat":[1320],"product_tag":[1482],"class_list":{"0":"post-194315","1":"product","2":"type-product","3":"status-publish","4":"has-post-thumbnail","6":"product_cat-fauteuils","7":"product_tag-vreeland-fr-2","9":"first","10":"instock","11":"taxable","12":"shipping-taxable","13":"product-type-simple","14":"entry","15":"content-bg","16":"loop-entry"},"taxonomy_info":{"product_cat":[{"value":1320,"label":"Fauteuils"}],"product_tag":[{"value":1482,"label":"Vreeland"}]},"featured_image_src_large":["https:\/\/www.avenuedesigncanada.com\/wp-content\/uploads\/2022\/10\/A115043_2_1_1-2-1024x1024.jpg",1024,1024,true],"author_info":[],"comment_info":"","_links":{"self":[{"href":"https:\/\/www.avenuedesigncanada.com\/fr\/wp-json\/wp\/v2\/product\/194315","targetHints":{"allow":["GET"]}}],"collection":[{"href":"https:\/\/www.avenuedesigncanada.com\/fr\/wp-json\/wp\/v2\/product"}],"about":[{"href":"https:\/\/www.avenuedesigncanada.com\/fr\/wp-json\/wp\/v2\/types\/product"}],"wp:featuredmedia":[{"embeddable":true,"href":"https:\/\/www.avenuedesigncanada.com\/fr\/wp-json\/wp\/v2\/media\/194321"}],"wp:attachment":[{"href":"https:\/\/www.avenuedesigncanada.com\/fr\/wp-json\/wp\/v2\/media?parent=194315"}],"wp:term":[{"taxonomy":"product_brand","embeddable":true,"href":"https:\/\/www.avenuedesigncanada.com\/fr\/wp-json\/wp\/v2\/product_brand?post=194315"},{"taxonomy":"product_cat","embeddable":true,"href":"https:\/\/www.avenuedesigncanada.com\/fr\/wp-json\/wp\/v2\/product_cat?post=194315"},{"taxonomy":"product_tag","embeddable":true,"href":"https:\/\/www.avenuedesigncanada.com\/fr\/wp-json\/wp\/v2\/product_tag?post=194315"}],"curies":[{"name":"wp","href":"https:\/\/api.w.org\/{rel}","templated":true}]}}