{"id":194532,"date":"2022-11-01T10:31:36","date_gmt":"2022-11-01T14:31:36","guid":{"rendered":"https:\/\/www.avenuedesigncanada.com\/product\/highland-desk\/"},"modified":"2026-02-11T16:07:49","modified_gmt":"2026-02-11T21:07:49","slug":"bureau-highland","status":"publish","type":"product","link":"https:\/\/www.avenuedesigncanada.com\/fr\/product\/bureau-highland\/","title":{"rendered":"Bureau Highland"},"content":{"rendered":"<p><em>Caract\u00e9ristiques du Bureau Highland:<\/em><\/p>\n<p>Placages de bois de ch\u00eane blanchi<\/p>\n<p>Cadre en laiton bross\u00e9<\/p>\n<p>Le bureau Highland, en placage de ch\u00eane blanchi, est un superbe bureau \u00e9pur\u00e9 au design r\u00e9tro avec un tiroir pos\u00e9 sur un cadre m\u00e9tallique avec une finition en laiton bross\u00e9.<\/p>\n<p>Avez-vous des questions \u00e0 propos de ce produit ?<\/p>\n<p>Nos designers sont l\u00e0 pour vous aider.<\/p>\n<p>Appelez-nous au (514) 340-9351<\/p>\n","protected":false},"excerpt":{"rendered":"<p>Le bureau Highland allie un design d&rsquo;inspiration r\u00e9tro \u00e0 une \u00e9l\u00e9gance moderne. Fabriqu\u00e9 en placage de ch\u00eane d\u00e9lav\u00e9, il est dot\u00e9 d&rsquo;un plateau \u00e9pur\u00e9 et d&rsquo;un ensemble de tiroirs pratiques, le tout soutenu par un cadre m\u00e9tallique \u00e9l\u00e9gant au fini laiton bross\u00e9. Parfait comme bureau ou espace de travail styl\u00e9, le bureau Highland apporte chaleur, sophistication et charme fonctionnel \u00e0 tout int\u00e9rieur.<\/p>\n","protected":false},"featured_media":194528,"template":"","meta":{"_kad_blocks_custom_css":"","_kad_blocks_head_custom_js":"","_kad_blocks_body_custom_js":"","_kad_blocks_footer_custom_js":"","_kad_post_transparent":"default","_kad_post_title":"","_kad_post_layout":"default","_kad_post_sidebar_id":"","_kad_post_content_style":"default","_kad_post_vertical_padding":"default","_kad_post_feature":"","_kad_post_feature_position":"","_kad_post_header":false,"_kad_post_footer":false,"_kad_post_classname":""},"product_brand":[],"product_cat":[1310],"product_tag":[1482],"class_list":{"0":"post-194532","1":"product","2":"type-product","3":"status-publish","4":"has-post-thumbnail","6":"product_cat-bureaux","7":"product_tag-vreeland-fr-2","9":"first","10":"instock","11":"taxable","12":"shipping-taxable","13":"product-type-simple","14":"entry","15":"content-bg","16":"loop-entry"},"taxonomy_info":{"product_cat":[{"value":1310,"label":"Bureaux"}],"product_tag":[{"value":1482,"label":"Vreeland"}]},"featured_image_src_large":["https:\/\/www.avenuedesigncanada.com\/wp-content\/uploads\/2022\/11\/111457-2-1024x1024.jpg",1024,1024,true],"author_info":[],"comment_info":"","_links":{"self":[{"href":"https:\/\/www.avenuedesigncanada.com\/fr\/wp-json\/wp\/v2\/product\/194532","targetHints":{"allow":["GET"]}}],"collection":[{"href":"https:\/\/www.avenuedesigncanada.com\/fr\/wp-json\/wp\/v2\/product"}],"about":[{"href":"https:\/\/www.avenuedesigncanada.com\/fr\/wp-json\/wp\/v2\/types\/product"}],"wp:featuredmedia":[{"embeddable":true,"href":"https:\/\/www.avenuedesigncanada.com\/fr\/wp-json\/wp\/v2\/media\/194528"}],"wp:attachment":[{"href":"https:\/\/www.avenuedesigncanada.com\/fr\/wp-json\/wp\/v2\/media?parent=194532"}],"wp:term":[{"taxonomy":"product_brand","embeddable":true,"href":"https:\/\/www.avenuedesigncanada.com\/fr\/wp-json\/wp\/v2\/product_brand?post=194532"},{"taxonomy":"product_cat","embeddable":true,"href":"https:\/\/www.avenuedesigncanada.com\/fr\/wp-json\/wp\/v2\/product_cat?post=194532"},{"taxonomy":"product_tag","embeddable":true,"href":"https:\/\/www.avenuedesigncanada.com\/fr\/wp-json\/wp\/v2\/product_tag?post=194532"}],"curies":[{"name":"wp","href":"https:\/\/api.w.org\/{rel}","templated":true}]}}