{"id":194617,"date":"2022-11-01T13:13:03","date_gmt":"2022-11-01T17:13:03","guid":{"rendered":"https:\/\/www.avenuedesigncanada.com\/?post_type=product&#038;p=194617"},"modified":"2026-02-11T16:07:50","modified_gmt":"2026-02-11T21:07:50","slug":"table-terzo-ronde","status":"publish","type":"product","link":"https:\/\/www.avenuedesigncanada.com\/fr\/product\/table-terzo-ronde\/","title":{"rendered":"Table \u00e0 diner  &#8211; Ronde"},"content":{"rendered":"<p><em>La table ronde Terzo pr\u00e9sente les caract\u00e9ristiques suivantes :<\/em><\/p>\n<p>Dessus en c\u00e9ramique aspect marbre<br \/>\nBase en finition laiton bross\u00e9<br \/>\nDesign compact et rond adapt\u00e9 \u00e0 diff\u00e9rents espaces<\/p>\n<p>Vous avez des questions sur ce produit ? Nos concepteurs sont l\u00e0 pour vous aider. Appelez-nous au (514) 340-9351  <\/p>\n","protected":false},"excerpt":{"rendered":"<p>La table ronde Terzo est un m\u00e9lange frappant d&rsquo;\u00e9l\u00e9gance et de praticit\u00e9. Son plateau en c\u00e9ramique aspect marbre respire le luxe tout en \u00e9tant facile \u00e0 entretenir, et la base en finition laiton bross\u00e9 ajoute une touche chaleureuse et sophistiqu\u00e9e. Son design compact et rond lui permet de s&rsquo;adapter \u00e0 de nombreux espaces, qu&rsquo;il s&rsquo;agisse d&rsquo;une salle \u00e0 manger intime ou d&rsquo;un coin douillet.  <\/p>\n","protected":false},"featured_media":194622,"template":"","meta":{"_kad_blocks_custom_css":"","_kad_blocks_head_custom_js":"","_kad_blocks_body_custom_js":"","_kad_blocks_footer_custom_js":"","_kad_post_transparent":"","_kad_post_title":"","_kad_post_layout":"","_kad_post_sidebar_id":"","_kad_post_content_style":"","_kad_post_vertical_padding":"","_kad_post_feature":"","_kad_post_feature_position":"","_kad_post_header":false,"_kad_post_footer":false,"_kad_post_classname":""},"product_brand":[],"product_cat":[1306],"product_tag":[1482],"class_list":{"0":"post-194617","1":"product","2":"type-product","3":"status-publish","4":"has-post-thumbnail","6":"product_cat-tables-de-salle-a-manger","7":"product_tag-vreeland-fr-2","9":"first","10":"instock","11":"taxable","12":"shipping-taxable","13":"product-type-simple","14":"entry","15":"content-bg","16":"loop-entry"},"taxonomy_info":{"product_cat":[{"value":1306,"label":"Tables"}],"product_tag":[{"value":1482,"label":"Vreeland"}]},"featured_image_src_large":["https:\/\/www.avenuedesigncanada.com\/wp-content\/uploads\/2022\/11\/115555_0_1_1-2-1024x1024.jpg",1024,1024,true],"author_info":[],"comment_info":"","_links":{"self":[{"href":"https:\/\/www.avenuedesigncanada.com\/fr\/wp-json\/wp\/v2\/product\/194617","targetHints":{"allow":["GET"]}}],"collection":[{"href":"https:\/\/www.avenuedesigncanada.com\/fr\/wp-json\/wp\/v2\/product"}],"about":[{"href":"https:\/\/www.avenuedesigncanada.com\/fr\/wp-json\/wp\/v2\/types\/product"}],"wp:featuredmedia":[{"embeddable":true,"href":"https:\/\/www.avenuedesigncanada.com\/fr\/wp-json\/wp\/v2\/media\/194622"}],"wp:attachment":[{"href":"https:\/\/www.avenuedesigncanada.com\/fr\/wp-json\/wp\/v2\/media?parent=194617"}],"wp:term":[{"taxonomy":"product_brand","embeddable":true,"href":"https:\/\/www.avenuedesigncanada.com\/fr\/wp-json\/wp\/v2\/product_brand?post=194617"},{"taxonomy":"product_cat","embeddable":true,"href":"https:\/\/www.avenuedesigncanada.com\/fr\/wp-json\/wp\/v2\/product_cat?post=194617"},{"taxonomy":"product_tag","embeddable":true,"href":"https:\/\/www.avenuedesigncanada.com\/fr\/wp-json\/wp\/v2\/product_tag?post=194617"}],"curies":[{"name":"wp","href":"https:\/\/api.w.org\/{rel}","templated":true}]}}