{"id":202669,"date":"2023-02-10T11:40:26","date_gmt":"2023-02-10T16:40:26","guid":{"rendered":"https:\/\/www.avenuedesigncanada.com\/?post_type=product&#038;p=202669"},"modified":"2026-02-11T16:07:54","modified_gmt":"2026-02-11T21:07:54","slug":"tabouret-de-comptoir-solaria","status":"publish","type":"product","link":"https:\/\/www.avenuedesigncanada.com\/fr\/product\/tabouret-de-comptoir-solaria\/","title":{"rendered":"Tabouret de comptoir Solaria"},"content":{"rendered":"<p><em>Le tabouret de comptoir Solaria pr\u00e9sente les caract\u00e9ristiques suivantes :<\/em><br \/>\nFabriqu\u00e9 \u00e0 partir de solides de fr\u00eane coup\u00e9 en quatre et de placages de ch\u00eane blanc, ce tabouret de comptoir pr\u00e9sente un gracieux dossier arqu\u00e9 dans un chaleureux fini Dune. Le si\u00e8ge rembourr\u00e9 offre un confort d\u00e9contract\u00e9, tandis qu&rsquo;une plaque de pied en nickel brillant et des patins de plancher compl\u00e8tent le design raffin\u00e9. <\/p>\n<p>Avez-vous des questions \u00e0 propos de ce produit ?<br \/>\nNos designers sont l\u00e0 pour vous aider. Appelez-nous au (514) 340-9351<\/p>\n","protected":false},"excerpt":{"rendered":"<p>Le profil sans fioriture du tabouret de bar Solaria permet de mettre en valeur la qualit\u00e9 irr\u00e9prochable de sa fabrication. Un beau dossier arqu\u00e9 est cr\u00e9\u00e9 \u00e0 partir de placages de ch\u00eane blanc, tandis que le cadre est constitu\u00e9 de bois massif de fr\u00eane, tous deux en finition Dune. Le si\u00e8ge rembourr\u00e9 offre un confort tout en pr\u00e9servant le caract\u00e8re silencieux du design.<\/p>\n","protected":false},"featured_media":220323,"template":"","meta":{"_kad_blocks_custom_css":"","_kad_blocks_head_custom_js":"","_kad_blocks_body_custom_js":"","_kad_blocks_footer_custom_js":"","_kad_post_transparent":"","_kad_post_title":"","_kad_post_layout":"","_kad_post_sidebar_id":"","_kad_post_content_style":"","_kad_post_vertical_padding":"","_kad_post_feature":"","_kad_post_feature_position":"","_kad_post_header":false,"_kad_post_footer":false,"_kad_post_classname":""},"product_brand":[],"product_cat":[1305],"product_tag":[1844],"class_list":{"0":"post-202669","1":"product","2":"type-product","3":"status-publish","4":"has-post-thumbnail","6":"product_cat-tabourets","7":"product_tag-barcelona-cg-fr-2","9":"first","10":"instock","11":"taxable","12":"shipping-taxable","13":"product-type-simple","14":"entry","15":"content-bg","16":"loop-entry"},"taxonomy_info":{"product_cat":[{"value":1305,"label":"Tabourets"}],"product_tag":[{"value":1844,"label":"BARCELONA - CG"}]},"featured_image_src_large":["https:\/\/www.avenuedesigncanada.com\/wp-content\/uploads\/2022\/11\/310587_103-1024x1024.jpg",1024,1024,true],"author_info":[],"comment_info":"","_links":{"self":[{"href":"https:\/\/www.avenuedesigncanada.com\/fr\/wp-json\/wp\/v2\/product\/202669","targetHints":{"allow":["GET"]}}],"collection":[{"href":"https:\/\/www.avenuedesigncanada.com\/fr\/wp-json\/wp\/v2\/product"}],"about":[{"href":"https:\/\/www.avenuedesigncanada.com\/fr\/wp-json\/wp\/v2\/types\/product"}],"wp:featuredmedia":[{"embeddable":true,"href":"https:\/\/www.avenuedesigncanada.com\/fr\/wp-json\/wp\/v2\/media\/220323"}],"wp:attachment":[{"href":"https:\/\/www.avenuedesigncanada.com\/fr\/wp-json\/wp\/v2\/media?parent=202669"}],"wp:term":[{"taxonomy":"product_brand","embeddable":true,"href":"https:\/\/www.avenuedesigncanada.com\/fr\/wp-json\/wp\/v2\/product_brand?post=202669"},{"taxonomy":"product_cat","embeddable":true,"href":"https:\/\/www.avenuedesigncanada.com\/fr\/wp-json\/wp\/v2\/product_cat?post=202669"},{"taxonomy":"product_tag","embeddable":true,"href":"https:\/\/www.avenuedesigncanada.com\/fr\/wp-json\/wp\/v2\/product_tag?post=202669"}],"curies":[{"name":"wp","href":"https:\/\/api.w.org\/{rel}","templated":true}]}}