{"id":211686,"date":"2023-01-09T21:18:03","date_gmt":"2023-01-10T02:18:03","guid":{"rendered":"https:\/\/www.avenuedesigncanada.com\/?post_type=product&#038;p=211686"},"modified":"2026-02-12T10:15:33","modified_gmt":"2026-02-12T15:15:33","slug":"table-de-chevet-modulum-2","status":"publish","type":"product","link":"https:\/\/www.avenuedesigncanada.com\/fr\/product\/table-de-chevet-modulum-2\/","title":{"rendered":"Table de chevet Modulum"},"content":{"rendered":"<p><em>La table de nuit Modulum pr\u00e9sente les caract\u00e9ristiques suivantes :<\/em><br \/>\nFinition en fausse pierre Adobe avec base en acier inoxydable poli<br \/>\nDeux tiroirs \u00e0 fermeture progressive avec fa\u00e7ades de tiroir cannel\u00e9es en r\u00e9sine moul\u00e9e<br \/>\nPoign\u00e9es de tiroir en m\u00e9tal avec finition en acier inoxydable poli<br \/>\nChargeur USB \u00e0 deux ports \u00e0 l&rsquo;arri\u00e8re du bo\u00eetier<br \/>\nPatins r\u00e9glables<br \/>\nKit anti-bascule et feuille d&rsquo;instructions inclus<br \/>\nNon con\u00e7u pour supporter un t\u00e9l\u00e9viseur ou d&rsquo;autres m\u00e9dias.<\/p>\n<p>Avez-vous des questions \u00e0 propos de ce produit ? Nos designers sont l\u00e0 pour vous aider.  Appelez-nous au (514) 340-9351<\/p>\n","protected":false},"excerpt":{"rendered":"<p>D&rsquo;une \u00e9l\u00e9gance discr\u00e8te, la table de nuit Modulum pr\u00e9sente des formes cannel\u00e9es en r\u00e9sine moul\u00e9e sur les deux fa\u00e7ades de tiroir \u00e0 fermeture douce. Fini en fausse pierre Adobe blanche, le caisson repose sur une base en acier inoxydable poli qui compl\u00e8te les poign\u00e9es \u00e9l\u00e9gantes. Pour ajouter de la fonctionnalit\u00e9 \u00e0 la forme, un chargeur USB \u00e0 deux ports est int\u00e9gr\u00e9 \u00e0 l&rsquo;arri\u00e8re du meuble.<\/p>\n","protected":false},"featured_media":211696,"template":"","meta":{"_kad_blocks_custom_css":"","_kad_blocks_head_custom_js":"","_kad_blocks_body_custom_js":"","_kad_blocks_footer_custom_js":"","_kad_post_transparent":"","_kad_post_title":"","_kad_post_layout":"","_kad_post_sidebar_id":"","_kad_post_content_style":"","_kad_post_vertical_padding":"","_kad_post_feature":"","_kad_post_feature_position":"","_kad_post_header":false,"_kad_post_footer":false,"_kad_post_classname":""},"product_brand":[],"product_cat":[1299],"product_tag":[1844],"class_list":{"0":"post-211686","1":"product","2":"type-product","3":"status-publish","4":"has-post-thumbnail","6":"product_cat-tables-de-nuit","7":"product_tag-barcelona-cg-fr-2","9":"first","10":"instock","11":"taxable","12":"shipping-taxable","13":"product-type-simple","14":"entry","15":"content-bg","16":"loop-entry"},"taxonomy_info":{"product_cat":[{"value":1299,"label":"Tables de chevet"}],"product_tag":[{"value":1844,"label":"BARCELONA - CG"}]},"featured_image_src_large":["https:\/\/www.avenuedesigncanada.com\/wp-content\/uploads\/2023\/01\/315232-1024x1024.jpg",1024,1024,true],"author_info":[],"comment_info":"","_links":{"self":[{"href":"https:\/\/www.avenuedesigncanada.com\/fr\/wp-json\/wp\/v2\/product\/211686","targetHints":{"allow":["GET"]}}],"collection":[{"href":"https:\/\/www.avenuedesigncanada.com\/fr\/wp-json\/wp\/v2\/product"}],"about":[{"href":"https:\/\/www.avenuedesigncanada.com\/fr\/wp-json\/wp\/v2\/types\/product"}],"wp:featuredmedia":[{"embeddable":true,"href":"https:\/\/www.avenuedesigncanada.com\/fr\/wp-json\/wp\/v2\/media\/211696"}],"wp:attachment":[{"href":"https:\/\/www.avenuedesigncanada.com\/fr\/wp-json\/wp\/v2\/media?parent=211686"}],"wp:term":[{"taxonomy":"product_brand","embeddable":true,"href":"https:\/\/www.avenuedesigncanada.com\/fr\/wp-json\/wp\/v2\/product_brand?post=211686"},{"taxonomy":"product_cat","embeddable":true,"href":"https:\/\/www.avenuedesigncanada.com\/fr\/wp-json\/wp\/v2\/product_cat?post=211686"},{"taxonomy":"product_tag","embeddable":true,"href":"https:\/\/www.avenuedesigncanada.com\/fr\/wp-json\/wp\/v2\/product_tag?post=211686"}],"curies":[{"name":"wp","href":"https:\/\/api.w.org\/{rel}","templated":true}]}}