{"id":211733,"date":"2023-01-10T08:39:14","date_gmt":"2023-01-10T13:39:14","guid":{"rendered":"https:\/\/www.avenuedesigncanada.com\/?post_type=product&#038;p=211733"},"modified":"2026-02-12T10:15:33","modified_gmt":"2026-02-12T15:15:33","slug":"commode-modulum-2","status":"publish","type":"product","link":"https:\/\/www.avenuedesigncanada.com\/fr\/product\/commode-modulum-2\/","title":{"rendered":"Commode Modulum"},"content":{"rendered":"<p><em>Les caract\u00e9ristiques de la commode Modulum :<\/em><br \/>\nCommode \u00e0 six tiroirs avec panneaux d&rsquo;extr\u00e9mit\u00e9 et galerie en fausse pierre au fini Adobe, placage de bois d&rsquo;ing\u00e9nierie sur le dessus et les tiroirs au fini Sahara. Galerie autour de l&rsquo;arri\u00e8re et des c\u00f4t\u00e9s, tiroirs \u00e0 fermeture douce avec poign\u00e9es en m\u00e9tal, glissi\u00e8res r\u00e9glables et kit anti-basculement. <\/p>\n<p>Vous avez des questions sur ce produit ?<br \/>\nNos concepteurs sont l\u00e0 pour vous aider.<br \/>\nAppelez-nous au (514) 340-9351<\/p>\n","protected":false},"excerpt":{"rendered":"<p>Avec son design inspir\u00e9 des styles modernes du milieu du si\u00e8cle, la commode Modulum pr\u00e9sente un fini Sahara sur le caisson central qui flotte entre des panneaux lat\u00e9raux au fini Adobe blancs. Une moulure autour du dessus est \u00e9galement finie en Adobe. Six tiroirs \u00e0 fermeture douce sont mis en valeur par une quincaillerie m\u00e9tallique au design r\u00e9solument r\u00e9tro.<\/p>\n","protected":false},"featured_media":211743,"template":"","meta":{"_kad_blocks_custom_css":"","_kad_blocks_head_custom_js":"","_kad_blocks_body_custom_js":"","_kad_blocks_footer_custom_js":"","_kad_post_transparent":"","_kad_post_title":"","_kad_post_layout":"","_kad_post_sidebar_id":"","_kad_post_content_style":"","_kad_post_vertical_padding":"","_kad_post_feature":"","_kad_post_feature_position":"","_kad_post_header":false,"_kad_post_footer":false,"_kad_post_classname":""},"product_brand":[],"product_cat":[1298],"product_tag":[1844],"class_list":{"0":"post-211733","1":"product","2":"type-product","3":"status-publish","4":"has-post-thumbnail","6":"product_cat-commodes","7":"product_tag-barcelona-cg-fr-2","9":"first","10":"instock","11":"taxable","12":"shipping-taxable","13":"product-type-simple","14":"entry","15":"content-bg","16":"loop-entry"},"taxonomy_info":{"product_cat":[{"value":1298,"label":"Commodes"}],"product_tag":[{"value":1844,"label":"BARCELONA - CG"}]},"featured_image_src_large":["https:\/\/www.avenuedesigncanada.com\/wp-content\/uploads\/2023\/01\/315050-1024x1024.jpg",1024,1024,true],"author_info":[],"comment_info":"","_links":{"self":[{"href":"https:\/\/www.avenuedesigncanada.com\/fr\/wp-json\/wp\/v2\/product\/211733","targetHints":{"allow":["GET"]}}],"collection":[{"href":"https:\/\/www.avenuedesigncanada.com\/fr\/wp-json\/wp\/v2\/product"}],"about":[{"href":"https:\/\/www.avenuedesigncanada.com\/fr\/wp-json\/wp\/v2\/types\/product"}],"wp:featuredmedia":[{"embeddable":true,"href":"https:\/\/www.avenuedesigncanada.com\/fr\/wp-json\/wp\/v2\/media\/211743"}],"wp:attachment":[{"href":"https:\/\/www.avenuedesigncanada.com\/fr\/wp-json\/wp\/v2\/media?parent=211733"}],"wp:term":[{"taxonomy":"product_brand","embeddable":true,"href":"https:\/\/www.avenuedesigncanada.com\/fr\/wp-json\/wp\/v2\/product_brand?post=211733"},{"taxonomy":"product_cat","embeddable":true,"href":"https:\/\/www.avenuedesigncanada.com\/fr\/wp-json\/wp\/v2\/product_cat?post=211733"},{"taxonomy":"product_tag","embeddable":true,"href":"https:\/\/www.avenuedesigncanada.com\/fr\/wp-json\/wp\/v2\/product_tag?post=211733"}],"curies":[{"name":"wp","href":"https:\/\/api.w.org\/{rel}","templated":true}]}}