{"id":211748,"date":"2023-01-10T08:49:19","date_gmt":"2023-01-10T13:49:19","guid":{"rendered":"https:\/\/www.avenuedesigncanada.com\/?post_type=product&#038;p=211748"},"modified":"2026-02-12T10:15:34","modified_gmt":"2026-02-12T15:15:34","slug":"commode-haute-modulum","status":"publish","type":"product","link":"https:\/\/www.avenuedesigncanada.com\/fr\/product\/commode-haute-modulum\/","title":{"rendered":"Commode haute Modulum"},"content":{"rendered":"<p><em>La grande commode Modulum pr\u00e9sente les caract\u00e9ristiques suivantes :<\/em><br \/>\nGrande commode \u00e0 cinq tiroirs avec finition en fausse pierre Adobe et base en acier inoxydable poli. Design cannel\u00e9 sur les tiroirs avec poign\u00e9es en m\u00e9tal, patins r\u00e9glables et kit anti-basculement. Ne convient pas pour la t\u00e9l\u00e9vision.  <\/p>\n<p>Vous avez des questions sur ce produit ?<br \/>\nNos concepteurs sont l\u00e0 pour vous aider.<br \/>\nAppelez-nous au (514) 340-9351<\/p>\n","protected":false},"excerpt":{"rendered":"<p>D&rsquo;une \u00e9l\u00e9gance discr\u00e8te, la commode \u00e0 grands tiroirs Modulum pr\u00e9sente des formes cannel\u00e9es en r\u00e9sine moul\u00e9e sur les cinq fa\u00e7ades de tiroirs \u00e0 fermeture souple. Fini en fausse pierre Adobe blanche, le caisson repose sur une base en acier inoxydable poli qui compl\u00e8te les poign\u00e9es \u00e9l\u00e9gantes.<\/p>\n","protected":false},"featured_media":211750,"template":"","meta":{"_kad_blocks_custom_css":"","_kad_blocks_head_custom_js":"","_kad_blocks_body_custom_js":"","_kad_blocks_footer_custom_js":"","_kad_post_transparent":"","_kad_post_title":"","_kad_post_layout":"","_kad_post_sidebar_id":"","_kad_post_content_style":"","_kad_post_vertical_padding":"","_kad_post_feature":"","_kad_post_feature_position":"","_kad_post_header":false,"_kad_post_footer":false,"_kad_post_classname":""},"product_brand":[],"product_cat":[1298],"product_tag":[1844],"class_list":{"0":"post-211748","1":"product","2":"type-product","3":"status-publish","4":"has-post-thumbnail","6":"product_cat-commodes","7":"product_tag-barcelona-cg-fr-2","9":"first","10":"instock","11":"taxable","12":"shipping-taxable","13":"product-type-simple","14":"entry","15":"content-bg","16":"loop-entry"},"taxonomy_info":{"product_cat":[{"value":1298,"label":"Commodes"}],"product_tag":[{"value":1844,"label":"BARCELONA - CG"}]},"featured_image_src_large":["https:\/\/www.avenuedesigncanada.com\/wp-content\/uploads\/2023\/01\/315118-2-1024x1024.jpg",1024,1024,true],"author_info":[],"comment_info":"","_links":{"self":[{"href":"https:\/\/www.avenuedesigncanada.com\/fr\/wp-json\/wp\/v2\/product\/211748","targetHints":{"allow":["GET"]}}],"collection":[{"href":"https:\/\/www.avenuedesigncanada.com\/fr\/wp-json\/wp\/v2\/product"}],"about":[{"href":"https:\/\/www.avenuedesigncanada.com\/fr\/wp-json\/wp\/v2\/types\/product"}],"wp:featuredmedia":[{"embeddable":true,"href":"https:\/\/www.avenuedesigncanada.com\/fr\/wp-json\/wp\/v2\/media\/211750"}],"wp:attachment":[{"href":"https:\/\/www.avenuedesigncanada.com\/fr\/wp-json\/wp\/v2\/media?parent=211748"}],"wp:term":[{"taxonomy":"product_brand","embeddable":true,"href":"https:\/\/www.avenuedesigncanada.com\/fr\/wp-json\/wp\/v2\/product_brand?post=211748"},{"taxonomy":"product_cat","embeddable":true,"href":"https:\/\/www.avenuedesigncanada.com\/fr\/wp-json\/wp\/v2\/product_cat?post=211748"},{"taxonomy":"product_tag","embeddable":true,"href":"https:\/\/www.avenuedesigncanada.com\/fr\/wp-json\/wp\/v2\/product_tag?post=211748"}],"curies":[{"name":"wp","href":"https:\/\/api.w.org\/{rel}","templated":true}]}}