{"id":211812,"date":"2023-01-10T10:09:06","date_gmt":"2023-01-10T15:09:06","guid":{"rendered":"https:\/\/www.avenuedesigncanada.com\/?post_type=product&#038;p=211812"},"modified":"2026-02-12T10:15:35","modified_gmt":"2026-02-12T15:15:35","slug":"table-a-diner-ronde-modulum","status":"publish","type":"product","link":"https:\/\/www.avenuedesigncanada.com\/fr\/product\/table-a-diner-ronde-modulum\/","title":{"rendered":"Table \u00e0 diner ronde Modulum"},"content":{"rendered":"<p><em>La table \u00e0 manger ronde Modulum pr\u00e9sente les caract\u00e9ristiques suivantes :<\/em><\/p>\n<p>Plateau et base en placage de ch\u00eane blanc au fini Sahara<br \/>\nUne rallonge de 20&Prime;<br \/>\nSe transforme de rond en ovale lorsque la rallonge est ins\u00e9r\u00e9e<br \/>\nPatins r\u00e9glables<\/p>\n<p>Vous avez des questions sur ce produit ? Nos concepteurs sont l\u00e0 pour vous aider. Appelez-nous au (514) 340-9351  <\/p>\n","protected":false},"excerpt":{"rendered":"<p>La beaut\u00e9 sans faille de la g\u00e9om\u00e9trie est mise en valeur dans la table \u00e0 manger Modulum, des cercles ouverts de la base de la table aux courbes du plateau, en passant par les lignes droites des plans transversaux. Cette table s&rsquo;inspire du style moderne du milieu du si\u00e8cle. Le look est simple et discret, avec des lignes \u00e9pur\u00e9es, une sophistication \u00e9l\u00e9gante et un attrait frais et sans effort.<\/p>\n","protected":false},"featured_media":211817,"template":"","meta":{"_kad_blocks_custom_css":"","_kad_blocks_head_custom_js":"","_kad_blocks_body_custom_js":"","_kad_blocks_footer_custom_js":"","_kad_post_transparent":"","_kad_post_title":"","_kad_post_layout":"","_kad_post_sidebar_id":"","_kad_post_content_style":"","_kad_post_vertical_padding":"","_kad_post_feature":"","_kad_post_feature_position":"","_kad_post_header":false,"_kad_post_footer":false,"_kad_post_classname":""},"product_brand":[],"product_cat":[1306],"product_tag":[1844],"class_list":{"0":"post-211812","1":"product","2":"type-product","3":"status-publish","4":"has-post-thumbnail","6":"product_cat-tables-de-salle-a-manger","7":"product_tag-barcelona-cg-fr-2","9":"first","10":"instock","11":"taxable","12":"shipping-taxable","13":"product-type-simple","14":"entry","15":"content-bg","16":"loop-entry"},"taxonomy_info":{"product_cat":[{"value":1306,"label":"Tables"}],"product_tag":[{"value":1844,"label":"BARCELONA - CG"}]},"featured_image_src_large":["https:\/\/www.avenuedesigncanada.com\/wp-content\/uploads\/2023\/01\/K1821-2-1024x1024.jpg",1024,1024,true],"author_info":[],"comment_info":"","_links":{"self":[{"href":"https:\/\/www.avenuedesigncanada.com\/fr\/wp-json\/wp\/v2\/product\/211812","targetHints":{"allow":["GET"]}}],"collection":[{"href":"https:\/\/www.avenuedesigncanada.com\/fr\/wp-json\/wp\/v2\/product"}],"about":[{"href":"https:\/\/www.avenuedesigncanada.com\/fr\/wp-json\/wp\/v2\/types\/product"}],"wp:featuredmedia":[{"embeddable":true,"href":"https:\/\/www.avenuedesigncanada.com\/fr\/wp-json\/wp\/v2\/media\/211817"}],"wp:attachment":[{"href":"https:\/\/www.avenuedesigncanada.com\/fr\/wp-json\/wp\/v2\/media?parent=211812"}],"wp:term":[{"taxonomy":"product_brand","embeddable":true,"href":"https:\/\/www.avenuedesigncanada.com\/fr\/wp-json\/wp\/v2\/product_brand?post=211812"},{"taxonomy":"product_cat","embeddable":true,"href":"https:\/\/www.avenuedesigncanada.com\/fr\/wp-json\/wp\/v2\/product_cat?post=211812"},{"taxonomy":"product_tag","embeddable":true,"href":"https:\/\/www.avenuedesigncanada.com\/fr\/wp-json\/wp\/v2\/product_tag?post=211812"}],"curies":[{"name":"wp","href":"https:\/\/api.w.org\/{rel}","templated":true}]}}