{"id":212597,"date":"2023-01-11T09:56:09","date_gmt":"2023-01-11T14:56:09","guid":{"rendered":"https:\/\/www.avenuedesigncanada.com\/?post_type=product&#038;p=212597"},"modified":"2026-02-12T10:15:35","modified_gmt":"2026-02-12T15:15:35","slug":"buffet-modulum","status":"publish","type":"product","link":"https:\/\/www.avenuedesigncanada.com\/fr\/product\/buffet-modulum\/","title":{"rendered":"Buffet Modulum"},"content":{"rendered":"<p><em>Le buffet Modulum pr\u00e9sente les caract\u00e9ristiques suivantes :<\/em><br \/>\nDesign mixte avec placage de bois d&rsquo;ing\u00e9nierie Sahara, fausse pierre Adobe, faux marbre et accents m\u00e9talliques en acier inoxydable poli, fausse pierre Adobe, faux marbre et accents m\u00e9talliques en acier inoxydable poli<br \/>\nTrois portes \u00e0 ouverture progressive<br \/>\nPanneaux verticaux d\u00e9coratifs sur chaque porte<br \/>\nTablettes int\u00e9rieures r\u00e9glables et amovibles derri\u00e8re les portes de gauche et de droite<br \/>\nTiroir central \u00e0 fermeture progressive avec ouverture tir\u00e9e \u00e0 la main Insert pour la vaisselle en tissu de garde Ventilation et passe-muraille recouvertstiroir central \u00e0 fermeture douce avec d\u00e9coupe pour tirer la main<br \/>\nInsert pour argenterie en tissu Guardian<br \/>\nVentilation et trous de passe-partout couverts pour l&rsquo;utilisation de m\u00e9dias<br \/>\nPieds centraux amovibles en m\u00e9tal<br \/>\nPatins r\u00e9glables<br \/>\nKit anti-basculement inclus<br \/>\nConvient \u00e0 l&rsquo;utilisation avec des t\u00e9l\u00e9viseurs et des m\u00e9dias<\/p>\n<p>Vous avez des questions sur ce produit ? Nos concepteurs sont l\u00e0 pour vous aider. Appelez-nous au (514) 340-9351  <\/p>\n","protected":false},"excerpt":{"rendered":"<p>Le style g\u00e9om\u00e9trique est la signature de la collection Modulum et ce buffet met en valeur le meilleur de cette inspiration. Des panneaux verticaux en bois, en acier inoxydable et en faux marbre cr\u00e9ent un motif saisissant au-dessus de trois portes \u00e0 ouverture par pression. \u00c0 l&rsquo;int\u00e9rieur, on trouve des tablettes fixes et ajustables, des passe-fils et des trous de ventilation, ainsi qu&rsquo;un tiroir \u00e0 fermeture souple. Le buffet repose sur une base en m\u00e9tal et six pieds.<\/p>\n","protected":false},"featured_media":212612,"template":"","meta":{"_kad_blocks_custom_css":"","_kad_blocks_head_custom_js":"","_kad_blocks_body_custom_js":"","_kad_blocks_footer_custom_js":"","_kad_post_transparent":"","_kad_post_title":"","_kad_post_layout":"","_kad_post_sidebar_id":"","_kad_post_content_style":"","_kad_post_vertical_padding":"","_kad_post_feature":"","_kad_post_feature_position":"","_kad_post_header":false,"_kad_post_footer":false,"_kad_post_classname":""},"product_brand":[],"product_cat":[1303],"product_tag":[1844],"class_list":{"0":"post-212597","1":"product","2":"type-product","3":"status-publish","4":"has-post-thumbnail","6":"product_cat-buffets","7":"product_tag-barcelona-cg-fr-2","9":"first","10":"instock","11":"taxable","12":"shipping-taxable","13":"product-type-simple","14":"entry","15":"content-bg","16":"loop-entry"},"taxonomy_info":{"product_cat":[{"value":1303,"label":"Buffets"}],"product_tag":[{"value":1844,"label":"BARCELONA - CG"}]},"featured_image_src_large":["https:\/\/www.avenuedesigncanada.com\/wp-content\/uploads\/2023\/01\/315132-1024x1024.jpg",1024,1024,true],"author_info":[],"comment_info":"","_links":{"self":[{"href":"https:\/\/www.avenuedesigncanada.com\/fr\/wp-json\/wp\/v2\/product\/212597","targetHints":{"allow":["GET"]}}],"collection":[{"href":"https:\/\/www.avenuedesigncanada.com\/fr\/wp-json\/wp\/v2\/product"}],"about":[{"href":"https:\/\/www.avenuedesigncanada.com\/fr\/wp-json\/wp\/v2\/types\/product"}],"wp:featuredmedia":[{"embeddable":true,"href":"https:\/\/www.avenuedesigncanada.com\/fr\/wp-json\/wp\/v2\/media\/212612"}],"wp:attachment":[{"href":"https:\/\/www.avenuedesigncanada.com\/fr\/wp-json\/wp\/v2\/media?parent=212597"}],"wp:term":[{"taxonomy":"product_brand","embeddable":true,"href":"https:\/\/www.avenuedesigncanada.com\/fr\/wp-json\/wp\/v2\/product_brand?post=212597"},{"taxonomy":"product_cat","embeddable":true,"href":"https:\/\/www.avenuedesigncanada.com\/fr\/wp-json\/wp\/v2\/product_cat?post=212597"},{"taxonomy":"product_tag","embeddable":true,"href":"https:\/\/www.avenuedesigncanada.com\/fr\/wp-json\/wp\/v2\/product_tag?post=212597"}],"curies":[{"name":"wp","href":"https:\/\/api.w.org\/{rel}","templated":true}]}}