{"id":212618,"date":"2023-01-11T10:16:38","date_gmt":"2023-01-11T15:16:38","guid":{"rendered":"https:\/\/www.avenuedesigncanada.com\/?post_type=product&#038;p=212618"},"modified":"2026-02-12T10:15:36","modified_gmt":"2026-02-12T15:15:36","slug":"buffet-modulum-2","status":"publish","type":"product","link":"https:\/\/www.avenuedesigncanada.com\/fr\/product\/buffet-modulum-2\/","title":{"rendered":"Buffet Modulum"},"content":{"rendered":"<p><em>Le buffet Modulum pr\u00e9sente les caract\u00e9ristiques suivantes :<\/em><br \/>\nPlacage en ch\u00eane blanc au fini Sahara<br \/>\nDeux portes \u00e0 fermeture progressive au fini pierre artificielle Adobe<br \/>\nFa\u00e7ades de porte cannel\u00e9es en r\u00e9sine moul\u00e9e<br \/>\nTiroir central \u00e0 fermeture progressive avec d\u00e9coupe pour tirer la main<br \/>\nTiroir gauche envelopp\u00e9 de tissu Guardian brun<br \/>\nTiroir droit avec insert pour couverts en argent<br \/>\nPatins r\u00e9glables<br \/>\nKit anti-basculement inclus<br \/>\nNe convient pas \u00e0 une utilisation avec un t\u00e9l\u00e9viseur ou un syst\u00e8me multim\u00e9dia<\/p>\n<p>Vous avez des questions sur ce produit ? Nos concepteurs sont l\u00e0 pour vous aider. Appelez-nous au (514) 340-9351  <\/p>\n","protected":false},"excerpt":{"rendered":"<p>Les bords arrondis sont \u00e9quilibr\u00e9s par les lignes droites des portes \u00e0 finition en fausse pierre, rappelant les d\u00e9tails du design moderne du milieu du si\u00e8cle. La finition Adobe d&rsquo;un blanc audacieux sur les fa\u00e7ades des portes compl\u00e8te les tons de sable Sahara sur le caisson de bois. Les espaces ouverts offrent des tablettes de pr\u00e9sentation tandis que les portes s&rsquo;ouvrent pour r\u00e9v\u00e9ler des tiroirs et des tablettes pour un rangement suppl\u00e9mentaire.<\/p>\n","protected":false},"featured_media":212630,"template":"","meta":{"_kad_blocks_custom_css":"","_kad_blocks_head_custom_js":"","_kad_blocks_body_custom_js":"","_kad_blocks_footer_custom_js":"","_kad_post_transparent":"","_kad_post_title":"","_kad_post_layout":"","_kad_post_sidebar_id":"","_kad_post_content_style":"","_kad_post_vertical_padding":"","_kad_post_feature":"","_kad_post_feature_position":"","_kad_post_header":false,"_kad_post_footer":false,"_kad_post_classname":""},"product_brand":[],"product_cat":[1303],"product_tag":[1844],"class_list":{"0":"post-212618","1":"product","2":"type-product","3":"status-publish","4":"has-post-thumbnail","6":"product_cat-buffets","7":"product_tag-barcelona-cg-fr-2","9":"first","10":"instock","11":"taxable","12":"shipping-taxable","13":"product-type-simple","14":"entry","15":"content-bg","16":"loop-entry"},"taxonomy_info":{"product_cat":[{"value":1303,"label":"Buffets"}],"product_tag":[{"value":1844,"label":"BARCELONA - CG"}]},"featured_image_src_large":["https:\/\/www.avenuedesigncanada.com\/wp-content\/uploads\/2023\/01\/315131-1024x1024.jpg",1024,1024,true],"author_info":[],"comment_info":"","_links":{"self":[{"href":"https:\/\/www.avenuedesigncanada.com\/fr\/wp-json\/wp\/v2\/product\/212618","targetHints":{"allow":["GET"]}}],"collection":[{"href":"https:\/\/www.avenuedesigncanada.com\/fr\/wp-json\/wp\/v2\/product"}],"about":[{"href":"https:\/\/www.avenuedesigncanada.com\/fr\/wp-json\/wp\/v2\/types\/product"}],"wp:featuredmedia":[{"embeddable":true,"href":"https:\/\/www.avenuedesigncanada.com\/fr\/wp-json\/wp\/v2\/media\/212630"}],"wp:attachment":[{"href":"https:\/\/www.avenuedesigncanada.com\/fr\/wp-json\/wp\/v2\/media?parent=212618"}],"wp:term":[{"taxonomy":"product_brand","embeddable":true,"href":"https:\/\/www.avenuedesigncanada.com\/fr\/wp-json\/wp\/v2\/product_brand?post=212618"},{"taxonomy":"product_cat","embeddable":true,"href":"https:\/\/www.avenuedesigncanada.com\/fr\/wp-json\/wp\/v2\/product_cat?post=212618"},{"taxonomy":"product_tag","embeddable":true,"href":"https:\/\/www.avenuedesigncanada.com\/fr\/wp-json\/wp\/v2\/product_tag?post=212618"}],"curies":[{"name":"wp","href":"https:\/\/api.w.org\/{rel}","templated":true}]}}