{"id":217507,"date":"2022-08-13T12:44:58","date_gmt":"2022-08-13T16:44:58","guid":{"rendered":"https:\/\/www.avenuedesigncanada.com\/product\/artemisa-console-table-brass\/"},"modified":"2026-02-12T10:15:36","modified_gmt":"2026-02-12T15:15:36","slug":"table-console-artemisa-laiton","status":"publish","type":"product","link":"https:\/\/www.avenuedesigncanada.com\/fr\/product\/table-console-artemisa-laiton\/","title":{"rendered":"Table console Artemisa &#8211; Laiton"},"content":{"rendered":"<p><em>La table console Artemisa &#8211; laiton pr\u00e9sente les caract\u00e9ristiques suivantes :<\/em><br \/>\nFinition laiton bross\u00e9 avec accents de bronze et plateau en verre miroir biseaut\u00e9. Design inspir\u00e9 du milieu du si\u00e8cle avec des lignes \u00e9pur\u00e9es et une \u00e9l\u00e9gance raffin\u00e9e. <\/p>\n<p>Vous avez des questions sur ce produit ?<br \/>\nNos concepteurs sont l\u00e0 pour vous aider.<br \/>\nAppelez-nous au (514) 340-9351<\/p>\n","protected":false},"excerpt":{"rendered":"<p>La table console Artemisa en laiton bross\u00e9 pr\u00e9sente des accents de bronze et un plateau en verre miroir biseaut\u00e9. Ses courbes \u00e9l\u00e9gantes et ses finitions luxueuses en font une pi\u00e8ce d&rsquo;apparat \u00e0 la pr\u00e9sence moderne et raffin\u00e9e.   <\/p>\n","protected":false},"featured_media":156204,"template":"","meta":{"_kad_blocks_custom_css":"","_kad_blocks_head_custom_js":"","_kad_blocks_body_custom_js":"","_kad_blocks_footer_custom_js":"","_kad_post_transparent":"","_kad_post_title":"","_kad_post_layout":"","_kad_post_sidebar_id":"","_kad_post_content_style":"","_kad_post_vertical_padding":"","_kad_post_feature":"","_kad_post_feature_position":"","_kad_post_header":false,"_kad_post_footer":false,"_kad_post_classname":""},"product_brand":[],"product_cat":[1328],"product_tag":[1482],"class_list":{"0":"post-217507","1":"product","2":"type-product","3":"status-publish","4":"has-post-thumbnail","6":"product_cat-consoles","7":"product_tag-vreeland-fr-2","9":"first","10":"instock","11":"product-type-simple","12":"entry","13":"content-bg","14":"loop-entry"},"taxonomy_info":{"product_cat":[{"value":1328,"label":"Consoles"}],"product_tag":[{"value":1482,"label":"Vreeland"}]},"featured_image_src_large":["https:\/\/www.avenuedesigncanada.com\/wp-content\/uploads\/2022\/08\/116141_2_1_1-2-1024x1024.jpg",1024,1024,true],"author_info":[],"comment_info":"","_links":{"self":[{"href":"https:\/\/www.avenuedesigncanada.com\/fr\/wp-json\/wp\/v2\/product\/217507","targetHints":{"allow":["GET"]}}],"collection":[{"href":"https:\/\/www.avenuedesigncanada.com\/fr\/wp-json\/wp\/v2\/product"}],"about":[{"href":"https:\/\/www.avenuedesigncanada.com\/fr\/wp-json\/wp\/v2\/types\/product"}],"wp:featuredmedia":[{"embeddable":true,"href":"https:\/\/www.avenuedesigncanada.com\/fr\/wp-json\/wp\/v2\/media\/156204"}],"wp:attachment":[{"href":"https:\/\/www.avenuedesigncanada.com\/fr\/wp-json\/wp\/v2\/media?parent=217507"}],"wp:term":[{"taxonomy":"product_brand","embeddable":true,"href":"https:\/\/www.avenuedesigncanada.com\/fr\/wp-json\/wp\/v2\/product_brand?post=217507"},{"taxonomy":"product_cat","embeddable":true,"href":"https:\/\/www.avenuedesigncanada.com\/fr\/wp-json\/wp\/v2\/product_cat?post=217507"},{"taxonomy":"product_tag","embeddable":true,"href":"https:\/\/www.avenuedesigncanada.com\/fr\/wp-json\/wp\/v2\/product_tag?post=217507"}],"curies":[{"name":"wp","href":"https:\/\/api.w.org\/{rel}","templated":true}]}}