{"id":219721,"date":"2023-02-08T14:24:39","date_gmt":"2023-02-08T19:24:39","guid":{"rendered":"https:\/\/www.avenuedesigncanada.com\/?post_type=product&#038;p=219721"},"modified":"2026-02-12T10:15:38","modified_gmt":"2026-02-12T15:15:38","slug":"chaise-a-bras-cove","status":"publish","type":"product","link":"https:\/\/www.avenuedesigncanada.com\/fr\/product\/chaise-a-bras-cove\/","title":{"rendered":"Chaise \u00e0 bras Cove"},"content":{"rendered":"<p><em>La chaise \u00e0 accoudoir Cove pr\u00e9sente les caract\u00e9ristiques suivantes :<\/em><br \/>\nDossier et assise serr\u00e9s<br \/>\nRembourrage standard en poly dacron<br \/>\nBois de ch\u00eane<br \/>\nTeinture, peinture, peinture m\u00e9tallis\u00e9e, Artisan, MIY, Premium Leaf<br \/>\nClous en option avec suppl\u00e9ment<br \/>\nDisponible en plusieurs tissus ou cuirs<br \/>\nEn stock tel qu&rsquo;illustr\u00e9 : Tissu : Tori Winter. Fini: Moonstruck.<\/p>\n<p>Vous avez des questions sur ce produit ? Nos concepteurs sont l\u00e0 pour vous aider. Appelez-nous au (514) 340-9351  <\/p>\n","protected":false},"excerpt":{"rendered":"<p>La chaise \u00e0 accoudoirs Cove allie un confort d\u00e9contract\u00e9 \u00e0 un design soign\u00e9. Fabriqu\u00e9 avec un dossier et une assise serr\u00e9s et soutenu par un cadre en bois de ch\u00eane robuste, il offre une sensation \u00e0 la fois accueillante et structur\u00e9e. Disponible dans une vari\u00e9t\u00e9 de tissus, de cuirs et d&rsquo;options de finition, le fauteuil Cove est con\u00e7u pour s&rsquo;adapter sans effort \u00e0 votre espace. Les d\u00e9tails de la t\u00eate de clou en option rehaussent son attrait, ce qui en fait un ajout polyvalent aux salles \u00e0 manger ou aux arrangements de si\u00e8ges d&rsquo;apparat.   <\/p>\n","protected":false},"featured_media":219725,"template":"","meta":{"_kad_blocks_custom_css":"","_kad_blocks_head_custom_js":"","_kad_blocks_body_custom_js":"","_kad_blocks_footer_custom_js":"","_kad_post_transparent":"","_kad_post_title":"","_kad_post_layout":"","_kad_post_sidebar_id":"","_kad_post_content_style":"","_kad_post_vertical_padding":"","_kad_post_feature":"","_kad_post_feature_position":"","_kad_post_header":false,"_kad_post_footer":false,"_kad_post_classname":""},"product_brand":[],"product_cat":[1302],"product_tag":[1369],"class_list":{"0":"post-219721","1":"product","2":"type-product","3":"status-publish","4":"has-post-thumbnail","6":"product_cat-chaises","7":"product_tag-theodore-fr","9":"first","10":"instock","11":"taxable","12":"shipping-taxable","13":"product-type-simple","14":"entry","15":"content-bg","16":"loop-entry"},"taxonomy_info":{"product_cat":[{"value":1302,"label":"Chaises"}],"product_tag":[{"value":1369,"label":"THEODORE"}]},"featured_image_src_large":["https:\/\/www.avenuedesigncanada.com\/wp-content\/uploads\/2023\/02\/TV401A_MV-Kempsey-Sheepskin-ang-1024x1024.jpg",1024,1024,true],"author_info":[],"comment_info":"","_links":{"self":[{"href":"https:\/\/www.avenuedesigncanada.com\/fr\/wp-json\/wp\/v2\/product\/219721","targetHints":{"allow":["GET"]}}],"collection":[{"href":"https:\/\/www.avenuedesigncanada.com\/fr\/wp-json\/wp\/v2\/product"}],"about":[{"href":"https:\/\/www.avenuedesigncanada.com\/fr\/wp-json\/wp\/v2\/types\/product"}],"wp:featuredmedia":[{"embeddable":true,"href":"https:\/\/www.avenuedesigncanada.com\/fr\/wp-json\/wp\/v2\/media\/219725"}],"wp:attachment":[{"href":"https:\/\/www.avenuedesigncanada.com\/fr\/wp-json\/wp\/v2\/media?parent=219721"}],"wp:term":[{"taxonomy":"product_brand","embeddable":true,"href":"https:\/\/www.avenuedesigncanada.com\/fr\/wp-json\/wp\/v2\/product_brand?post=219721"},{"taxonomy":"product_cat","embeddable":true,"href":"https:\/\/www.avenuedesigncanada.com\/fr\/wp-json\/wp\/v2\/product_cat?post=219721"},{"taxonomy":"product_tag","embeddable":true,"href":"https:\/\/www.avenuedesigncanada.com\/fr\/wp-json\/wp\/v2\/product_tag?post=219721"}],"curies":[{"name":"wp","href":"https:\/\/api.w.org\/{rel}","templated":true}]}}