{"id":219815,"date":"2023-02-09T08:57:13","date_gmt":"2023-02-09T13:57:13","guid":{"rendered":"https:\/\/www.avenuedesigncanada.com\/?post_type=product&#038;p=219815"},"modified":"2026-02-12T10:15:38","modified_gmt":"2026-02-12T15:15:38","slug":"chaise-brattle-road","status":"publish","type":"product","link":"https:\/\/www.avenuedesigncanada.com\/fr\/product\/chaise-brattle-road\/","title":{"rendered":"Chaise Brattle Road"},"content":{"rendered":"<p><em>La chaise d&rsquo;appoint Brattle Road pr\u00e9sente les caract\u00e9ristiques suivantes :<\/em><br \/>\nDossier et assise serr\u00e9s<br \/>\nRembourrage standard en poly Dacron<br \/>\nSi\u00e8ge \u00e0 structure palm\u00e9e<br \/>\nBois d&rsquo;\u00e9rable<br \/>\nTeinture, peinture, peinture m\u00e9tallis\u00e9e, Artisan, MIY, Premium Leaf<br \/>\nClous en option avec suppl\u00e9ment<br \/>\nDisponible en plusieurs tissus ou cuirs<br \/>\nOptions de finition des poign\u00e9es : Laiton vieilli ou nickel bross\u00e9<br \/>\nEn stock tel qu&rsquo;illustr\u00e9 : Tissu : Instant Snow. Fini: Flaxen Stone\/Poign\u00e9e Aged Brass.<\/p>\n<p>Vous avez des questions sur ce produit ? Nos concepteurs sont l\u00e0 pour vous aider. Appelez-nous au (514) 340-9351  <\/p>\n","protected":false},"excerpt":{"rendered":"<p>La chaise d&rsquo;appoint Brattle Road est un parfait \u00e9quilibre entre forme et fonction, mettant en valeur des d\u00e9tails bien pens\u00e9s et un savoir-faire durable. Son dossier et son assise serr\u00e9s sont soutenus par une construction de si\u00e8ge \u00e0 sangles pour un confort accru, tandis que le cadre en bois d&rsquo;\u00e9rable massif assure la solidit\u00e9 et la stabilit\u00e9. Personnalisable dans une gamme de tissus, de cuirs et de finitions, ce design est rehauss\u00e9 par des poign\u00e9es m\u00e9talliques optionnelles en laiton vieilli ou en nickel bross\u00e9, qui ajoutent une touche distinctive et sophistiqu\u00e9e.  <\/p>\n","protected":false},"featured_media":219817,"template":"","meta":{"_kad_blocks_custom_css":"","_kad_blocks_head_custom_js":"","_kad_blocks_body_custom_js":"","_kad_blocks_footer_custom_js":"","_kad_post_transparent":"","_kad_post_title":"","_kad_post_layout":"","_kad_post_sidebar_id":"","_kad_post_content_style":"","_kad_post_vertical_padding":"","_kad_post_feature":"","_kad_post_feature_position":"","_kad_post_header":false,"_kad_post_footer":false,"_kad_post_classname":""},"product_brand":[],"product_cat":[1302],"product_tag":[1369],"class_list":{"0":"post-219815","1":"product","2":"type-product","3":"status-publish","4":"has-post-thumbnail","6":"product_cat-chaises","7":"product_tag-theodore-fr","9":"first","10":"instock","11":"taxable","12":"shipping-taxable","13":"product-type-simple","14":"entry","15":"content-bg","16":"loop-entry"},"taxonomy_info":{"product_cat":[{"value":1302,"label":"Chaises"}],"product_tag":[{"value":1369,"label":"THEODORE"}]},"featured_image_src_large":["https:\/\/www.avenuedesigncanada.com\/wp-content\/uploads\/2023\/02\/T9724S_FO-Instant-Snow-HO-1024x1024.jpg",1024,1024,true],"author_info":[],"comment_info":"","_links":{"self":[{"href":"https:\/\/www.avenuedesigncanada.com\/fr\/wp-json\/wp\/v2\/product\/219815","targetHints":{"allow":["GET"]}}],"collection":[{"href":"https:\/\/www.avenuedesigncanada.com\/fr\/wp-json\/wp\/v2\/product"}],"about":[{"href":"https:\/\/www.avenuedesigncanada.com\/fr\/wp-json\/wp\/v2\/types\/product"}],"wp:featuredmedia":[{"embeddable":true,"href":"https:\/\/www.avenuedesigncanada.com\/fr\/wp-json\/wp\/v2\/media\/219817"}],"wp:attachment":[{"href":"https:\/\/www.avenuedesigncanada.com\/fr\/wp-json\/wp\/v2\/media?parent=219815"}],"wp:term":[{"taxonomy":"product_brand","embeddable":true,"href":"https:\/\/www.avenuedesigncanada.com\/fr\/wp-json\/wp\/v2\/product_brand?post=219815"},{"taxonomy":"product_cat","embeddable":true,"href":"https:\/\/www.avenuedesigncanada.com\/fr\/wp-json\/wp\/v2\/product_cat?post=219815"},{"taxonomy":"product_tag","embeddable":true,"href":"https:\/\/www.avenuedesigncanada.com\/fr\/wp-json\/wp\/v2\/product_tag?post=219815"}],"curies":[{"name":"wp","href":"https:\/\/api.w.org\/{rel}","templated":true}]}}