{"id":219835,"date":"2023-02-09T09:17:25","date_gmt":"2023-02-09T14:17:25","guid":{"rendered":"https:\/\/www.avenuedesigncanada.com\/?post_type=product&#038;p=219835"},"modified":"2026-02-12T10:15:39","modified_gmt":"2026-02-12T15:15:39","slug":"chaise-a-bras-brattle-road","status":"publish","type":"product","link":"https:\/\/www.avenuedesigncanada.com\/fr\/product\/chaise-a-bras-brattle-road\/","title":{"rendered":"Chaise \u00e0 bras Brattle Road"},"content":{"rendered":"<p><em>La chaise \u00e0 accoudoir Brattle Road pr\u00e9sente les caract\u00e9ristiques suivantes :<\/em><br \/>\nDossier et assise serr\u00e9s<br \/>\nRembourrage standard en Poly Dacron<br \/>\nSi\u00e8ge en toile<br \/>\nBois d&rsquo;\u00e9rable<br \/>\nTeinture, peinture, peinture m\u00e9tallis\u00e9e, Artisan, MIY, Premium Leaf<br \/>\nClous en option avec suppl\u00e9ment<br \/>\nDisponible en plusieurs tissus ou cuirs<br \/>\nOptions de finition des poign\u00e9es : Laiton vieilli ou nickel bross\u00e9<br \/>\nEn stock tel qu&rsquo;illustr\u00e9 : Tissu : Instant Snow. Fini: Flaxen Stone\/Poign\u00e9e Aged Brass.<\/p>\n<p>Vous avez des questions sur ce produit ? Nos concepteurs sont l\u00e0 pour vous aider. Appelez-nous au (514) 340-9351  <\/p>\n","protected":false},"excerpt":{"rendered":"<p>Avec ses proportions gracieuses et ses d\u00e9tails raffin\u00e9s, le fauteuil Brattle Road Arm Chair apporte \u00e0 la fois confort et caract\u00e8re \u00e0 la table. Dot\u00e9e d&rsquo;un dossier et d&rsquo;une assise serr\u00e9s et d&rsquo;une structure \u00e0 sangles de soutien, elle est fabriqu\u00e9e en bois d&rsquo;\u00e9rable massif pour une qualit\u00e9 durable. La poign\u00e9e m\u00e9tallique optionnelle, disponible en laiton vieilli ou en nickel bross\u00e9, ajoute une touche de design subtile. Enti\u00e8rement personnalisable dans une vari\u00e9t\u00e9 de tissus, de cuirs et de finitions, ce fauteuil offre une solution sur mesure pour les salles \u00e0 manger \u00e9l\u00e9gantes.   <\/p>\n","protected":false},"featured_media":219825,"template":"","meta":{"_kad_blocks_custom_css":"","_kad_blocks_head_custom_js":"","_kad_blocks_body_custom_js":"","_kad_blocks_footer_custom_js":"","_kad_post_transparent":"","_kad_post_title":"","_kad_post_layout":"","_kad_post_sidebar_id":"","_kad_post_content_style":"","_kad_post_vertical_padding":"","_kad_post_feature":"","_kad_post_feature_position":"","_kad_post_header":false,"_kad_post_footer":false,"_kad_post_classname":""},"product_brand":[],"product_cat":[1302],"product_tag":[1369],"class_list":{"0":"post-219835","1":"product","2":"type-product","3":"status-publish","4":"has-post-thumbnail","6":"product_cat-chaises","7":"product_tag-theodore-fr","9":"first","10":"instock","11":"taxable","12":"shipping-taxable","13":"product-type-simple","14":"entry","15":"content-bg","16":"loop-entry"},"taxonomy_info":{"product_cat":[{"value":1302,"label":"Chaises"}],"product_tag":[{"value":1369,"label":"THEODORE"}]},"featured_image_src_large":["https:\/\/www.avenuedesigncanada.com\/wp-content\/uploads\/2023\/02\/T9724A_FO-Instant-Snow-HO-1024x1024.jpg",1024,1024,true],"author_info":[],"comment_info":"","_links":{"self":[{"href":"https:\/\/www.avenuedesigncanada.com\/fr\/wp-json\/wp\/v2\/product\/219835","targetHints":{"allow":["GET"]}}],"collection":[{"href":"https:\/\/www.avenuedesigncanada.com\/fr\/wp-json\/wp\/v2\/product"}],"about":[{"href":"https:\/\/www.avenuedesigncanada.com\/fr\/wp-json\/wp\/v2\/types\/product"}],"wp:featuredmedia":[{"embeddable":true,"href":"https:\/\/www.avenuedesigncanada.com\/fr\/wp-json\/wp\/v2\/media\/219825"}],"wp:attachment":[{"href":"https:\/\/www.avenuedesigncanada.com\/fr\/wp-json\/wp\/v2\/media?parent=219835"}],"wp:term":[{"taxonomy":"product_brand","embeddable":true,"href":"https:\/\/www.avenuedesigncanada.com\/fr\/wp-json\/wp\/v2\/product_brand?post=219835"},{"taxonomy":"product_cat","embeddable":true,"href":"https:\/\/www.avenuedesigncanada.com\/fr\/wp-json\/wp\/v2\/product_cat?post=219835"},{"taxonomy":"product_tag","embeddable":true,"href":"https:\/\/www.avenuedesigncanada.com\/fr\/wp-json\/wp\/v2\/product_tag?post=219835"}],"curies":[{"name":"wp","href":"https:\/\/api.w.org\/{rel}","templated":true}]}}