{"id":219841,"date":"2023-02-09T10:21:33","date_gmt":"2023-02-09T15:21:33","guid":{"rendered":"https:\/\/www.avenuedesigncanada.com\/?post_type=product&#038;p=219841"},"modified":"2026-02-12T10:15:39","modified_gmt":"2026-02-12T15:15:39","slug":"chaise-solaria","status":"publish","type":"product","link":"https:\/\/www.avenuedesigncanada.com\/fr\/product\/chaise-solaria\/","title":{"rendered":"Chaise Solaria"},"content":{"rendered":"<p><em>La chaise d&rsquo;appoint Solaria pr\u00e9sente les caract\u00e9ristiques suivantes :<\/em><br \/>\nBois massif de fr\u00eane taill\u00e9 en quart et placage de ch\u00eane blanc taill\u00e9 en quart<br \/>\nChaise d&rsquo;appoint avec finition Dune sur le cadre en bois et dossier arqu\u00e9 plaqu\u00e9 bois<br \/>\nSi\u00e8ge rembourr\u00e9 sans tr\u00e9pointe<br \/>\nPatins de plancher<\/p>\n<p>Vous avez des questions sur ce produit ? Nos concepteurs sont l\u00e0 pour vous aider. Appelez-nous au (514) 340-9351  <\/p>\n","protected":false},"excerpt":{"rendered":"<p>Le profil d\u00e9pouill\u00e9 de la chaise Solaria permet de mettre en valeur la qualit\u00e9 irr\u00e9prochable de sa fabrication. Un joli dossier arqu\u00e9 est cr\u00e9\u00e9 \u00e0 partir de placages de ch\u00eane blanc, tandis que le cadre est constitu\u00e9 de bois de fr\u00eane massif, tous deux en finition Dune. Un si\u00e8ge rembourr\u00e9 offre un confort tout en conservant la nature sobre du design.<\/p>\n","protected":false},"featured_media":219847,"template":"","meta":{"_kad_blocks_custom_css":"","_kad_blocks_head_custom_js":"","_kad_blocks_body_custom_js":"","_kad_blocks_footer_custom_js":"","_kad_post_transparent":"","_kad_post_title":"","_kad_post_layout":"","_kad_post_sidebar_id":"","_kad_post_content_style":"","_kad_post_vertical_padding":"","_kad_post_feature":"","_kad_post_feature_position":"","_kad_post_header":false,"_kad_post_footer":false,"_kad_post_classname":""},"product_brand":[],"product_cat":[1302],"product_tag":[1851],"class_list":{"0":"post-219841","1":"product","2":"type-product","3":"status-publish","4":"has-post-thumbnail","6":"product_cat-chaises","7":"product_tag-barcelona-fr","9":"first","10":"instock","11":"taxable","12":"shipping-taxable","13":"product-type-simple","14":"entry","15":"content-bg","16":"loop-entry"},"taxonomy_info":{"product_cat":[{"value":1302,"label":"Chaises"}],"product_tag":[{"value":1851,"label":"BARCELONA"}]},"featured_image_src_large":["https:\/\/www.avenuedesigncanada.com\/wp-content\/uploads\/2023\/02\/310555_103-1024x1024.jpg",1024,1024,true],"author_info":[],"comment_info":"","_links":{"self":[{"href":"https:\/\/www.avenuedesigncanada.com\/fr\/wp-json\/wp\/v2\/product\/219841","targetHints":{"allow":["GET"]}}],"collection":[{"href":"https:\/\/www.avenuedesigncanada.com\/fr\/wp-json\/wp\/v2\/product"}],"about":[{"href":"https:\/\/www.avenuedesigncanada.com\/fr\/wp-json\/wp\/v2\/types\/product"}],"wp:featuredmedia":[{"embeddable":true,"href":"https:\/\/www.avenuedesigncanada.com\/fr\/wp-json\/wp\/v2\/media\/219847"}],"wp:attachment":[{"href":"https:\/\/www.avenuedesigncanada.com\/fr\/wp-json\/wp\/v2\/media?parent=219841"}],"wp:term":[{"taxonomy":"product_brand","embeddable":true,"href":"https:\/\/www.avenuedesigncanada.com\/fr\/wp-json\/wp\/v2\/product_brand?post=219841"},{"taxonomy":"product_cat","embeddable":true,"href":"https:\/\/www.avenuedesigncanada.com\/fr\/wp-json\/wp\/v2\/product_cat?post=219841"},{"taxonomy":"product_tag","embeddable":true,"href":"https:\/\/www.avenuedesigncanada.com\/fr\/wp-json\/wp\/v2\/product_tag?post=219841"}],"curies":[{"name":"wp","href":"https:\/\/api.w.org\/{rel}","templated":true}]}}