{"id":219931,"date":"2023-02-09T12:08:34","date_gmt":"2023-02-09T17:08:34","guid":{"rendered":"https:\/\/www.avenuedesigncanada.com\/?post_type=product&#038;p=219931"},"modified":"2026-02-12T10:15:41","modified_gmt":"2026-02-12T15:15:41","slug":"buffet-solaria","status":"publish","type":"product","link":"https:\/\/www.avenuedesigncanada.com\/fr\/product\/buffet-solaria\/","title":{"rendered":"Buffet Solaria"},"content":{"rendered":"<p><em>Le buffet Solaria pr\u00e9sente les caract\u00e9ristiques suivantes :<\/em><br \/>\nSolides en fr\u00eane taill\u00e9 en quart et placages en ch\u00eane blanc taill\u00e9 en quart<br \/>\nFinition Os us\u00e9<br \/>\nTrois portes \u00e0 fermeture progressive avec fa\u00e7ades en r\u00e9sine moul\u00e9e cisel\u00e9e et poign\u00e9es en m\u00e9tal<br \/>\nPortes jumel\u00e9es \u00e0 gauche et au centre avec tiroir int\u00e9rieur \u00e0 fermeture progressive<br \/>\nCompartiments de rangement ouverts \u00e0 l&rsquo;avant avec ventilation et \u0153illets recouverts<br \/>\nRangement \u00e0 droite avec tablettes r\u00e9glables et amovibles<br \/>\nPieds en aluminium moul\u00e9 avec finition Nickel brillant<br \/>\nPatins r\u00e9glables<br \/>\nKit anti-basculement inclus<\/p>\n<p>Vous avez des questions sur ce produit ? Nos concepteurs sont l\u00e0 pour vous aider. Appelez-nous au (514) 340-9351  <\/p>\n","protected":false},"excerpt":{"rendered":"<p>Une harmonie de simplicit\u00e9 et de modernit\u00e9, de texture et de tons neutres, le buffet Solaria tire le meilleur parti de la forme et de la fonction. Les fa\u00e7ades de porte en r\u00e9sine cisel\u00e9e dans une finition Weathered Bone sont le contraste parfait avec les panneaux et les pieds en aluminium moul\u00e9. Les portes s&rsquo;ouvrent pour r\u00e9v\u00e9ler un rangement impeccable avec des tablettes et un tiroir. Ce buffet peut \u00eatre utilis\u00e9 pour ranger la vaisselle ou comme unit\u00e9 multim\u00e9dia.<\/p>\n","protected":false},"featured_media":219945,"template":"","meta":{"_kad_blocks_custom_css":"","_kad_blocks_head_custom_js":"","_kad_blocks_body_custom_js":"","_kad_blocks_footer_custom_js":"","_kad_post_transparent":"","_kad_post_title":"","_kad_post_layout":"","_kad_post_sidebar_id":"","_kad_post_content_style":"","_kad_post_vertical_padding":"","_kad_post_feature":"","_kad_post_feature_position":"","_kad_post_header":false,"_kad_post_footer":false,"_kad_post_classname":""},"product_brand":[],"product_cat":[1303],"product_tag":[1844],"class_list":{"0":"post-219931","1":"product","2":"type-product","3":"status-publish","4":"has-post-thumbnail","6":"product_cat-buffets","7":"product_tag-barcelona-cg-fr-2","9":"first","10":"instock","11":"taxable","12":"shipping-taxable","13":"product-type-simple","14":"entry","15":"content-bg","16":"loop-entry"},"taxonomy_info":{"product_cat":[{"value":1303,"label":"Buffets"}],"product_tag":[{"value":1844,"label":"BARCELONA - CG"}]},"featured_image_src_large":["https:\/\/www.avenuedesigncanada.com\/wp-content\/uploads\/2023\/02\/310134-1024x1024.jpg",1024,1024,true],"author_info":[],"comment_info":"","_links":{"self":[{"href":"https:\/\/www.avenuedesigncanada.com\/fr\/wp-json\/wp\/v2\/product\/219931","targetHints":{"allow":["GET"]}}],"collection":[{"href":"https:\/\/www.avenuedesigncanada.com\/fr\/wp-json\/wp\/v2\/product"}],"about":[{"href":"https:\/\/www.avenuedesigncanada.com\/fr\/wp-json\/wp\/v2\/types\/product"}],"wp:featuredmedia":[{"embeddable":true,"href":"https:\/\/www.avenuedesigncanada.com\/fr\/wp-json\/wp\/v2\/media\/219945"}],"wp:attachment":[{"href":"https:\/\/www.avenuedesigncanada.com\/fr\/wp-json\/wp\/v2\/media?parent=219931"}],"wp:term":[{"taxonomy":"product_brand","embeddable":true,"href":"https:\/\/www.avenuedesigncanada.com\/fr\/wp-json\/wp\/v2\/product_brand?post=219931"},{"taxonomy":"product_cat","embeddable":true,"href":"https:\/\/www.avenuedesigncanada.com\/fr\/wp-json\/wp\/v2\/product_cat?post=219931"},{"taxonomy":"product_tag","embeddable":true,"href":"https:\/\/www.avenuedesigncanada.com\/fr\/wp-json\/wp\/v2\/product_tag?post=219931"}],"curies":[{"name":"wp","href":"https:\/\/api.w.org\/{rel}","templated":true}]}}