{"id":220132,"date":"2023-02-10T08:38:07","date_gmt":"2023-02-10T13:38:07","guid":{"rendered":"https:\/\/www.avenuedesigncanada.com\/?post_type=product&#038;p=220132"},"modified":"2026-02-12T10:15:52","modified_gmt":"2026-02-12T15:15:52","slug":"lit-a-panneaux-solaria","status":"publish","type":"product","link":"https:\/\/www.avenuedesigncanada.com\/fr\/product\/lit-a-panneaux-solaria\/","title":{"rendered":"Lit \u00e0 panneaux Solaria"},"content":{"rendered":"<p><em>Les caract\u00e9ristiques du lit \u00e0 panneaux Solaria:<\/em><\/p>\n<p>King size<br \/>\nDeux panneaux de t\u00eate de lit enti\u00e8rement rembourr\u00e9s en tissu B582 qui se rejoignent au centre pour former un seul panneau.<br \/>\nLa t\u00eate de lit ne peut pas \u00eatre utilis\u00e9e seule. Elle doit \u00eatre command\u00e9e avec le pied de lit et les rails lat\u00e9raux.<br \/>\nPied de lit et rails lat\u00e9raux rembourr\u00e9s en tissu B582.<br \/>\nPieds de lit en bois de fr\u00eane apparent avec finition Weathered Bone.<br \/>\nCinq lattes en bois avec double pied central r\u00e9glable en standard. <\/p>\n<p>Avez-vous des questions \u00e0 propos de ce produit ?<br \/>\nNos designers sont l\u00e0 pour vous aider. Appelez-nous au (514) 340-9351<\/p>\n","protected":false},"excerpt":{"rendered":"<p>La simplicit\u00e9 est \u00e9lev\u00e9e \u00e0 un niveau sup\u00e9rieur avec le lit \u00e0 panneaux Solaria, mis en valeur par de grands panneaux de t\u00eate de lit qui d\u00e9passent le cadre et servent de toile de fond aux tables de nuit, ainsi qu&rsquo;au lit. Ce lit enti\u00e8rement rembourr\u00e9 est tout \u00e0 fait unique et s&rsquo;inspire de mod\u00e8les des ann\u00e9es 1970. Le look est sophistiqu\u00e9, mais d\u00e9contract\u00e9 et sans pr\u00e9tention.<\/p>\n","protected":false},"featured_media":220152,"template":"","meta":{"_kad_blocks_custom_css":"","_kad_blocks_head_custom_js":"","_kad_blocks_body_custom_js":"","_kad_blocks_footer_custom_js":"","_kad_post_transparent":"","_kad_post_title":"","_kad_post_layout":"","_kad_post_sidebar_id":"","_kad_post_content_style":"","_kad_post_vertical_padding":"","_kad_post_feature":"","_kad_post_feature_position":"","_kad_post_header":false,"_kad_post_footer":false,"_kad_post_classname":""},"product_brand":[],"product_cat":[1296],"product_tag":[1851],"class_list":{"0":"post-220132","1":"product","2":"type-product","3":"status-publish","4":"has-post-thumbnail","6":"product_cat-lits","7":"product_tag-barcelona-fr","9":"first","10":"instock","11":"taxable","12":"shipping-taxable","13":"product-type-variable","14":"entry","15":"content-bg","16":"loop-entry"},"taxonomy_info":{"product_cat":[{"value":1296,"label":"Lits"}],"product_tag":[{"value":1851,"label":"BARCELONA"}]},"featured_image_src_large":["https:\/\/www.avenuedesigncanada.com\/wp-content\/uploads\/2023\/02\/K1748-1024x1024.jpg",1024,1024,true],"author_info":[],"comment_info":"","_links":{"self":[{"href":"https:\/\/www.avenuedesigncanada.com\/fr\/wp-json\/wp\/v2\/product\/220132","targetHints":{"allow":["GET"]}}],"collection":[{"href":"https:\/\/www.avenuedesigncanada.com\/fr\/wp-json\/wp\/v2\/product"}],"about":[{"href":"https:\/\/www.avenuedesigncanada.com\/fr\/wp-json\/wp\/v2\/types\/product"}],"wp:featuredmedia":[{"embeddable":true,"href":"https:\/\/www.avenuedesigncanada.com\/fr\/wp-json\/wp\/v2\/media\/220152"}],"wp:attachment":[{"href":"https:\/\/www.avenuedesigncanada.com\/fr\/wp-json\/wp\/v2\/media?parent=220132"}],"wp:term":[{"taxonomy":"product_brand","embeddable":true,"href":"https:\/\/www.avenuedesigncanada.com\/fr\/wp-json\/wp\/v2\/product_brand?post=220132"},{"taxonomy":"product_cat","embeddable":true,"href":"https:\/\/www.avenuedesigncanada.com\/fr\/wp-json\/wp\/v2\/product_cat?post=220132"},{"taxonomy":"product_tag","embeddable":true,"href":"https:\/\/www.avenuedesigncanada.com\/fr\/wp-json\/wp\/v2\/product_tag?post=220132"}],"curies":[{"name":"wp","href":"https:\/\/api.w.org\/{rel}","templated":true}]}}