{"id":220167,"date":"2023-02-10T08:56:11","date_gmt":"2023-02-10T13:56:11","guid":{"rendered":"https:\/\/www.avenuedesigncanada.com\/?post_type=product&#038;p=220167"},"modified":"2026-02-12T10:15:44","modified_gmt":"2026-02-12T15:15:44","slug":"lit-a-panneaux-solaria-2","status":"publish","type":"product","link":"https:\/\/www.avenuedesigncanada.com\/fr\/product\/lit-a-panneaux-solaria-2\/","title":{"rendered":"Lit \u00e0 panneaux Solaria"},"content":{"rendered":"<p><em>Caract\u00e9ristiques du lit \u00e0 panneaux Solaria :<\/em><\/p>\n<p>Bois massif de fr\u00eane et placages de ch\u00eane blanc.<\/p>\n<p>T\u00eate de lit \u00e0 cadre en bois pr\u00e9sentant deux panneaux verticaux en bois en finition Dune et trois panneaux tapiss\u00e9s en tissu B581.<\/p>\n<p>Rails lat\u00e9raux en bois en finition Dune<\/p>\n<p><span style=\"font-size: inherit;\">Standard avec cinq lattes de bois avec des pieds de support centraux doubles ajustables.<\/span><\/p>\n<p>Options<\/p>\n<p><em>Note:<\/em> La t\u00eate de lit ne peut pas \u00eatre utilisi\u00e9e seule. Doit \u00eatre command\u00e9 avec le pied de lit\/les panneaux lat\u00e9raux.<\/p>\n<p>Format Queen, L: 66 P: 88.38 H: 62 in<\/p>\n<p>Format King, L: 82 P: 88.13 H: 66 in<\/p>\n<p>Avez-vous des questions \u00e0 propos de ce produit ?<\/p>\n<p>Nos designers sont l\u00e0 pour vous aider. Appelez-nous au (514) 340-9351<\/p>\n<p>&nbsp;<\/p>\n","protected":false},"excerpt":{"rendered":"<p>Le lit \u00e0 panneaux Solaria combine les lignes \u00e9pur\u00e9es du minimalisme avec des superpositions de textures dans une palette de teintes naturelles. La t\u00eate et le pied de lit pr\u00e9sentent un motif g\u00e9om\u00e9trique avec trois panneaux rembourr\u00e9s ins\u00e9r\u00e9s et deux panneaux verticaux en placages de ch\u00eane blanc dans une finition Dune. Ce lit d\u00e9contract\u00e9 et sans pr\u00e9tention offre un design \u00e9l\u00e9mentaire.<\/p>\n","protected":false},"featured_media":220179,"template":"","meta":{"_kad_blocks_custom_css":"","_kad_blocks_head_custom_js":"","_kad_blocks_body_custom_js":"","_kad_blocks_footer_custom_js":"","_kad_post_transparent":"default","_kad_post_title":"","_kad_post_layout":"default","_kad_post_sidebar_id":"","_kad_post_content_style":"default","_kad_post_vertical_padding":"default","_kad_post_feature":"","_kad_post_feature_position":"","_kad_post_header":false,"_kad_post_footer":false,"_kad_post_classname":""},"product_brand":[],"product_cat":[1296],"product_tag":[1851],"class_list":{"0":"post-220167","1":"product","2":"type-product","3":"status-publish","4":"has-post-thumbnail","6":"product_cat-lits","7":"product_tag-barcelona-fr","9":"first","10":"instock","11":"taxable","12":"shipping-taxable","13":"product-type-simple","14":"entry","15":"content-bg","16":"loop-entry"},"taxonomy_info":{"product_cat":[{"value":1296,"label":"Lits"}],"product_tag":[{"value":1851,"label":"BARCELONA"}]},"featured_image_src_large":["https:\/\/www.avenuedesigncanada.com\/wp-content\/uploads\/2023\/02\/K1746-1024x1024.jpg",1024,1024,true],"author_info":[],"comment_info":"","_links":{"self":[{"href":"https:\/\/www.avenuedesigncanada.com\/fr\/wp-json\/wp\/v2\/product\/220167","targetHints":{"allow":["GET"]}}],"collection":[{"href":"https:\/\/www.avenuedesigncanada.com\/fr\/wp-json\/wp\/v2\/product"}],"about":[{"href":"https:\/\/www.avenuedesigncanada.com\/fr\/wp-json\/wp\/v2\/types\/product"}],"wp:featuredmedia":[{"embeddable":true,"href":"https:\/\/www.avenuedesigncanada.com\/fr\/wp-json\/wp\/v2\/media\/220179"}],"wp:attachment":[{"href":"https:\/\/www.avenuedesigncanada.com\/fr\/wp-json\/wp\/v2\/media?parent=220167"}],"wp:term":[{"taxonomy":"product_brand","embeddable":true,"href":"https:\/\/www.avenuedesigncanada.com\/fr\/wp-json\/wp\/v2\/product_brand?post=220167"},{"taxonomy":"product_cat","embeddable":true,"href":"https:\/\/www.avenuedesigncanada.com\/fr\/wp-json\/wp\/v2\/product_cat?post=220167"},{"taxonomy":"product_tag","embeddable":true,"href":"https:\/\/www.avenuedesigncanada.com\/fr\/wp-json\/wp\/v2\/product_tag?post=220167"}],"curies":[{"name":"wp","href":"https:\/\/api.w.org\/{rel}","templated":true}]}}