{"id":220187,"date":"2023-02-10T09:12:32","date_gmt":"2023-02-10T14:12:32","guid":{"rendered":"https:\/\/www.avenuedesigncanada.com\/?post_type=product&#038;p=220187"},"modified":"2026-02-12T10:15:45","modified_gmt":"2026-02-12T15:15:45","slug":"lit-a-panneaux-solaria-2-2","status":"publish","type":"product","link":"https:\/\/www.avenuedesigncanada.com\/fr\/product\/lit-a-panneaux-solaria-2-2\/","title":{"rendered":"Lit \u00e0 panneaux Solaria"},"content":{"rendered":"<p><em>Caract\u00e9ristiques du lit \u00e0 panneaux Solaria :<\/em><\/p>\n<p>Lit tr\u00e8s grand<\/p>\n<p>T\u00eate de lit, pied de lit et travers lat\u00e9rales enti\u00e8rement rembourr\u00e9s en tissu B582<\/p>\n<p>Pieds en bois de fr\u00eane expos\u00e9s en finition Bone Weathered.<\/p>\n<p>Standard avec cinq lattes de bois avec des pieds de support centraux doubles ajustables.<\/p>\n<p>Options<\/p>\n<p><em>Note:<\/em> La t\u00eate de lit ne peut pas \u00eatre utilisi\u00e9e seule. Doit \u00eatre command\u00e9 avec le pied de lit\/les panneaux lat\u00e9raux.<\/p>\n<p>Format Queen, L: 66 P: 89 H: 58 in<\/p>\n<p>Format King, L: 82 P: 89 H: 58 in<\/p>\n<p>Avez-vous des questions \u00e0 propos de ce produit ?<\/p>\n<p>Nos designers sont l\u00e0 pour vous aider. Appelez-nous au (514) 340-9351<\/p>\n","protected":false},"excerpt":{"rendered":"<p>La simplicit\u00e9 est \u00e9lev\u00e9e \u00e0 un niveau sup\u00e9rieur avec le lit \u00e0 panneaux Solaria. Avec un tissu boucl\u00e9 qui recouvre le lit d&rsquo;un confort somptueux, le design enti\u00e8rement rembourr\u00e9 est caract\u00e9ris\u00e9 par la texture. Le look est sophistiqu\u00e9, mais d\u00e9contract\u00e9 et sans pr\u00e9tention.<\/p>\n","protected":false},"featured_media":220193,"template":"","meta":{"_kad_blocks_custom_css":"","_kad_blocks_head_custom_js":"","_kad_blocks_body_custom_js":"","_kad_blocks_footer_custom_js":"","_kad_post_transparent":"default","_kad_post_title":"","_kad_post_layout":"default","_kad_post_sidebar_id":"","_kad_post_content_style":"default","_kad_post_vertical_padding":"default","_kad_post_feature":"","_kad_post_feature_position":"","_kad_post_header":false,"_kad_post_footer":false,"_kad_post_classname":""},"product_brand":[],"product_cat":[1296],"product_tag":[1851],"class_list":{"0":"post-220187","1":"product","2":"type-product","3":"status-publish","4":"has-post-thumbnail","6":"product_cat-lits","7":"product_tag-barcelona-fr","9":"first","10":"instock","11":"taxable","12":"shipping-taxable","13":"product-type-simple","14":"entry","15":"content-bg","16":"loop-entry"},"taxonomy_info":{"product_cat":[{"value":1296,"label":"Lits"}],"product_tag":[{"value":1851,"label":"BARCELONA"}]},"featured_image_src_large":["https:\/\/www.avenuedesigncanada.com\/wp-content\/uploads\/2023\/02\/K1763-1024x1024.jpg",1024,1024,true],"author_info":[],"comment_info":"","_links":{"self":[{"href":"https:\/\/www.avenuedesigncanada.com\/fr\/wp-json\/wp\/v2\/product\/220187","targetHints":{"allow":["GET"]}}],"collection":[{"href":"https:\/\/www.avenuedesigncanada.com\/fr\/wp-json\/wp\/v2\/product"}],"about":[{"href":"https:\/\/www.avenuedesigncanada.com\/fr\/wp-json\/wp\/v2\/types\/product"}],"wp:featuredmedia":[{"embeddable":true,"href":"https:\/\/www.avenuedesigncanada.com\/fr\/wp-json\/wp\/v2\/media\/220193"}],"wp:attachment":[{"href":"https:\/\/www.avenuedesigncanada.com\/fr\/wp-json\/wp\/v2\/media?parent=220187"}],"wp:term":[{"taxonomy":"product_brand","embeddable":true,"href":"https:\/\/www.avenuedesigncanada.com\/fr\/wp-json\/wp\/v2\/product_brand?post=220187"},{"taxonomy":"product_cat","embeddable":true,"href":"https:\/\/www.avenuedesigncanada.com\/fr\/wp-json\/wp\/v2\/product_cat?post=220187"},{"taxonomy":"product_tag","embeddable":true,"href":"https:\/\/www.avenuedesigncanada.com\/fr\/wp-json\/wp\/v2\/product_tag?post=220187"}],"curies":[{"name":"wp","href":"https:\/\/api.w.org\/{rel}","templated":true}]}}