{"id":220218,"date":"2023-02-10T09:43:28","date_gmt":"2023-02-10T14:43:28","guid":{"rendered":"https:\/\/www.avenuedesigncanada.com\/?post_type=product&#038;p=220218"},"modified":"2026-02-12T10:15:45","modified_gmt":"2026-02-12T15:15:45","slug":"table-de-chevet-solaria-2","status":"publish","type":"product","link":"https:\/\/www.avenuedesigncanada.com\/fr\/product\/table-de-chevet-solaria-2\/","title":{"rendered":"Table de chevet Solaria"},"content":{"rendered":"<p><em>La table de nuit Solaria pr\u00e9sente les caract\u00e9ristiques suivantes :<\/em><br \/>\nSolides en fr\u00eane taill\u00e9 en quart et placages en ch\u00eane blanc taill\u00e9 en quart<br \/>\nTable de nuit rectangulaire au fini Dune<br \/>\nDeux tiroirs \u00e0 fermeture progressive<br \/>\nTirette en aluminium moul\u00e9 au fini Nickel brillant ou Graphite sur la longueur de chaque tiroir<br \/>\nCompartiment inf\u00e9rieur ouvert \u00e0 l&rsquo;avant<br \/>\nChargeur USB \u00e0 deux ports sur le panneau arri\u00e8re sup\u00e9rieur<br \/>\nPatins r\u00e9glables<br \/>\nTrousse anti-basculement incluse<\/p>\n<p>Avez-vous des questions \u00e0 propos de ce produit ? Nos designers sont l\u00e0 pour vous aider.  Appelez-nous au (514) 340-9351<\/p>\n","protected":false},"excerpt":{"rendered":"<p>La table de nuit Solaria se caract\u00e9rise par sa subtilit\u00e9. Elle est fabriqu\u00e9e \u00e0 partir de bois massif de fr\u00eane et de placages de ch\u00eane blanc dans une finition Dune. \u00c0 premi\u00e8re vue, il semble \u00eatre un mod\u00e8le tout en bois, mais l&rsquo;\u00e9clat discret des poign\u00e9es m\u00e9talliques attire le regard et pr\u00e9cise la forme. Deux tiroirs et un compartiment ouvert cr\u00e9ent un espace de rangement essentiel, et un chargeur USB \u00e0 deux ports se trouve sur le panneau arri\u00e8re du caisson.<\/p>\n","protected":false},"featured_media":220222,"template":"","meta":{"_kad_blocks_custom_css":"","_kad_blocks_head_custom_js":"","_kad_blocks_body_custom_js":"","_kad_blocks_footer_custom_js":"","_kad_post_transparent":"","_kad_post_title":"","_kad_post_layout":"","_kad_post_sidebar_id":"","_kad_post_content_style":"","_kad_post_vertical_padding":"","_kad_post_feature":"","_kad_post_feature_position":"","_kad_post_header":false,"_kad_post_footer":false,"_kad_post_classname":""},"product_brand":[],"product_cat":[1299],"product_tag":[1844],"class_list":{"0":"post-220218","1":"product","2":"type-product","3":"status-publish","4":"has-post-thumbnail","6":"product_cat-tables-de-nuit","7":"product_tag-barcelona-cg-fr-2","9":"first","10":"instock","11":"taxable","12":"shipping-taxable","13":"product-type-simple","14":"entry","15":"content-bg","16":"loop-entry"},"taxonomy_info":{"product_cat":[{"value":1299,"label":"Tables de chevet"}],"product_tag":[{"value":1844,"label":"BARCELONA - CG"}]},"featured_image_src_large":["https:\/\/www.avenuedesigncanada.com\/wp-content\/uploads\/2023\/02\/310231-1017x1024.jpg",1017,1024,true],"author_info":[],"comment_info":"","_links":{"self":[{"href":"https:\/\/www.avenuedesigncanada.com\/fr\/wp-json\/wp\/v2\/product\/220218","targetHints":{"allow":["GET"]}}],"collection":[{"href":"https:\/\/www.avenuedesigncanada.com\/fr\/wp-json\/wp\/v2\/product"}],"about":[{"href":"https:\/\/www.avenuedesigncanada.com\/fr\/wp-json\/wp\/v2\/types\/product"}],"wp:featuredmedia":[{"embeddable":true,"href":"https:\/\/www.avenuedesigncanada.com\/fr\/wp-json\/wp\/v2\/media\/220222"}],"wp:attachment":[{"href":"https:\/\/www.avenuedesigncanada.com\/fr\/wp-json\/wp\/v2\/media?parent=220218"}],"wp:term":[{"taxonomy":"product_brand","embeddable":true,"href":"https:\/\/www.avenuedesigncanada.com\/fr\/wp-json\/wp\/v2\/product_brand?post=220218"},{"taxonomy":"product_cat","embeddable":true,"href":"https:\/\/www.avenuedesigncanada.com\/fr\/wp-json\/wp\/v2\/product_cat?post=220218"},{"taxonomy":"product_tag","embeddable":true,"href":"https:\/\/www.avenuedesigncanada.com\/fr\/wp-json\/wp\/v2\/product_tag?post=220218"}],"curies":[{"name":"wp","href":"https:\/\/api.w.org\/{rel}","templated":true}]}}