{"id":220227,"date":"2023-02-10T09:51:34","date_gmt":"2023-02-10T14:51:34","guid":{"rendered":"https:\/\/www.avenuedesigncanada.com\/?post_type=product&#038;p=220227"},"modified":"2026-02-12T10:15:45","modified_gmt":"2026-02-12T15:15:45","slug":"table-de-chevet-solaria-3","status":"publish","type":"product","link":"https:\/\/www.avenuedesigncanada.com\/fr\/product\/table-de-chevet-solaria-3\/","title":{"rendered":"Table de chevet Solaria"},"content":{"rendered":"<p><em>Les caract\u00e9ristiques de la table de nuit Solaria sont les suivantes :<\/em><br \/>\nSolides en fr\u00eane taill\u00e9 en quart et placages en ch\u00eane blanc taill\u00e9 en quart<br \/>\nTable de nuit rectangulaire au fini Os us\u00e9<br \/>\nUn tiroir avec fa\u00e7ade cisel\u00e9e<br \/>\nTrois pieds en m\u00e9tal moul\u00e9 en aluminium au fini Nickel brillant<br \/>\nChargeur USB \u00e0 deux ports sur le dessus de la caisse<br \/>\nPatins r\u00e9glables<br \/>\nKit anti-basculement inclus<\/p>\n<p>Avez-vous des questions \u00e0 propos de ce produit ? Nos designers sont l\u00e0 pour vous aider.  Appelez-nous au (514) 340-9351<\/p>\n","protected":false},"excerpt":{"rendered":"<p>Trois supports en aluminium moul\u00e9 cr\u00e9ent un tr\u00e9pied structurel, se pliant au sol pour d\u00e9finir les pieds de la table de nuit Solaria. Ils englobent le caisson \u00e0 tiroirs avec une fa\u00e7ade en r\u00e9sine moul\u00e9e cisel\u00e9e en finitions Weathered Bone. Un chargeur USB \u00e0 deux ports est situ\u00e9 sur la partie sup\u00e9rieure arri\u00e8re du caisson.<\/p>\n","protected":false},"featured_media":220238,"template":"","meta":{"_kad_blocks_custom_css":"","_kad_blocks_head_custom_js":"","_kad_blocks_body_custom_js":"","_kad_blocks_footer_custom_js":"","_kad_post_transparent":"","_kad_post_title":"","_kad_post_layout":"","_kad_post_sidebar_id":"","_kad_post_content_style":"","_kad_post_vertical_padding":"","_kad_post_feature":"","_kad_post_feature_position":"","_kad_post_header":false,"_kad_post_footer":false,"_kad_post_classname":""},"product_brand":[],"product_cat":[1299],"product_tag":[1844],"class_list":{"0":"post-220227","1":"product","2":"type-product","3":"status-publish","4":"has-post-thumbnail","6":"product_cat-tables-de-nuit","7":"product_tag-barcelona-cg-fr-2","9":"first","10":"instock","11":"taxable","12":"shipping-taxable","13":"product-type-simple","14":"entry","15":"content-bg","16":"loop-entry"},"taxonomy_info":{"product_cat":[{"value":1299,"label":"Tables de chevet"}],"product_tag":[{"value":1844,"label":"BARCELONA - CG"}]},"featured_image_src_large":["https:\/\/www.avenuedesigncanada.com\/wp-content\/uploads\/2023\/02\/310232-1024x1024.jpg",1024,1024,true],"author_info":[],"comment_info":"","_links":{"self":[{"href":"https:\/\/www.avenuedesigncanada.com\/fr\/wp-json\/wp\/v2\/product\/220227","targetHints":{"allow":["GET"]}}],"collection":[{"href":"https:\/\/www.avenuedesigncanada.com\/fr\/wp-json\/wp\/v2\/product"}],"about":[{"href":"https:\/\/www.avenuedesigncanada.com\/fr\/wp-json\/wp\/v2\/types\/product"}],"wp:featuredmedia":[{"embeddable":true,"href":"https:\/\/www.avenuedesigncanada.com\/fr\/wp-json\/wp\/v2\/media\/220238"}],"wp:attachment":[{"href":"https:\/\/www.avenuedesigncanada.com\/fr\/wp-json\/wp\/v2\/media?parent=220227"}],"wp:term":[{"taxonomy":"product_brand","embeddable":true,"href":"https:\/\/www.avenuedesigncanada.com\/fr\/wp-json\/wp\/v2\/product_brand?post=220227"},{"taxonomy":"product_cat","embeddable":true,"href":"https:\/\/www.avenuedesigncanada.com\/fr\/wp-json\/wp\/v2\/product_cat?post=220227"},{"taxonomy":"product_tag","embeddable":true,"href":"https:\/\/www.avenuedesigncanada.com\/fr\/wp-json\/wp\/v2\/product_tag?post=220227"}],"curies":[{"name":"wp","href":"https:\/\/api.w.org\/{rel}","templated":true}]}}