{"id":220283,"date":"2023-02-10T10:48:30","date_gmt":"2023-02-10T15:48:30","guid":{"rendered":"https:\/\/www.avenuedesigncanada.com\/?post_type=product&#038;p=220283"},"modified":"2026-02-12T10:15:46","modified_gmt":"2026-02-12T15:15:46","slug":"commode-haute-solaria","status":"publish","type":"product","link":"https:\/\/www.avenuedesigncanada.com\/fr\/product\/commode-haute-solaria\/","title":{"rendered":"Commode haute Solaria"},"content":{"rendered":"<p><em>La grande commode Solaria pr\u00e9sente les caract\u00e9ristiques suivantes :<\/em><br \/>\nSolides en fr\u00eane taill\u00e9 en quart et placages en ch\u00eane blanc taill\u00e9 en quart. Grande commode \u00e0 quatre tiroirs au fini Fossil sur le dessus et la base, au fini Dune sur la caisse. Finition nickel brillant sur deux panneaux de support en aluminium moul\u00e9, patins r\u00e9glables et kit anti-basculement.  <\/p>\n<p>Vous avez des questions sur ce produit ?<br \/>\nNos concepteurs sont l\u00e0 pour vous aider.<br \/>\nAppelez-nous au (514) 340-9351<\/p>\n","protected":false},"excerpt":{"rendered":"<p>Les panneaux monolithiques en fonte d&rsquo;aluminium en finition nickel brillant donnent un aspect \u00e9l\u00e9mentaire \u00e0 la commode haute Solaria. Avec des placages de ch\u00eane blanc dans une finition Dune, le caisson en bois flotte au-dessus d&rsquo;une base en fausse pierre, faisant ainsi \u00e9cho au plateau. Quatre tiroirs s&rsquo;ouvrent avec des tirettes m\u00e9talliques \u00e9l\u00e9gantes.<\/p>\n","protected":false},"featured_media":220295,"template":"","meta":{"_kad_blocks_custom_css":"","_kad_blocks_head_custom_js":"","_kad_blocks_body_custom_js":"","_kad_blocks_footer_custom_js":"","_kad_post_transparent":"","_kad_post_title":"","_kad_post_layout":"","_kad_post_sidebar_id":"","_kad_post_content_style":"","_kad_post_vertical_padding":"","_kad_post_feature":"","_kad_post_feature_position":"","_kad_post_header":false,"_kad_post_footer":false,"_kad_post_classname":""},"product_brand":[],"product_cat":[1298],"product_tag":[1844],"class_list":{"0":"post-220283","1":"product","2":"type-product","3":"status-publish","4":"has-post-thumbnail","6":"product_cat-commodes","7":"product_tag-barcelona-cg-fr-2","9":"first","10":"instock","11":"taxable","12":"shipping-taxable","13":"product-type-simple","14":"entry","15":"content-bg","16":"loop-entry"},"taxonomy_info":{"product_cat":[{"value":1298,"label":"Commodes"}],"product_tag":[{"value":1844,"label":"BARCELONA - CG"}]},"featured_image_src_large":["https:\/\/www.avenuedesigncanada.com\/wp-content\/uploads\/2023\/02\/310117-1024x1024.jpg",1024,1024,true],"author_info":[],"comment_info":"","_links":{"self":[{"href":"https:\/\/www.avenuedesigncanada.com\/fr\/wp-json\/wp\/v2\/product\/220283","targetHints":{"allow":["GET"]}}],"collection":[{"href":"https:\/\/www.avenuedesigncanada.com\/fr\/wp-json\/wp\/v2\/product"}],"about":[{"href":"https:\/\/www.avenuedesigncanada.com\/fr\/wp-json\/wp\/v2\/types\/product"}],"wp:featuredmedia":[{"embeddable":true,"href":"https:\/\/www.avenuedesigncanada.com\/fr\/wp-json\/wp\/v2\/media\/220295"}],"wp:attachment":[{"href":"https:\/\/www.avenuedesigncanada.com\/fr\/wp-json\/wp\/v2\/media?parent=220283"}],"wp:term":[{"taxonomy":"product_brand","embeddable":true,"href":"https:\/\/www.avenuedesigncanada.com\/fr\/wp-json\/wp\/v2\/product_brand?post=220283"},{"taxonomy":"product_cat","embeddable":true,"href":"https:\/\/www.avenuedesigncanada.com\/fr\/wp-json\/wp\/v2\/product_cat?post=220283"},{"taxonomy":"product_tag","embeddable":true,"href":"https:\/\/www.avenuedesigncanada.com\/fr\/wp-json\/wp\/v2\/product_tag?post=220283"}],"curies":[{"name":"wp","href":"https:\/\/api.w.org\/{rel}","templated":true}]}}