{"id":220302,"date":"2023-02-10T11:09:18","date_gmt":"2023-02-10T16:09:18","guid":{"rendered":"https:\/\/www.avenuedesigncanada.com\/?post_type=product&#038;p=220302"},"modified":"2026-02-12T10:15:47","modified_gmt":"2026-02-12T15:15:47","slug":"pouf-solaria","status":"publish","type":"product","link":"https:\/\/www.avenuedesigncanada.com\/fr\/product\/pouf-solaria\/","title":{"rendered":"Pouf Solaria"},"content":{"rendered":"<p>Banc rond avec dessus et c\u00f4t\u00e9s rembourr\u00e9s<\/p>\n<p><span style=\"font-size: inherit;\">Base en r\u00e9sine moul\u00e9e \u00e0 motifs cisel\u00e9s, finition Fossil.<\/p>\n<p><\/span>Patins ajustable glides<\/p>\n<p>Un m\u00e9lange de contrastes forme l&rsquo;ottoman Solaria. Un dessus et des c\u00f4t\u00e9s rembourr\u00e9s et arrondis sont structurellement soutenus par un cadre en r\u00e9sine cisel\u00e9e. La combinaison des mat\u00e9riaux cr\u00e9e un attrait textural pour ce tabouret multifonctionnel.<\/p>\n","protected":false},"excerpt":{"rendered":"<p>Avez-vous des questions \u00e0 propos de ce produit ?<\/p>\n<p>Nos designers sont l\u00e0 pour vous aider. <strong>Appelez-nous au (514) 340-9351<\/strong><\/p>\n","protected":false},"featured_media":220308,"template":"","meta":{"_kad_blocks_custom_css":"","_kad_blocks_head_custom_js":"","_kad_blocks_body_custom_js":"","_kad_blocks_footer_custom_js":"","_kad_post_transparent":"","_kad_post_title":"","_kad_post_layout":"","_kad_post_sidebar_id":"","_kad_post_content_style":"","_kad_post_vertical_padding":"","_kad_post_feature":"","_kad_post_feature_position":"","_kad_post_header":false,"_kad_post_footer":false,"_kad_post_classname":""},"product_brand":[],"product_cat":[107],"product_tag":[1365],"class_list":{"0":"post-220302","1":"product","2":"type-product","3":"status-publish","4":"has-post-thumbnail","6":"product_cat-non-classifiee","7":"product_tag-barcelona-fr-2","9":"first","10":"instock","11":"taxable","12":"shipping-taxable","13":"purchasable","14":"product-type-simple","15":"entry","16":"content-bg","17":"loop-entry"},"taxonomy_info":{"product_cat":[{"value":107,"label":"Non classifi\u00e9(e)"}],"product_tag":[{"value":1365,"label":"BARCELONA"}]},"featured_image_src_large":["https:\/\/www.avenuedesigncanada.com\/wp-content\/uploads\/2023\/02\/310506-1024x1024.jpg",1024,1024,true],"author_info":[],"comment_info":"","_links":{"self":[{"href":"https:\/\/www.avenuedesigncanada.com\/fr\/wp-json\/wp\/v2\/product\/220302","targetHints":{"allow":["GET"]}}],"collection":[{"href":"https:\/\/www.avenuedesigncanada.com\/fr\/wp-json\/wp\/v2\/product"}],"about":[{"href":"https:\/\/www.avenuedesigncanada.com\/fr\/wp-json\/wp\/v2\/types\/product"}],"wp:featuredmedia":[{"embeddable":true,"href":"https:\/\/www.avenuedesigncanada.com\/fr\/wp-json\/wp\/v2\/media\/220308"}],"wp:attachment":[{"href":"https:\/\/www.avenuedesigncanada.com\/fr\/wp-json\/wp\/v2\/media?parent=220302"}],"wp:term":[{"taxonomy":"product_brand","embeddable":true,"href":"https:\/\/www.avenuedesigncanada.com\/fr\/wp-json\/wp\/v2\/product_brand?post=220302"},{"taxonomy":"product_cat","embeddable":true,"href":"https:\/\/www.avenuedesigncanada.com\/fr\/wp-json\/wp\/v2\/product_cat?post=220302"},{"taxonomy":"product_tag","embeddable":true,"href":"https:\/\/www.avenuedesigncanada.com\/fr\/wp-json\/wp\/v2\/product_tag?post=220302"}],"curies":[{"name":"wp","href":"https:\/\/api.w.org\/{rel}","templated":true}]}}