{"id":220690,"date":"2023-02-13T09:20:20","date_gmt":"2023-02-13T14:20:20","guid":{"rendered":"https:\/\/www.avenuedesigncanada.com\/?post_type=product&#038;p=220690"},"modified":"2026-02-12T10:15:48","modified_gmt":"2026-02-12T15:15:48","slug":"table-de-bout-solaria","status":"publish","type":"product","link":"https:\/\/www.avenuedesigncanada.com\/fr\/product\/table-de-bout-solaria\/","title":{"rendered":"Table de bout Solaria"},"content":{"rendered":"<p><em>La table d&rsquo;appoint Solaria pr\u00e9sente les caract\u00e9ristiques suivantes :<\/em><br \/>\nSolides en fr\u00eane taill\u00e9 en quart et placages en ch\u00eane blanc taill\u00e9 en quart<br \/>\nFinition Dune sur le plateau et la base en bois<br \/>\nPanneaux des pieds de soutien et inserts du plateau en aluminium moul\u00e9 avec finition Shiny Nickel<br \/>\nPatins r\u00e9glables<br \/>\nPanneaux encastr\u00e9s cr\u00e9ant un motif g\u00e9om\u00e9trique frappant.<\/p>\n<p>Avez-vous des questions \u00e0 propos de ce produit ? Nos designers sont l\u00e0 pour vous aider.  Appelez-nous au (514) 340-9351<\/p>\n","protected":false},"excerpt":{"rendered":"<p>R\u00e9alis\u00e9e en fr\u00eane massif sur quartier et placages de ch\u00eane blanc dans une finition Dune, cette table d&rsquo;appoint allie chaleur naturelle et design moderne. Les panneaux et les inserts sup\u00e9rieurs en fonte d&rsquo;aluminium nickel\u00e9 brillant forment un motif g\u00e9om\u00e9trique frappant, cr\u00e9ant une pi\u00e8ce sculpturale et fonctionnelle pour tout espace de vie. <\/p>\n","protected":false},"featured_media":220702,"template":"","meta":{"_kad_blocks_custom_css":"","_kad_blocks_head_custom_js":"","_kad_blocks_body_custom_js":"","_kad_blocks_footer_custom_js":"","_kad_post_transparent":"","_kad_post_title":"","_kad_post_layout":"","_kad_post_sidebar_id":"","_kad_post_content_style":"","_kad_post_vertical_padding":"","_kad_post_feature":"","_kad_post_feature_position":"","_kad_post_header":false,"_kad_post_footer":false,"_kad_post_classname":""},"product_brand":[],"product_cat":[1323],"product_tag":[1844],"class_list":{"0":"post-220690","1":"product","2":"type-product","3":"status-publish","4":"has-post-thumbnail","6":"product_cat-salon-tables-dappoint","7":"product_tag-barcelona-cg-fr-2","9":"first","10":"instock","11":"taxable","12":"shipping-taxable","13":"product-type-simple","14":"entry","15":"content-bg","16":"loop-entry"},"taxonomy_info":{"product_cat":[{"value":1323,"label":"Tables d'appoint"}],"product_tag":[{"value":1844,"label":"BARCELONA - CG"}]},"featured_image_src_large":["https:\/\/www.avenuedesigncanada.com\/wp-content\/uploads\/2023\/02\/310124-1024x1024.jpg",1024,1024,true],"author_info":[],"comment_info":"","_links":{"self":[{"href":"https:\/\/www.avenuedesigncanada.com\/fr\/wp-json\/wp\/v2\/product\/220690","targetHints":{"allow":["GET"]}}],"collection":[{"href":"https:\/\/www.avenuedesigncanada.com\/fr\/wp-json\/wp\/v2\/product"}],"about":[{"href":"https:\/\/www.avenuedesigncanada.com\/fr\/wp-json\/wp\/v2\/types\/product"}],"wp:featuredmedia":[{"embeddable":true,"href":"https:\/\/www.avenuedesigncanada.com\/fr\/wp-json\/wp\/v2\/media\/220702"}],"wp:attachment":[{"href":"https:\/\/www.avenuedesigncanada.com\/fr\/wp-json\/wp\/v2\/media?parent=220690"}],"wp:term":[{"taxonomy":"product_brand","embeddable":true,"href":"https:\/\/www.avenuedesigncanada.com\/fr\/wp-json\/wp\/v2\/product_brand?post=220690"},{"taxonomy":"product_cat","embeddable":true,"href":"https:\/\/www.avenuedesigncanada.com\/fr\/wp-json\/wp\/v2\/product_cat?post=220690"},{"taxonomy":"product_tag","embeddable":true,"href":"https:\/\/www.avenuedesigncanada.com\/fr\/wp-json\/wp\/v2\/product_tag?post=220690"}],"curies":[{"name":"wp","href":"https:\/\/api.w.org\/{rel}","templated":true}]}}