{"id":220727,"date":"2023-02-13T09:46:36","date_gmt":"2023-02-13T14:46:36","guid":{"rendered":"https:\/\/www.avenuedesigncanada.com\/?post_type=product&#038;p=220727"},"modified":"2026-02-12T10:15:49","modified_gmt":"2026-02-12T15:15:49","slug":"table-daccent-solaria","status":"publish","type":"product","link":"https:\/\/www.avenuedesigncanada.com\/fr\/product\/table-daccent-solaria\/","title":{"rendered":"Table d&rsquo;accent Solaria"},"content":{"rendered":"<p><em>La table d&rsquo;appoint Solaria pr\u00e9sente les caract\u00e9ristiques suivantes :<\/em><br \/>\nBois massif de fr\u00eane taill\u00e9 en quart et placage de ch\u00eane blanc taill\u00e9 en quart<br \/>\nFinition Dune sur le bois<br \/>\nFinition Shiny Nickel sur la base en aluminium moul\u00e9<br \/>\nPatins r\u00e9glables<\/p>\n<p>Avez-vous des questions \u00e0 propos de ce produit ? Nos designers sont l\u00e0 pour vous aider.  Appelez-nous au (514) 340-9351<\/p>\n","protected":false},"excerpt":{"rendered":"<p>Sophistiqu\u00e9e et sans pr\u00e9tention, la table d&rsquo;appoint Solaria utilise un m\u00e9lange de mat\u00e9riaux et les int\u00e8gre dans un style moderne et d\u00e9contract\u00e9. Le mouvement est mis en valeur dans la base en fonte d&rsquo;aluminium qui encercle le bois en forme de vagues. L&rsquo;interaction d&rsquo;une finition en m\u00e9tal nickel brillant et de la finition Dune sur du ch\u00eane blanc ajoute une dualit\u00e9 de texture et de tonalit\u00e9.<\/p>\n","protected":false},"featured_media":220736,"template":"","meta":{"_kad_blocks_custom_css":"","_kad_blocks_head_custom_js":"","_kad_blocks_body_custom_js":"","_kad_blocks_footer_custom_js":"","_kad_post_transparent":"","_kad_post_title":"","_kad_post_layout":"","_kad_post_sidebar_id":"","_kad_post_content_style":"","_kad_post_vertical_padding":"","_kad_post_feature":"","_kad_post_feature_position":"","_kad_post_header":false,"_kad_post_footer":false,"_kad_post_classname":""},"product_brand":[],"product_cat":[1323],"product_tag":[1844],"class_list":{"0":"post-220727","1":"product","2":"type-product","3":"status-publish","4":"has-post-thumbnail","6":"product_cat-salon-tables-dappoint","7":"product_tag-barcelona-cg-fr-2","9":"first","10":"instock","11":"taxable","12":"shipping-taxable","13":"product-type-simple","14":"entry","15":"content-bg","16":"loop-entry"},"taxonomy_info":{"product_cat":[{"value":1323,"label":"Tables d'appoint"}],"product_tag":[{"value":1844,"label":"BARCELONA - CG"}]},"featured_image_src_large":["https:\/\/www.avenuedesigncanada.com\/wp-content\/uploads\/2023\/02\/310113-1024x1024.jpg",1024,1024,true],"author_info":[],"comment_info":"","_links":{"self":[{"href":"https:\/\/www.avenuedesigncanada.com\/fr\/wp-json\/wp\/v2\/product\/220727","targetHints":{"allow":["GET"]}}],"collection":[{"href":"https:\/\/www.avenuedesigncanada.com\/fr\/wp-json\/wp\/v2\/product"}],"about":[{"href":"https:\/\/www.avenuedesigncanada.com\/fr\/wp-json\/wp\/v2\/types\/product"}],"wp:featuredmedia":[{"embeddable":true,"href":"https:\/\/www.avenuedesigncanada.com\/fr\/wp-json\/wp\/v2\/media\/220736"}],"wp:attachment":[{"href":"https:\/\/www.avenuedesigncanada.com\/fr\/wp-json\/wp\/v2\/media?parent=220727"}],"wp:term":[{"taxonomy":"product_brand","embeddable":true,"href":"https:\/\/www.avenuedesigncanada.com\/fr\/wp-json\/wp\/v2\/product_brand?post=220727"},{"taxonomy":"product_cat","embeddable":true,"href":"https:\/\/www.avenuedesigncanada.com\/fr\/wp-json\/wp\/v2\/product_cat?post=220727"},{"taxonomy":"product_tag","embeddable":true,"href":"https:\/\/www.avenuedesigncanada.com\/fr\/wp-json\/wp\/v2\/product_tag?post=220727"}],"curies":[{"name":"wp","href":"https:\/\/api.w.org\/{rel}","templated":true}]}}