{"id":220766,"date":"2023-02-13T10:20:14","date_gmt":"2023-02-13T15:20:14","guid":{"rendered":"https:\/\/www.avenuedesigncanada.com\/?post_type=product&#038;p=220766"},"modified":"2026-02-12T10:15:50","modified_gmt":"2026-02-12T15:15:50","slug":"table-console-solaria","status":"publish","type":"product","link":"https:\/\/www.avenuedesigncanada.com\/fr\/product\/table-console-solaria\/","title":{"rendered":"Table console Solaria"},"content":{"rendered":"<p><em>La table console Solaria pr\u00e9sente les caract\u00e9ristiques suivantes :<\/em><br \/>\nSolide en fr\u00eane taill\u00e9 en quart et placage en ch\u00eane blanc taill\u00e9 en quart<br \/>\nFini fossile sur le dessus en fausse pierre moul\u00e9e<br \/>\nFini dune sur le cadre en bois avec panneaux d&rsquo;extr\u00e9mit\u00e9 arqu\u00e9s<br \/>\nFini nickel brillant sur le ch\u00e2ssis central en aluminium moul\u00e9 et la base des panneaux d&rsquo;extr\u00e9mit\u00e9 arqu\u00e9s<br \/>\nPatins r\u00e9glables<br \/>\nVous avez des questions au sujet de ce produit ?<br \/>\nNos designers sont l\u00e0 pour vous aider.<br \/>\nAppelez-nous au (514) 340-9351  <\/p>\n","protected":false},"excerpt":{"rendered":"<p>\u00c0 premi\u00e8re vue, la table console Solaria est une histoire de mise en forme simple, mais les d\u00e9tails offrent une histoire plus approfondie. Les arcs sont soulign\u00e9s par de la fonte d&rsquo;aluminium, le m\u00e9tal formant \u00e9galement un longeron d&rsquo;un c\u00f4t\u00e9 \u00e0 l&rsquo;autre. Le cadre en bois rappelle le sable et la mer dans sa finition Dune. Un plateau en fausse pierre i<\/p>\n","protected":false},"featured_media":220779,"template":"","meta":{"_kad_blocks_custom_css":"","_kad_blocks_head_custom_js":"","_kad_blocks_body_custom_js":"","_kad_blocks_footer_custom_js":"","_kad_post_transparent":"","_kad_post_title":"","_kad_post_layout":"","_kad_post_sidebar_id":"","_kad_post_content_style":"","_kad_post_vertical_padding":"","_kad_post_feature":"","_kad_post_feature_position":"","_kad_post_header":false,"_kad_post_footer":false,"_kad_post_classname":""},"product_brand":[],"product_cat":[1328],"product_tag":[1844],"class_list":{"0":"post-220766","1":"product","2":"type-product","3":"status-publish","4":"has-post-thumbnail","6":"product_cat-consoles","7":"product_tag-barcelona-cg-fr-2","9":"first","10":"instock","11":"taxable","12":"shipping-taxable","13":"product-type-simple","14":"entry","15":"content-bg","16":"loop-entry"},"taxonomy_info":{"product_cat":[{"value":1328,"label":"Consoles"}],"product_tag":[{"value":1844,"label":"BARCELONA - CG"}]},"featured_image_src_large":["https:\/\/www.avenuedesigncanada.com\/wp-content\/uploads\/2023\/02\/310910-1024x1024.jpg",1024,1024,true],"author_info":[],"comment_info":"","_links":{"self":[{"href":"https:\/\/www.avenuedesigncanada.com\/fr\/wp-json\/wp\/v2\/product\/220766","targetHints":{"allow":["GET"]}}],"collection":[{"href":"https:\/\/www.avenuedesigncanada.com\/fr\/wp-json\/wp\/v2\/product"}],"about":[{"href":"https:\/\/www.avenuedesigncanada.com\/fr\/wp-json\/wp\/v2\/types\/product"}],"wp:featuredmedia":[{"embeddable":true,"href":"https:\/\/www.avenuedesigncanada.com\/fr\/wp-json\/wp\/v2\/media\/220779"}],"wp:attachment":[{"href":"https:\/\/www.avenuedesigncanada.com\/fr\/wp-json\/wp\/v2\/media?parent=220766"}],"wp:term":[{"taxonomy":"product_brand","embeddable":true,"href":"https:\/\/www.avenuedesigncanada.com\/fr\/wp-json\/wp\/v2\/product_brand?post=220766"},{"taxonomy":"product_cat","embeddable":true,"href":"https:\/\/www.avenuedesigncanada.com\/fr\/wp-json\/wp\/v2\/product_cat?post=220766"},{"taxonomy":"product_tag","embeddable":true,"href":"https:\/\/www.avenuedesigncanada.com\/fr\/wp-json\/wp\/v2\/product_tag?post=220766"}],"curies":[{"name":"wp","href":"https:\/\/api.w.org\/{rel}","templated":true}]}}