{"id":220785,"date":"2023-02-13T10:41:19","date_gmt":"2023-02-13T15:41:19","guid":{"rendered":"https:\/\/www.avenuedesigncanada.com\/?post_type=product&#038;p=220785"},"modified":"2026-02-12T10:15:50","modified_gmt":"2026-02-12T15:15:50","slug":"table-console-solaria-2","status":"publish","type":"product","link":"https:\/\/www.avenuedesigncanada.com\/fr\/product\/table-console-solaria-2\/","title":{"rendered":"Table console Solaria"},"content":{"rendered":"<p><em>La table console Solaria pr\u00e9sente les caract\u00e9ristiques suivantes :<\/em><br \/>\n Solides en fr\u00eane taill\u00e9 en quart et placages en ch\u00eane blanc taill\u00e9 en quart<br \/>\nFinition Dune sur le plateau en bois<br \/>\nDeux bases en aluminium de forme g\u00e9om\u00e9trique avec finition Shiny Nickel Feutre au bas de la base pour prot\u00e9ger les sols<br \/>\nKit anti-bascule<\/p>\n<p>Vous avez des questions sur ce produit ?<br \/>\nNos designers sont l\u00e0 pour vous aider.<br \/>\nAppelez-nous au (514) 340-9351<\/p>\n","protected":false},"excerpt":{"rendered":"<p>Les plis pr\u00e9cis de l&rsquo;origami sont la source d&rsquo;inspiration des bases g\u00e9om\u00e9triques de la table console Solaria. Moul\u00e9s en aluminium avec une finition nickel brillant, les \u00e9tonnants supports attirent tous les regards, tandis que le plateau en bois \u00e9quilibre le look avec un doux contrepoint, avec ses placages de ch\u00eane blanc dans une finition Dune.<\/p>\n","protected":false},"featured_media":220797,"template":"","meta":{"_kad_blocks_custom_css":"","_kad_blocks_head_custom_js":"","_kad_blocks_body_custom_js":"","_kad_blocks_footer_custom_js":"","_kad_post_transparent":"","_kad_post_title":"","_kad_post_layout":"","_kad_post_sidebar_id":"","_kad_post_content_style":"","_kad_post_vertical_padding":"","_kad_post_feature":"","_kad_post_feature_position":"","_kad_post_header":false,"_kad_post_footer":false,"_kad_post_classname":""},"product_brand":[],"product_cat":[1328],"product_tag":[1844],"class_list":{"0":"post-220785","1":"product","2":"type-product","3":"status-publish","4":"has-post-thumbnail","6":"product_cat-consoles","7":"product_tag-barcelona-cg-fr-2","9":"first","10":"instock","11":"taxable","12":"shipping-taxable","13":"product-type-simple","14":"entry","15":"content-bg","16":"loop-entry"},"taxonomy_info":{"product_cat":[{"value":1328,"label":"Consoles"}],"product_tag":[{"value":1844,"label":"BARCELONA - CG"}]},"featured_image_src_large":["https:\/\/www.avenuedesigncanada.com\/wp-content\/uploads\/2023\/02\/310911-1024x1024.jpg",1024,1024,true],"author_info":[],"comment_info":"","_links":{"self":[{"href":"https:\/\/www.avenuedesigncanada.com\/fr\/wp-json\/wp\/v2\/product\/220785","targetHints":{"allow":["GET"]}}],"collection":[{"href":"https:\/\/www.avenuedesigncanada.com\/fr\/wp-json\/wp\/v2\/product"}],"about":[{"href":"https:\/\/www.avenuedesigncanada.com\/fr\/wp-json\/wp\/v2\/types\/product"}],"wp:featuredmedia":[{"embeddable":true,"href":"https:\/\/www.avenuedesigncanada.com\/fr\/wp-json\/wp\/v2\/media\/220797"}],"wp:attachment":[{"href":"https:\/\/www.avenuedesigncanada.com\/fr\/wp-json\/wp\/v2\/media?parent=220785"}],"wp:term":[{"taxonomy":"product_brand","embeddable":true,"href":"https:\/\/www.avenuedesigncanada.com\/fr\/wp-json\/wp\/v2\/product_brand?post=220785"},{"taxonomy":"product_cat","embeddable":true,"href":"https:\/\/www.avenuedesigncanada.com\/fr\/wp-json\/wp\/v2\/product_cat?post=220785"},{"taxonomy":"product_tag","embeddable":true,"href":"https:\/\/www.avenuedesigncanada.com\/fr\/wp-json\/wp\/v2\/product_tag?post=220785"}],"curies":[{"name":"wp","href":"https:\/\/api.w.org\/{rel}","templated":true}]}}