{"id":220802,"date":"2023-02-13T10:49:57","date_gmt":"2023-02-13T15:49:57","guid":{"rendered":"https:\/\/www.avenuedesigncanada.com\/?post_type=product&#038;p=220802"},"modified":"2026-02-12T10:15:50","modified_gmt":"2026-02-12T15:15:50","slug":"table-console-solaria-3","status":"publish","type":"product","link":"https:\/\/www.avenuedesigncanada.com\/fr\/product\/table-console-solaria-3\/","title":{"rendered":"Table console Solaria"},"content":{"rendered":"<p><em>La table console Solaria pr\u00e9sente les caract\u00e9ristiques suivantes :<\/em><br \/>\nAsh solids and quartered white oak veneers<br \/>\nWeathered Bone finish on wood veneered top and ends and on cast ciseled pattern front and back of console table<br \/>\nAdjustable glides<br \/>\nAnti-tip kit<\/p>\n<p>Avez-vous des questions \u00e0 propos de ce produit ?<br \/>\nNos designers sont l\u00e0 pour vous aider.<br \/>\nCall us at (514) 340-9351<\/p>\n","protected":false},"excerpt":{"rendered":"<p>Semblant avoir \u00e9t\u00e9 taill\u00e9e directement dans un bloc de pierre blanche, la table console Solaria offre des lignes simples rehauss\u00e9es d&rsquo;une surface textur\u00e9e. La r\u00e9sine moul\u00e9e cisel\u00e9e sur l&rsquo;avant et l&rsquo;arri\u00e8re cr\u00e9e un caract\u00e8re irr\u00e9sistible, tandis que le plateau et les c\u00f4t\u00e9s en ch\u00eane blanc lisse compl\u00e8tent le design \u00e9l\u00e9mentaire. Le r\u00e9sultat est une \u00e9tude fondamentale et moderne des contrastes.<\/p>\n","protected":false},"featured_media":220816,"template":"","meta":{"_kad_blocks_custom_css":"","_kad_blocks_head_custom_js":"","_kad_blocks_body_custom_js":"","_kad_blocks_footer_custom_js":"","_kad_post_transparent":"","_kad_post_title":"","_kad_post_layout":"","_kad_post_sidebar_id":"","_kad_post_content_style":"","_kad_post_vertical_padding":"","_kad_post_feature":"","_kad_post_feature_position":"","_kad_post_header":false,"_kad_post_footer":false,"_kad_post_classname":""},"product_brand":[],"product_cat":[1328],"product_tag":[1844],"class_list":{"0":"post-220802","1":"product","2":"type-product","3":"status-publish","4":"has-post-thumbnail","6":"product_cat-consoles","7":"product_tag-barcelona-cg-fr-2","9":"first","10":"instock","11":"taxable","12":"shipping-taxable","13":"product-type-simple","14":"entry","15":"content-bg","16":"loop-entry"},"taxonomy_info":{"product_cat":[{"value":1328,"label":"Consoles"}],"product_tag":[{"value":1844,"label":"BARCELONA - CG"}]},"featured_image_src_large":["https:\/\/www.avenuedesigncanada.com\/wp-content\/uploads\/2023\/02\/310912-1024x1024.jpg",1024,1024,true],"author_info":[],"comment_info":"","_links":{"self":[{"href":"https:\/\/www.avenuedesigncanada.com\/fr\/wp-json\/wp\/v2\/product\/220802","targetHints":{"allow":["GET"]}}],"collection":[{"href":"https:\/\/www.avenuedesigncanada.com\/fr\/wp-json\/wp\/v2\/product"}],"about":[{"href":"https:\/\/www.avenuedesigncanada.com\/fr\/wp-json\/wp\/v2\/types\/product"}],"wp:featuredmedia":[{"embeddable":true,"href":"https:\/\/www.avenuedesigncanada.com\/fr\/wp-json\/wp\/v2\/media\/220816"}],"wp:attachment":[{"href":"https:\/\/www.avenuedesigncanada.com\/fr\/wp-json\/wp\/v2\/media?parent=220802"}],"wp:term":[{"taxonomy":"product_brand","embeddable":true,"href":"https:\/\/www.avenuedesigncanada.com\/fr\/wp-json\/wp\/v2\/product_brand?post=220802"},{"taxonomy":"product_cat","embeddable":true,"href":"https:\/\/www.avenuedesigncanada.com\/fr\/wp-json\/wp\/v2\/product_cat?post=220802"},{"taxonomy":"product_tag","embeddable":true,"href":"https:\/\/www.avenuedesigncanada.com\/fr\/wp-json\/wp\/v2\/product_tag?post=220802"}],"curies":[{"name":"wp","href":"https:\/\/api.w.org\/{rel}","templated":true}]}}