{"id":221114,"date":"2023-02-15T09:08:11","date_gmt":"2023-02-15T14:08:11","guid":{"rendered":"https:\/\/www.avenuedesigncanada.com\/?post_type=product&#038;p=221114"},"modified":"2026-02-12T10:15:52","modified_gmt":"2026-02-12T15:15:52","slug":"bureau-solaria","status":"publish","type":"product","link":"https:\/\/www.avenuedesigncanada.com\/fr\/product\/bureau-solaria\/","title":{"rendered":"Bureau Solaria"},"content":{"rendered":"<p><em>Caract\u00e9ristiques du Bureau Solaria:<\/em><\/p>\n<p>Finition Weathered Bone sur la face avant, les c\u00f4t\u00e9s et le dos avec motifs cisel\u00e9s.<\/p>\n<p>Passe-fil m\u00e9tallique avec couvercle sur le dessus<\/p>\n<p>Un tiroir \u00e0 l&rsquo;avant avec une tirette et une d\u00e9coupe \u00e0 l&rsquo;arri\u00e8re pour la gestion des cordons.<\/p>\n<p>Une prise de courant avec deux ports de charge USB et une prise de courant \u00e0 deux fiches<\/p>\n<p>Base en m\u00e9tal, finition nickel brillant, avec travers.<\/p>\n<p>Avez-vous des questions \u00e0 propos de ce produit ?<\/p>\n<p>Nos designers sont l\u00e0 pour vous aider.<\/p>\n<p>Appelez-nous au (514) 340-9351<\/p>\n<p>Le bureau Solaria combine les lignes \u00e9pur\u00e9es du minimalisme avec des couches de texture dans une palette de tons naturels d\u00e9lav\u00e9s. Le r\u00e9sultat est un \u00e9quilibre parfait entre la forme et la fonction, avec un design en r\u00e9sine cisel\u00e9e qui entoure le bureau et un pi\u00e9tement en aluminium moul\u00e9 qui soutient le plateau. L&rsquo;un des tiroirs centraux est dot\u00e9 d&rsquo;une fa\u00e7ade rabattable pour un clavier, tandis que derri\u00e8re celui-ci se trouve un bo\u00eetier \u00e9lectrique avec deux ports USB et deux prises de courant.<\/p>\n","protected":false},"excerpt":{"rendered":"<p>Le bureau Solaria combine les lignes \u00e9pur\u00e9es du minimalisme avec des couches de texture dans une palette de tons naturels d\u00e9lav\u00e9s. Le r\u00e9sultat est un \u00e9quilibre parfait entre la forme et la fonction, avec un design en r\u00e9sine cisel\u00e9e qui entoure le bureau et un pi\u00e9tement en aluminium moul\u00e9 qui soutient le plateau. L&rsquo;un des tiroirs centraux est dot\u00e9 d&rsquo;une fa\u00e7ade rabattable pour un clavier, tandis que derri\u00e8re celui-ci se trouve un bo\u00eetier \u00e9lectrique avec deux ports USB et deux prises de courant.<\/p>\n","protected":false},"featured_media":221130,"template":"","meta":{"_kad_blocks_custom_css":"","_kad_blocks_head_custom_js":"","_kad_blocks_body_custom_js":"","_kad_blocks_footer_custom_js":"","_kad_post_transparent":"default","_kad_post_title":"","_kad_post_layout":"default","_kad_post_sidebar_id":"","_kad_post_content_style":"default","_kad_post_vertical_padding":"default","_kad_post_feature":"","_kad_post_feature_position":"","_kad_post_header":false,"_kad_post_footer":false,"_kad_post_classname":""},"product_brand":[],"product_cat":[1310],"product_tag":[1844],"class_list":{"0":"post-221114","1":"product","2":"type-product","3":"status-publish","4":"has-post-thumbnail","6":"product_cat-bureaux","7":"product_tag-barcelona-cg-fr-2","9":"first","10":"instock","11":"product-type-simple","12":"entry","13":"content-bg","14":"loop-entry"},"taxonomy_info":{"product_cat":[{"value":1310,"label":"Bureaux"}],"product_tag":[{"value":1844,"label":"BARCELONA - CG"}]},"featured_image_src_large":["https:\/\/www.avenuedesigncanada.com\/wp-content\/uploads\/2023\/02\/D15514-1024x1024.jpg",1024,1024,true],"author_info":[],"comment_info":"","_links":{"self":[{"href":"https:\/\/www.avenuedesigncanada.com\/fr\/wp-json\/wp\/v2\/product\/221114","targetHints":{"allow":["GET"]}}],"collection":[{"href":"https:\/\/www.avenuedesigncanada.com\/fr\/wp-json\/wp\/v2\/product"}],"about":[{"href":"https:\/\/www.avenuedesigncanada.com\/fr\/wp-json\/wp\/v2\/types\/product"}],"wp:featuredmedia":[{"embeddable":true,"href":"https:\/\/www.avenuedesigncanada.com\/fr\/wp-json\/wp\/v2\/media\/221130"}],"wp:attachment":[{"href":"https:\/\/www.avenuedesigncanada.com\/fr\/wp-json\/wp\/v2\/media?parent=221114"}],"wp:term":[{"taxonomy":"product_brand","embeddable":true,"href":"https:\/\/www.avenuedesigncanada.com\/fr\/wp-json\/wp\/v2\/product_brand?post=221114"},{"taxonomy":"product_cat","embeddable":true,"href":"https:\/\/www.avenuedesigncanada.com\/fr\/wp-json\/wp\/v2\/product_cat?post=221114"},{"taxonomy":"product_tag","embeddable":true,"href":"https:\/\/www.avenuedesigncanada.com\/fr\/wp-json\/wp\/v2\/product_tag?post=221114"}],"curies":[{"name":"wp","href":"https:\/\/api.w.org\/{rel}","templated":true}]}}