{"id":221136,"date":"2023-02-15T09:26:57","date_gmt":"2023-02-15T14:26:57","guid":{"rendered":"https:\/\/www.avenuedesigncanada.com\/?post_type=product&#038;p=221136"},"modified":"2026-02-12T10:15:52","modified_gmt":"2026-02-12T15:15:52","slug":"classeur-solaria","status":"publish","type":"product","link":"https:\/\/www.avenuedesigncanada.com\/fr\/product\/classeur-solaria\/","title":{"rendered":"Classeur Solaria"},"content":{"rendered":"<p><em>Les caract\u00e9ristiques des classeurs Solaria:<\/em><\/p>\n<p>Finition Weathered Bone<\/p>\n<p>Deux tiroirs avec barres de suspension amovibles pouvant accueillir des dossiers de format lettre ou l\u00e9gal.<\/p>\n<p>Roulettes noires non-marquantes<\/p>\n<p>Les roulettes avant ont un dispositif de verrouillage<\/p>\n<p>Avez-vous des questions \u00e0 propos de ce produit ?<\/p>\n<p>Nos designers sont l\u00e0 pour vous aider. Appelez-nous au (514) 340-9351<\/p>\n","protected":false},"excerpt":{"rendered":"<p>Le classeur Solaria est \u00e9pur\u00e9, simple et essentiel. Dot\u00e9 de placages de ch\u00eane blanc dans une finition Weathered Bone, le meuble abrite deux tiroirs de bureau avec une quincaillerie en m\u00e9tal \u00e9l\u00e9gant dans une finition nickel brillant. Le tiroir du bas comprend des barres de suspension amovibles pour les dossiers de type lettre ou l\u00e9gal. Les roulettes permettent la mobilit\u00e9.<\/p>\n","protected":false},"featured_media":221146,"template":"","meta":{"_kad_blocks_custom_css":"","_kad_blocks_head_custom_js":"","_kad_blocks_body_custom_js":"","_kad_blocks_footer_custom_js":"","_kad_post_transparent":"default","_kad_post_title":"","_kad_post_layout":"default","_kad_post_sidebar_id":"","_kad_post_content_style":"default","_kad_post_vertical_padding":"default","_kad_post_feature":"","_kad_post_feature_position":"","_kad_post_header":false,"_kad_post_footer":false,"_kad_post_classname":""},"product_brand":[],"product_cat":[1309],"product_tag":[1844],"class_list":{"0":"post-221136","1":"product","2":"type-product","3":"status-publish","4":"has-post-thumbnail","6":"product_cat-rangement-fr","7":"product_tag-barcelona-cg-fr-2","9":"first","10":"instock","11":"taxable","12":"shipping-taxable","13":"product-type-simple","14":"entry","15":"content-bg","16":"loop-entry"},"taxonomy_info":{"product_cat":[{"value":1309,"label":"Rangement"}],"product_tag":[{"value":1844,"label":"BARCELONA - CG"}]},"featured_image_src_large":["https:\/\/www.avenuedesigncanada.com\/wp-content\/uploads\/2023\/02\/D15504-1024x1024.jpg",1024,1024,true],"author_info":[],"comment_info":"","_links":{"self":[{"href":"https:\/\/www.avenuedesigncanada.com\/fr\/wp-json\/wp\/v2\/product\/221136","targetHints":{"allow":["GET"]}}],"collection":[{"href":"https:\/\/www.avenuedesigncanada.com\/fr\/wp-json\/wp\/v2\/product"}],"about":[{"href":"https:\/\/www.avenuedesigncanada.com\/fr\/wp-json\/wp\/v2\/types\/product"}],"wp:featuredmedia":[{"embeddable":true,"href":"https:\/\/www.avenuedesigncanada.com\/fr\/wp-json\/wp\/v2\/media\/221146"}],"wp:attachment":[{"href":"https:\/\/www.avenuedesigncanada.com\/fr\/wp-json\/wp\/v2\/media?parent=221136"}],"wp:term":[{"taxonomy":"product_brand","embeddable":true,"href":"https:\/\/www.avenuedesigncanada.com\/fr\/wp-json\/wp\/v2\/product_brand?post=221136"},{"taxonomy":"product_cat","embeddable":true,"href":"https:\/\/www.avenuedesigncanada.com\/fr\/wp-json\/wp\/v2\/product_cat?post=221136"},{"taxonomy":"product_tag","embeddable":true,"href":"https:\/\/www.avenuedesigncanada.com\/fr\/wp-json\/wp\/v2\/product_tag?post=221136"}],"curies":[{"name":"wp","href":"https:\/\/api.w.org\/{rel}","templated":true}]}}