{"id":221159,"date":"2023-02-15T10:12:30","date_gmt":"2023-02-15T15:12:30","guid":{"rendered":"https:\/\/www.avenuedesigncanada.com\/?post_type=product&#038;p=221159"},"modified":"2026-02-12T10:15:54","modified_gmt":"2026-02-12T15:15:54","slug":"credence-a-classeurs-solaria","status":"publish","type":"product","link":"https:\/\/www.avenuedesigncanada.com\/fr\/product\/credence-a-classeurs-solaria\/","title":{"rendered":"Cr\u00e9dence \u00e0 classeurs Solaria"},"content":{"rendered":"<p><em>Les caract\u00e9ristiques des classeurs Solaria:<\/em><\/p>\n<p>Caisson en finition Weathered Bone avec fa\u00e7ades de tiroir moul\u00e9 avec motifs cisel\u00e9s.<\/p>\n<p>Deux tiroirs sup\u00e9rieurs soutenus par des cadres m\u00e9talliques en finition nickel brillant \u00e0 chaque extr\u00e9mit\u00e9.<\/p>\n<p>Deux tiroirs inf\u00e9rieurs sous un espace de rangement ouvert<\/p>\n<p>Deux tiroirs sup\u00e9rieurs sont dot\u00e9s de tirettes sur le dessus.<\/p>\n<p>Les deux tiroirs inf\u00e9rieurs sont dot\u00e9s de tirettes m\u00e9talliques et de barres de suspension amovibles pour les dossiers de type lettre ou l\u00e9gal.<\/p>\n<p>Base plinthe en bois avec patins ajustables<\/p>\n<p>Kit anti-bascule<\/p>\n<p>Avez-vous des questions \u00e0 propos de ce produit ?<\/p>\n<p>Nos designers sont l\u00e0 pour vous aider. Appelez-nous au (514) 340-9351<\/p>\n","protected":false},"excerpt":{"rendered":"<p>La cr\u00e9dence Solaria fait une impression discr\u00e8te avec un style architectural. Deux tiroirs de classement inf\u00e9rieurs sont surmont\u00e9s de supports m\u00e9talliques qui soutiennent deux tiroirs plus petits. Toutes les fa\u00e7ades de tiroirs pr\u00e9sentent les motifs cisel\u00e9s en r\u00e9sine moul\u00e9e qui sont la signature de la collection Solaria. Les placages de ch\u00eane blanc quart\u00e9 sont finis en Weathered Bone, tandis que les accents m\u00e9talliques brillent dans une finition Nickel.<\/p>\n","protected":false},"featured_media":221171,"template":"","meta":{"_kad_blocks_custom_css":"","_kad_blocks_head_custom_js":"","_kad_blocks_body_custom_js":"","_kad_blocks_footer_custom_js":"","_kad_post_transparent":"default","_kad_post_title":"","_kad_post_layout":"default","_kad_post_sidebar_id":"","_kad_post_content_style":"default","_kad_post_vertical_padding":"default","_kad_post_feature":"","_kad_post_feature_position":"","_kad_post_header":false,"_kad_post_footer":false,"_kad_post_classname":""},"product_brand":[],"product_cat":[1309],"product_tag":[1844],"class_list":{"0":"post-221159","1":"product","2":"type-product","3":"status-publish","4":"has-post-thumbnail","6":"product_cat-rangement-fr","7":"product_tag-barcelona-cg-fr-2","9":"first","10":"instock","11":"taxable","12":"shipping-taxable","13":"product-type-simple","14":"entry","15":"content-bg","16":"loop-entry"},"taxonomy_info":{"product_cat":[{"value":1309,"label":"Rangement"}],"product_tag":[{"value":1844,"label":"BARCELONA - CG"}]},"featured_image_src_large":["https:\/\/www.avenuedesigncanada.com\/wp-content\/uploads\/2023\/02\/D15914-1024x1024.jpg",1024,1024,true],"author_info":[],"comment_info":"","_links":{"self":[{"href":"https:\/\/www.avenuedesigncanada.com\/fr\/wp-json\/wp\/v2\/product\/221159","targetHints":{"allow":["GET"]}}],"collection":[{"href":"https:\/\/www.avenuedesigncanada.com\/fr\/wp-json\/wp\/v2\/product"}],"about":[{"href":"https:\/\/www.avenuedesigncanada.com\/fr\/wp-json\/wp\/v2\/types\/product"}],"wp:featuredmedia":[{"embeddable":true,"href":"https:\/\/www.avenuedesigncanada.com\/fr\/wp-json\/wp\/v2\/media\/221171"}],"wp:attachment":[{"href":"https:\/\/www.avenuedesigncanada.com\/fr\/wp-json\/wp\/v2\/media?parent=221159"}],"wp:term":[{"taxonomy":"product_brand","embeddable":true,"href":"https:\/\/www.avenuedesigncanada.com\/fr\/wp-json\/wp\/v2\/product_brand?post=221159"},{"taxonomy":"product_cat","embeddable":true,"href":"https:\/\/www.avenuedesigncanada.com\/fr\/wp-json\/wp\/v2\/product_cat?post=221159"},{"taxonomy":"product_tag","embeddable":true,"href":"https:\/\/www.avenuedesigncanada.com\/fr\/wp-json\/wp\/v2\/product_tag?post=221159"}],"curies":[{"name":"wp","href":"https:\/\/api.w.org\/{rel}","templated":true}]}}