{"id":221624,"date":"2023-02-16T12:02:58","date_gmt":"2023-02-16T17:02:58","guid":{"rendered":"https:\/\/www.avenuedesigncanada.com\/?post_type=product&#038;p=221624"},"modified":"2026-02-12T10:15:57","modified_gmt":"2026-02-12T15:15:57","slug":"chaise-trianon","status":"publish","type":"product","link":"https:\/\/www.avenuedesigncanada.com\/fr\/product\/chaise-trianon\/","title":{"rendered":"Chaise Trianon"},"content":{"rendered":"<p><em>La chaise d&rsquo;appoint Trianon pr\u00e9sente les caract\u00e9ristiques suivantes :<\/em><br \/>\nChaise d&rsquo;appoint \u00e0 dossier en \u00e9chelle \u00e0 structure de bois expos\u00e9e, fabriqu\u00e9e \u00e0 partir de bois massif et de placages de pin jaune coup\u00e9s \u00e0 plat, au fini gris.<br \/>\nDossier et assise rembourr\u00e9s avec piq\u00fbres.<br \/>\nDossier rembourr\u00e9 visible \u00e0 travers les lattes du dossier en \u00e9chelle.<br \/>\nTissu : B617<br \/>\nPatins<\/p>\n<p>Vous avez des questions sur ce produit ? Nos concepteurs sont l\u00e0 pour vous aider. Appelez-nous au (514) 340-9351  <\/p>\n","protected":false},"excerpt":{"rendered":"<p>Le style moderne minimaliste actualise le design traditionnel \u00e0 dos en \u00e9chelle de la chaise lat\u00e9rale Trianon. Pr\u00e9sent\u00e9e dans la finition Gris plus claire, la chaise est dot\u00e9e d&rsquo;un si\u00e8ge et d&rsquo;un dossier confortablement rembourr\u00e9s. Le dos pr\u00e9sente \u00e9galement des lattes ouvertes qui laissent appara\u00eetre le magnifique tissu.<\/p>\n","protected":false},"featured_media":221628,"template":"","meta":{"_kad_blocks_custom_css":"","_kad_blocks_head_custom_js":"","_kad_blocks_body_custom_js":"","_kad_blocks_footer_custom_js":"","_kad_post_transparent":"","_kad_post_title":"","_kad_post_layout":"","_kad_post_sidebar_id":"","_kad_post_content_style":"","_kad_post_vertical_padding":"","_kad_post_feature":"","_kad_post_feature_position":"","_kad_post_header":false,"_kad_post_footer":false,"_kad_post_classname":""},"product_brand":[],"product_cat":[1302],"product_tag":[1851],"class_list":{"0":"post-221624","1":"product","2":"type-product","3":"status-publish","4":"has-post-thumbnail","6":"product_cat-chaises","7":"product_tag-barcelona-fr","9":"first","10":"instock","11":"taxable","12":"shipping-taxable","13":"product-type-simple","14":"entry","15":"content-bg","16":"loop-entry"},"taxonomy_info":{"product_cat":[{"value":1302,"label":"Chaises"}],"product_tag":[{"value":1851,"label":"BARCELONA"}]},"featured_image_src_large":["https:\/\/www.avenuedesigncanada.com\/wp-content\/uploads\/2023\/02\/314555G_103-1024x1024.jpg",1024,1024,true],"author_info":[],"comment_info":"","_links":{"self":[{"href":"https:\/\/www.avenuedesigncanada.com\/fr\/wp-json\/wp\/v2\/product\/221624","targetHints":{"allow":["GET"]}}],"collection":[{"href":"https:\/\/www.avenuedesigncanada.com\/fr\/wp-json\/wp\/v2\/product"}],"about":[{"href":"https:\/\/www.avenuedesigncanada.com\/fr\/wp-json\/wp\/v2\/types\/product"}],"wp:featuredmedia":[{"embeddable":true,"href":"https:\/\/www.avenuedesigncanada.com\/fr\/wp-json\/wp\/v2\/media\/221628"}],"wp:attachment":[{"href":"https:\/\/www.avenuedesigncanada.com\/fr\/wp-json\/wp\/v2\/media?parent=221624"}],"wp:term":[{"taxonomy":"product_brand","embeddable":true,"href":"https:\/\/www.avenuedesigncanada.com\/fr\/wp-json\/wp\/v2\/product_brand?post=221624"},{"taxonomy":"product_cat","embeddable":true,"href":"https:\/\/www.avenuedesigncanada.com\/fr\/wp-json\/wp\/v2\/product_cat?post=221624"},{"taxonomy":"product_tag","embeddable":true,"href":"https:\/\/www.avenuedesigncanada.com\/fr\/wp-json\/wp\/v2\/product_tag?post=221624"}],"curies":[{"name":"wp","href":"https:\/\/api.w.org\/{rel}","templated":true}]}}