{"id":221831,"date":"2023-02-17T11:14:34","date_gmt":"2023-02-17T16:14:34","guid":{"rendered":"https:\/\/www.avenuedesigncanada.com\/?post_type=product&#038;p=221831"},"modified":"2026-02-12T10:15:58","modified_gmt":"2026-02-12T15:15:58","slug":"buffet-trianon","status":"publish","type":"product","link":"https:\/\/www.avenuedesigncanada.com\/fr\/product\/buffet-trianon\/","title":{"rendered":"Buffet Trianon"},"content":{"rendered":"<p><em>Le buffet Trianon pr\u00e9sente les caract\u00e9ristiques suivantes :<\/em><br \/>\nBois massif et placage de pin jaune coup\u00e9 \u00e0 plat au fini Gris<br \/>\nFa\u00e7ades de porte et de tiroir en aluminium moul\u00e9 au fini Argent<br \/>\nDeux portes \u00e0 ouverture par pression<br \/>\nTrois tiroirs \u00e0 ouverture par pression<br \/>\nTablettes int\u00e9rieures r\u00e9glables et amovibles<br \/>\nInsertion pour l&rsquo;argenterie en tissu Guardian et tampon de tiroir envelopp\u00e9<br \/>\nBase encastr\u00e9e<br \/>\nPatins r\u00e9glables<br \/>\nTrousse anti-basculement incluse.<\/p>\n<p>Vous avez des questions sur ce produit ? Nos concepteurs sont l\u00e0 pour vous aider. Appelez-nous au (514) 340-9351  <\/p>\n","protected":false},"excerpt":{"rendered":"<p>Le buffet Trianon est d\u00e9fini par des formes m\u00e9talliques saisissantes sur le devant du meuble. La fonte d&rsquo;aluminium cr\u00e9e un design continu sur les deux fa\u00e7ades de porte et les trois tiroirs, se connectant ensemble pour un look magnifique. Derri\u00e8re les deux portes se trouvent des tablettes fixes et ajustables, et le tiroir sup\u00e9rieur est dot\u00e9 d&rsquo;un insert \u00e0 argenterie en tissu Guardian.<\/p>\n","protected":false},"featured_media":221829,"template":"","meta":{"_kad_blocks_custom_css":"","_kad_blocks_head_custom_js":"","_kad_blocks_body_custom_js":"","_kad_blocks_footer_custom_js":"","_kad_post_transparent":"","_kad_post_title":"","_kad_post_layout":"","_kad_post_sidebar_id":"","_kad_post_content_style":"","_kad_post_vertical_padding":"","_kad_post_feature":"","_kad_post_feature_position":"","_kad_post_header":false,"_kad_post_footer":false,"_kad_post_classname":""},"product_brand":[],"product_cat":[1303],"product_tag":[1844],"class_list":{"0":"post-221831","1":"product","2":"type-product","3":"status-publish","4":"has-post-thumbnail","6":"product_cat-buffets","7":"product_tag-barcelona-cg-fr-2","9":"first","10":"instock","11":"taxable","12":"shipping-taxable","13":"product-type-simple","14":"entry","15":"content-bg","16":"loop-entry"},"taxonomy_info":{"product_cat":[{"value":1303,"label":"Buffets"}],"product_tag":[{"value":1844,"label":"BARCELONA - CG"}]},"featured_image_src_large":["https:\/\/www.avenuedesigncanada.com\/wp-content\/uploads\/2023\/02\/314132G-1024x1024.jpg",1024,1024,true],"author_info":[],"comment_info":"","_links":{"self":[{"href":"https:\/\/www.avenuedesigncanada.com\/fr\/wp-json\/wp\/v2\/product\/221831","targetHints":{"allow":["GET"]}}],"collection":[{"href":"https:\/\/www.avenuedesigncanada.com\/fr\/wp-json\/wp\/v2\/product"}],"about":[{"href":"https:\/\/www.avenuedesigncanada.com\/fr\/wp-json\/wp\/v2\/types\/product"}],"wp:featuredmedia":[{"embeddable":true,"href":"https:\/\/www.avenuedesigncanada.com\/fr\/wp-json\/wp\/v2\/media\/221829"}],"wp:attachment":[{"href":"https:\/\/www.avenuedesigncanada.com\/fr\/wp-json\/wp\/v2\/media?parent=221831"}],"wp:term":[{"taxonomy":"product_brand","embeddable":true,"href":"https:\/\/www.avenuedesigncanada.com\/fr\/wp-json\/wp\/v2\/product_brand?post=221831"},{"taxonomy":"product_cat","embeddable":true,"href":"https:\/\/www.avenuedesigncanada.com\/fr\/wp-json\/wp\/v2\/product_cat?post=221831"},{"taxonomy":"product_tag","embeddable":true,"href":"https:\/\/www.avenuedesigncanada.com\/fr\/wp-json\/wp\/v2\/product_tag?post=221831"}],"curies":[{"name":"wp","href":"https:\/\/api.w.org\/{rel}","templated":true}]}}