{"id":221838,"date":"2023-02-17T11:43:02","date_gmt":"2023-02-17T16:43:02","guid":{"rendered":"https:\/\/www.avenuedesigncanada.com\/?post_type=product&#038;p=221838"},"modified":"2026-02-12T10:15:58","modified_gmt":"2026-02-12T15:15:58","slug":"credence-trianon","status":"publish","type":"product","link":"https:\/\/www.avenuedesigncanada.com\/fr\/product\/credence-trianon\/","title":{"rendered":"Cr\u00e9dence Trianon"},"content":{"rendered":"<p><em>Le buffet Trianon pr\u00e9sente les caract\u00e9ristiques suivantes :<\/em><br \/>\nSolides et placages de pin jaune coup\u00e9s \u00e0 plat en finition L&rsquo;Ombre<br \/>\nTrois portes \u00e0 fermeture progressive<br \/>\nFa\u00e7ades de portes en corde tress\u00e9e \u00e0 motif carr\u00e9 altern\u00e9<br \/>\nTiroir central \u00e0 fermeture progressive avec d\u00e9coupe pour traction manuelle<br \/>\nCoussin de tiroir envelopp\u00e9 de tissu Guardian<br \/>\n\u00c9tag\u00e8res r\u00e9glables et amovibles<br \/>\nPatins r\u00e9glables<br \/>\nKit anti-basculement inclus<\/p>\n<p>Vous avez des questions sur ce produit ? Nos concepteurs sont l\u00e0 pour vous aider. Appelez-nous au (514) 340-9351  <\/p>\n","protected":false},"excerpt":{"rendered":"<p>Une texture moderne cr\u00e9e un design subtil mais impressionnant sur le buffet Trianon. Les trois portes sont envelopp\u00e9es d&rsquo;une corde tiss\u00e9e qui offre un motif captivant. Les portes de gauche et de droite sont dot\u00e9es de tablettes fixes et ajustables, tandis que la porte centrale comporte \u00e0 la fois une tablette et un tiroir \u00e0 fermeture douce.<\/p>\n","protected":false},"featured_media":221850,"template":"","meta":{"_kad_blocks_custom_css":"","_kad_blocks_head_custom_js":"","_kad_blocks_body_custom_js":"","_kad_blocks_footer_custom_js":"","_kad_post_transparent":"","_kad_post_title":"","_kad_post_layout":"","_kad_post_sidebar_id":"","_kad_post_content_style":"","_kad_post_vertical_padding":"","_kad_post_feature":"","_kad_post_feature_position":"","_kad_post_header":false,"_kad_post_footer":false,"_kad_post_classname":""},"product_brand":[],"product_cat":[1303],"product_tag":[1844],"class_list":{"0":"post-221838","1":"product","2":"type-product","3":"status-publish","4":"has-post-thumbnail","6":"product_cat-buffets","7":"product_tag-barcelona-cg-fr-2","9":"first","10":"instock","11":"taxable","12":"shipping-taxable","13":"product-type-simple","14":"entry","15":"content-bg","16":"loop-entry"},"taxonomy_info":{"product_cat":[{"value":1303,"label":"Buffets"}],"product_tag":[{"value":1844,"label":"BARCELONA - CG"}]},"featured_image_src_large":["https:\/\/www.avenuedesigncanada.com\/wp-content\/uploads\/2023\/02\/314131B-1024x1024.jpg",1024,1024,true],"author_info":[],"comment_info":"","_links":{"self":[{"href":"https:\/\/www.avenuedesigncanada.com\/fr\/wp-json\/wp\/v2\/product\/221838","targetHints":{"allow":["GET"]}}],"collection":[{"href":"https:\/\/www.avenuedesigncanada.com\/fr\/wp-json\/wp\/v2\/product"}],"about":[{"href":"https:\/\/www.avenuedesigncanada.com\/fr\/wp-json\/wp\/v2\/types\/product"}],"wp:featuredmedia":[{"embeddable":true,"href":"https:\/\/www.avenuedesigncanada.com\/fr\/wp-json\/wp\/v2\/media\/221850"}],"wp:attachment":[{"href":"https:\/\/www.avenuedesigncanada.com\/fr\/wp-json\/wp\/v2\/media?parent=221838"}],"wp:term":[{"taxonomy":"product_brand","embeddable":true,"href":"https:\/\/www.avenuedesigncanada.com\/fr\/wp-json\/wp\/v2\/product_brand?post=221838"},{"taxonomy":"product_cat","embeddable":true,"href":"https:\/\/www.avenuedesigncanada.com\/fr\/wp-json\/wp\/v2\/product_cat?post=221838"},{"taxonomy":"product_tag","embeddable":true,"href":"https:\/\/www.avenuedesigncanada.com\/fr\/wp-json\/wp\/v2\/product_tag?post=221838"}],"curies":[{"name":"wp","href":"https:\/\/api.w.org\/{rel}","templated":true}]}}