{"id":232690,"date":"2023-04-20T10:10:20","date_gmt":"2023-04-20T14:10:20","guid":{"rendered":"https:\/\/www.avenuedesigncanada.com\/?post_type=product&#038;p=232690"},"modified":"2026-02-12T10:16:03","modified_gmt":"2026-02-12T15:16:03","slug":"lit-a-panneaux-casa-paros","status":"publish","type":"product","link":"https:\/\/www.avenuedesigncanada.com\/fr\/product\/lit-a-panneaux-casa-paros\/","title":{"rendered":"Lit \u00e0 panneaux Casa Paros"},"content":{"rendered":"<p><em>Caract\u00e9ristiques du lit \u00e0 panneaux Casa Paros :<\/em><\/p>\n<p>T\u00eate de lit profonde avec cadre en bois et panneau rembourr\u00e9 ins\u00e9r\u00e9<\/p>\n<p>Note: La t\u00eate de lit ne peut \u00eatre utilis\u00e9e seule.<\/p>\n<p>Doit \u00eatre command\u00e9 avec le pied de lit et les montant lat\u00e9raux<\/p>\n<p>Pied de lit profond avec cadre en bois et panneau rembourr\u00e9 ins\u00e9r\u00e9<\/p>\n<p>Note: Le pied de lit fait aussi office de banc<\/p>\n<p>Panneaux lat\u00e9raux en bois<\/p>\n<p>Tous les bois apparents en finition Playa<\/p>\n<p>Tissu B638<\/p>\n<p>Pieds en bois finition Playa<\/p>\n<p>Standard avec cinq lattes de bois avec des pieds de support centraux ajustables.<\/p>\n<p>Options<\/p>\n<p><em>Note:<\/em> La t\u00eate de lit ne peut pas \u00eatre utilisi\u00e9e seule. Doit \u00eatre command\u00e9 avec le pied de lit\/les panneaux lat\u00e9raux.<\/p>\n<p>Format Queen, L: 64 P: 102.13 H: 52.50 po<\/p>\n<p>Format King, L: 80 P: 102.13 H: 52.50 po<\/p>\n<p>Avez-vous des questions \u00e0 propos de ce produit ?<\/p>\n<p>Nos designers sont l\u00e0 pour vous aider. Appelez-nous au (514) 340-9351<\/p>\n","protected":false},"excerpt":{"rendered":"<p>Un style sobre est mis en valeur dans le lit \u00e0 panneaux Casa Paros. Un cadre en bois profond dans la finition Playa entoure des panneaux recouverts sur la t\u00eate et le pied de lit. Le pied de lit bas est suffisamment profond pour servir de banc.<\/p>\n","protected":false},"featured_media":232712,"template":"","meta":{"_kad_blocks_custom_css":"","_kad_blocks_head_custom_js":"","_kad_blocks_body_custom_js":"","_kad_blocks_footer_custom_js":"","_kad_post_transparent":"default","_kad_post_title":"","_kad_post_layout":"default","_kad_post_sidebar_id":"","_kad_post_content_style":"default","_kad_post_vertical_padding":"default","_kad_post_feature":"","_kad_post_feature_position":"","_kad_post_header":false,"_kad_post_footer":false,"_kad_post_classname":""},"product_brand":[],"product_cat":[1296],"product_tag":[1851],"class_list":{"0":"post-232690","1":"product","2":"type-product","3":"status-publish","4":"has-post-thumbnail","6":"product_cat-lits","7":"product_tag-barcelona-fr","9":"first","10":"instock","11":"taxable","12":"shipping-taxable","13":"product-type-simple","14":"entry","15":"content-bg","16":"loop-entry"},"taxonomy_info":{"product_cat":[{"value":1296,"label":"Lits"}],"product_tag":[{"value":1851,"label":"BARCELONA"}]},"featured_image_src_large":["https:\/\/www.avenuedesigncanada.com\/wp-content\/uploads\/2023\/04\/K1857-1024x1024.jpg",1024,1024,true],"author_info":[],"comment_info":"","_links":{"self":[{"href":"https:\/\/www.avenuedesigncanada.com\/fr\/wp-json\/wp\/v2\/product\/232690","targetHints":{"allow":["GET"]}}],"collection":[{"href":"https:\/\/www.avenuedesigncanada.com\/fr\/wp-json\/wp\/v2\/product"}],"about":[{"href":"https:\/\/www.avenuedesigncanada.com\/fr\/wp-json\/wp\/v2\/types\/product"}],"wp:featuredmedia":[{"embeddable":true,"href":"https:\/\/www.avenuedesigncanada.com\/fr\/wp-json\/wp\/v2\/media\/232712"}],"wp:attachment":[{"href":"https:\/\/www.avenuedesigncanada.com\/fr\/wp-json\/wp\/v2\/media?parent=232690"}],"wp:term":[{"taxonomy":"product_brand","embeddable":true,"href":"https:\/\/www.avenuedesigncanada.com\/fr\/wp-json\/wp\/v2\/product_brand?post=232690"},{"taxonomy":"product_cat","embeddable":true,"href":"https:\/\/www.avenuedesigncanada.com\/fr\/wp-json\/wp\/v2\/product_cat?post=232690"},{"taxonomy":"product_tag","embeddable":true,"href":"https:\/\/www.avenuedesigncanada.com\/fr\/wp-json\/wp\/v2\/product_tag?post=232690"}],"curies":[{"name":"wp","href":"https:\/\/api.w.org\/{rel}","templated":true}]}}