{"id":232724,"date":"2023-04-20T10:42:48","date_gmt":"2023-04-20T14:42:48","guid":{"rendered":"https:\/\/www.avenuedesigncanada.com\/?post_type=product&#038;p=232724"},"modified":"2026-02-12T10:16:03","modified_gmt":"2026-02-12T15:16:03","slug":"table-de-chevet-casa-paros","status":"publish","type":"product","link":"https:\/\/www.avenuedesigncanada.com\/fr\/product\/table-de-chevet-casa-paros\/","title":{"rendered":"Table de chevet Casa Paros"},"content":{"rendered":"<p><em>Les caract\u00e9ristiques de la table de nuit Casa Paros sont les suivantes :<\/em><br \/>\nCaisse et \u00e9tag\u00e8re de base en bois plaqu\u00e9, finition Playa<br \/>\nDeux panneaux perpendiculaires de support de base en faux b\u00e9ton, finition Bedrock<br \/>\nDeux tiroirs \u00e0 fermeture progressive<br \/>\nPoign\u00e9es de tiroir en acier envelopp\u00e9es de corde tress\u00e9e<br \/>\nChargeur USB \u00e0 deux ports \u00e0 l&rsquo;arri\u00e8re de la caisse<br \/>\nPatins r\u00e9glables<br \/>\nKit anti-basculement et feuille d&rsquo;instructions inclus<br \/>\nNon con\u00e7u pour supporter un t\u00e9l\u00e9viseur<\/p>\n<p>Avez-vous des questions \u00e0 propos de ce produit ? Nos designers sont l\u00e0 pour vous aider.  Appelez-nous au (514) 340-9351<\/p>\n","protected":false},"excerpt":{"rendered":"<p>La texture et la dimension donnent un aspect caract\u00e9ristique \u00e0 la fa\u00e7ade du tiroir de la table de nuit Casa Paros en finition faux b\u00e9ton Bedrock. Le plateau et les pieds \u00e9vas\u00e9s sont en finition chaude Playa, et une tablette \u00e9galement en finition Bedrock. Un syst\u00e8me de chargement USB \u00e0 deux ports est inclus \u00e0 l&rsquo;arri\u00e8re du caisson.<\/p>\n","protected":false},"featured_media":232732,"template":"","meta":{"_kad_blocks_custom_css":"","_kad_blocks_head_custom_js":"","_kad_blocks_body_custom_js":"","_kad_blocks_footer_custom_js":"","_kad_post_transparent":"","_kad_post_title":"","_kad_post_layout":"","_kad_post_sidebar_id":"","_kad_post_content_style":"","_kad_post_vertical_padding":"","_kad_post_feature":"","_kad_post_feature_position":"","_kad_post_header":false,"_kad_post_footer":false,"_kad_post_classname":""},"product_brand":[],"product_cat":[1299],"product_tag":[1844],"class_list":{"0":"post-232724","1":"product","2":"type-product","3":"status-publish","4":"has-post-thumbnail","6":"product_cat-tables-de-nuit","7":"product_tag-barcelona-cg-fr-2","9":"first","10":"instock","11":"taxable","12":"shipping-taxable","13":"product-type-simple","14":"entry","15":"content-bg","16":"loop-entry"},"taxonomy_info":{"product_cat":[{"value":1299,"label":"Tables de chevet"}],"product_tag":[{"value":1844,"label":"BARCELONA - CG"}]},"featured_image_src_large":["https:\/\/www.avenuedesigncanada.com\/wp-content\/uploads\/2023\/04\/317218-1024x1024.jpg",1024,1024,true],"author_info":[],"comment_info":"","_links":{"self":[{"href":"https:\/\/www.avenuedesigncanada.com\/fr\/wp-json\/wp\/v2\/product\/232724","targetHints":{"allow":["GET"]}}],"collection":[{"href":"https:\/\/www.avenuedesigncanada.com\/fr\/wp-json\/wp\/v2\/product"}],"about":[{"href":"https:\/\/www.avenuedesigncanada.com\/fr\/wp-json\/wp\/v2\/types\/product"}],"wp:featuredmedia":[{"embeddable":true,"href":"https:\/\/www.avenuedesigncanada.com\/fr\/wp-json\/wp\/v2\/media\/232732"}],"wp:attachment":[{"href":"https:\/\/www.avenuedesigncanada.com\/fr\/wp-json\/wp\/v2\/media?parent=232724"}],"wp:term":[{"taxonomy":"product_brand","embeddable":true,"href":"https:\/\/www.avenuedesigncanada.com\/fr\/wp-json\/wp\/v2\/product_brand?post=232724"},{"taxonomy":"product_cat","embeddable":true,"href":"https:\/\/www.avenuedesigncanada.com\/fr\/wp-json\/wp\/v2\/product_cat?post=232724"},{"taxonomy":"product_tag","embeddable":true,"href":"https:\/\/www.avenuedesigncanada.com\/fr\/wp-json\/wp\/v2\/product_tag?post=232724"}],"curies":[{"name":"wp","href":"https:\/\/api.w.org\/{rel}","templated":true}]}}