{"id":232877,"date":"2023-04-21T09:48:01","date_gmt":"2023-04-21T13:48:01","guid":{"rendered":"https:\/\/www.avenuedesigncanada.com\/?post_type=product&#038;p=232877"},"modified":"2026-02-12T10:16:06","modified_gmt":"2026-02-12T15:16:06","slug":"table-de-chevet-casa-paros-3","status":"publish","type":"product","link":"https:\/\/www.avenuedesigncanada.com\/fr\/product\/table-de-chevet-casa-paros-3\/","title":{"rendered":"Table de chevet Casa Paros"},"content":{"rendered":"<p><em>La table de nuit Casa Paros pr\u00e9sente les caract\u00e9ristiques suivantes :<\/em><br \/>\nSolides et placages en ch\u00eane blanc au fini Playa<br \/>\nDeux tiroirs \u00e0 fermeture progressive<br \/>\nPoign\u00e9es de tiroir en m\u00e9tal au fini Anthracite<br \/>\nDeux panneaux de pieds perpendiculaires au fini Playa<br \/>\nChargeur USB \u00e0 deux ports \u00e0 l&rsquo;arri\u00e8re<br \/>\nPatins r\u00e9glables<br \/>\nTrousse anti-basculement et feuille d&rsquo;instructions incluses<br \/>\nN&rsquo;est pas con\u00e7u pour supporter une t\u00e9l\u00e9vision<\/p>\n<p>Vous avez des questions au sujet de ce produit ? Nos designers sont l\u00e0 pour vous aider. Appelez-nous au (514) 340-9351<\/p>\n","protected":false},"excerpt":{"rendered":"<p>Adoptant une approche minimaliste, la table de nuit Casa Paros semble flotter au-dessus de deux panneaux de pieds. Deux tiroirs \u00e0 fermeture douce sont dot\u00e9s d&rsquo;une quincaillerie en m\u00e9tal moul\u00e9 de forme organique. La finition rustique Playa offre des textures naturelles et des grains de bois subtils. Un chargeur USB \u00e0 deux ports est situ\u00e9 \u00e0 l&rsquo;arri\u00e8re du caisson.<\/p>\n","protected":false},"featured_media":232885,"template":"","meta":{"_kad_blocks_custom_css":"","_kad_blocks_head_custom_js":"","_kad_blocks_body_custom_js":"","_kad_blocks_footer_custom_js":"","_kad_post_transparent":"","_kad_post_title":"","_kad_post_layout":"","_kad_post_sidebar_id":"","_kad_post_content_style":"","_kad_post_vertical_padding":"","_kad_post_feature":"","_kad_post_feature_position":"","_kad_post_header":false,"_kad_post_footer":false,"_kad_post_classname":""},"product_brand":[],"product_cat":[1299],"product_tag":[1844],"class_list":{"0":"post-232877","1":"product","2":"type-product","3":"status-publish","4":"has-post-thumbnail","6":"product_cat-tables-de-nuit","7":"product_tag-barcelona-cg-fr-2","9":"first","10":"instock","11":"taxable","12":"shipping-taxable","13":"product-type-simple","14":"entry","15":"content-bg","16":"loop-entry"},"taxonomy_info":{"product_cat":[{"value":1299,"label":"Tables de chevet"}],"product_tag":[{"value":1844,"label":"BARCELONA - CG"}]},"featured_image_src_large":["https:\/\/www.avenuedesigncanada.com\/wp-content\/uploads\/2023\/04\/317232-1024x1024.jpg",1024,1024,true],"author_info":[],"comment_info":"","_links":{"self":[{"href":"https:\/\/www.avenuedesigncanada.com\/fr\/wp-json\/wp\/v2\/product\/232877","targetHints":{"allow":["GET"]}}],"collection":[{"href":"https:\/\/www.avenuedesigncanada.com\/fr\/wp-json\/wp\/v2\/product"}],"about":[{"href":"https:\/\/www.avenuedesigncanada.com\/fr\/wp-json\/wp\/v2\/types\/product"}],"wp:featuredmedia":[{"embeddable":true,"href":"https:\/\/www.avenuedesigncanada.com\/fr\/wp-json\/wp\/v2\/media\/232885"}],"wp:attachment":[{"href":"https:\/\/www.avenuedesigncanada.com\/fr\/wp-json\/wp\/v2\/media?parent=232877"}],"wp:term":[{"taxonomy":"product_brand","embeddable":true,"href":"https:\/\/www.avenuedesigncanada.com\/fr\/wp-json\/wp\/v2\/product_brand?post=232877"},{"taxonomy":"product_cat","embeddable":true,"href":"https:\/\/www.avenuedesigncanada.com\/fr\/wp-json\/wp\/v2\/product_cat?post=232877"},{"taxonomy":"product_tag","embeddable":true,"href":"https:\/\/www.avenuedesigncanada.com\/fr\/wp-json\/wp\/v2\/product_tag?post=232877"}],"curies":[{"name":"wp","href":"https:\/\/api.w.org\/{rel}","templated":true}]}}