{"id":232891,"date":"2023-04-21T09:53:22","date_gmt":"2023-04-21T13:53:22","guid":{"rendered":"https:\/\/www.avenuedesigncanada.com\/?post_type=product&#038;p=232891"},"modified":"2026-02-12T10:16:06","modified_gmt":"2026-02-12T15:16:06","slug":"table-de-chevet-casa-paros-4","status":"publish","type":"product","link":"https:\/\/www.avenuedesigncanada.com\/fr\/product\/table-de-chevet-casa-paros-4\/","title":{"rendered":"Table de chevet Casa Paros"},"content":{"rendered":"<p><em>La table de nuit Casa Paros pr\u00e9sente les caract\u00e9ristiques suivantes :<\/em><br \/>\nCaisse et \u00e9tag\u00e8re de base en placage de bois au fini Playa<br \/>\nDeux panneaux perpendiculaires de soutien de la base en faux b\u00e9ton au fini Bedrock<br \/>\nDeux tiroirs \u00e0 fermeture progressive<br \/>\nPoign\u00e9es de tiroir en acier envelopp\u00e9es de corde tress\u00e9e<br \/>\nUnit\u00e9 de chargement USB \u00e0 deux ports \u00e0 l&rsquo;arri\u00e8re de la caisse<br \/>\nPatins r\u00e9glables<br \/>\nTrousse anti-basculement et feuille d&rsquo;instructions incluses<br \/>\nN&rsquo;est pas con\u00e7u pour soutenir un t\u00e9l\u00e9viseur<\/p>\n<p>Vous avez des questions au sujet de ce produit ? Nos designers sont l\u00e0 pour vous aider. Appelez-nous au (514) 340-9351<\/p>\n","protected":false},"excerpt":{"rendered":"<p>La table de nuit Casa Paros pr\u00e9sente un \u00e9quilibre entre les mat\u00e9riaux et un design organique serein. La finition en faux b\u00e9ton Bedrock sur les deux panneaux de support donne l&rsquo;impression d&rsquo;\u00eatre en pierre. Deux tiroirs \u00e0 fermeture douce en finition Playa sont \u00e9quilibr\u00e9s au-dessus de la base. La quincaillerie en m\u00e9tal moul\u00e9 est envelopp\u00e9e d&rsquo;une corde torsad\u00e9e pour une texture unique. Un chargeur USB \u00e0 deux ports est \u00e9galement pr\u00e9sent au dos du caisson.<\/p>\n","protected":false},"featured_media":232904,"template":"","meta":{"_kad_blocks_custom_css":"","_kad_blocks_head_custom_js":"","_kad_blocks_body_custom_js":"","_kad_blocks_footer_custom_js":"","_kad_post_transparent":"","_kad_post_title":"","_kad_post_layout":"","_kad_post_sidebar_id":"","_kad_post_content_style":"","_kad_post_vertical_padding":"","_kad_post_feature":"","_kad_post_feature_position":"","_kad_post_header":false,"_kad_post_footer":false,"_kad_post_classname":""},"product_brand":[],"product_cat":[1299],"product_tag":[1844],"class_list":{"0":"post-232891","1":"product","2":"type-product","3":"status-publish","4":"has-post-thumbnail","6":"product_cat-tables-de-nuit","7":"product_tag-barcelona-cg-fr-2","9":"first","10":"instock","11":"taxable","12":"shipping-taxable","13":"product-type-simple","14":"entry","15":"content-bg","16":"loop-entry"},"taxonomy_info":{"product_cat":[{"value":1299,"label":"Tables de chevet"}],"product_tag":[{"value":1844,"label":"BARCELONA - CG"}]},"featured_image_src_large":["https:\/\/www.avenuedesigncanada.com\/wp-content\/uploads\/2023\/04\/317231.jpg",1023,1015,false],"author_info":[],"comment_info":"","_links":{"self":[{"href":"https:\/\/www.avenuedesigncanada.com\/fr\/wp-json\/wp\/v2\/product\/232891","targetHints":{"allow":["GET"]}}],"collection":[{"href":"https:\/\/www.avenuedesigncanada.com\/fr\/wp-json\/wp\/v2\/product"}],"about":[{"href":"https:\/\/www.avenuedesigncanada.com\/fr\/wp-json\/wp\/v2\/types\/product"}],"wp:featuredmedia":[{"embeddable":true,"href":"https:\/\/www.avenuedesigncanada.com\/fr\/wp-json\/wp\/v2\/media\/232904"}],"wp:attachment":[{"href":"https:\/\/www.avenuedesigncanada.com\/fr\/wp-json\/wp\/v2\/media?parent=232891"}],"wp:term":[{"taxonomy":"product_brand","embeddable":true,"href":"https:\/\/www.avenuedesigncanada.com\/fr\/wp-json\/wp\/v2\/product_brand?post=232891"},{"taxonomy":"product_cat","embeddable":true,"href":"https:\/\/www.avenuedesigncanada.com\/fr\/wp-json\/wp\/v2\/product_cat?post=232891"},{"taxonomy":"product_tag","embeddable":true,"href":"https:\/\/www.avenuedesigncanada.com\/fr\/wp-json\/wp\/v2\/product_tag?post=232891"}],"curies":[{"name":"wp","href":"https:\/\/api.w.org\/{rel}","templated":true}]}}