{"id":232908,"date":"2023-04-21T10:04:45","date_gmt":"2023-04-21T14:04:45","guid":{"rendered":"https:\/\/www.avenuedesigncanada.com\/?post_type=product&#038;p=232908"},"modified":"2026-02-12T10:16:06","modified_gmt":"2026-02-12T15:16:06","slug":"table-de-chevet-casa-paros-5","status":"publish","type":"product","link":"https:\/\/www.avenuedesigncanada.com\/fr\/product\/table-de-chevet-casa-paros-5\/","title":{"rendered":"Table de chevet Casa Paros"},"content":{"rendered":"<p><em>La table de nuit Casa Paros pr\u00e9sente les caract\u00e9ristiques suivantes :<\/em><br \/>\nFinition Playa sur le bo\u00eetier et le bois expos\u00e9<br \/>\nDeux tiroirs \u00e0 fermeture progressive<br \/>\nMat\u00e9riau tiss\u00e9 ins\u00e9r\u00e9 en finition Light Playa sur les fa\u00e7ades de tiroirs encadr\u00e9es de bois<br \/>\nPoign\u00e9es de tiroirs en m\u00e9tal en finition Anthracite<br \/>\nDeux panneaux de pieds en bois perpendiculaires<br \/>\nChargeur USB \u00e0 deux ports \u00e0 l&rsquo;arri\u00e8re du bo\u00eetier<br \/>\nPatins r\u00e9glables<br \/>\nKit anti-basculement et feuille d&rsquo;instructions inclus<br \/>\nNon con\u00e7u pour supporter un t\u00e9l\u00e9viseur<\/p>\n<p>Vous avez des questions sur ce produit ? Nos designers sont l\u00e0 pour vous aider. Appelez-nous au (514) 340-9351<\/p>\n","protected":false},"excerpt":{"rendered":"<p>Adoptant une approche minimaliste, la table de nuit Casa Paros semble flotter au-dessus de deux panneaux de pieds. Deux tiroirs \u00e0 fermeture douce sont dot\u00e9s de panneaux tiss\u00e9s derri\u00e8re des ferrures en m\u00e9tal moul\u00e9 de forme organique. Le design offre \u00e0 la fois des textures naturelles et des grains de bois subtils. Un chargeur USB \u00e0 deux ports est situ\u00e9 \u00e0 l&rsquo;arri\u00e8re du caisson.<\/p>\n","protected":false},"featured_media":232910,"template":"","meta":{"_kad_blocks_custom_css":"","_kad_blocks_head_custom_js":"","_kad_blocks_body_custom_js":"","_kad_blocks_footer_custom_js":"","_kad_post_transparent":"","_kad_post_title":"","_kad_post_layout":"","_kad_post_sidebar_id":"","_kad_post_content_style":"","_kad_post_vertical_padding":"","_kad_post_feature":"","_kad_post_feature_position":"","_kad_post_header":false,"_kad_post_footer":false,"_kad_post_classname":""},"product_brand":[],"product_cat":[1299],"product_tag":[1844],"class_list":{"0":"post-232908","1":"product","2":"type-product","3":"status-publish","4":"has-post-thumbnail","6":"product_cat-tables-de-nuit","7":"product_tag-barcelona-cg-fr-2","9":"first","10":"instock","11":"taxable","12":"shipping-taxable","13":"product-type-simple","14":"entry","15":"content-bg","16":"loop-entry"},"taxonomy_info":{"product_cat":[{"value":1299,"label":"Tables de chevet"}],"product_tag":[{"value":1844,"label":"BARCELONA - CG"}]},"featured_image_src_large":["https:\/\/www.avenuedesigncanada.com\/wp-content\/uploads\/2023\/04\/317233-1024x1024.jpg",1024,1024,true],"author_info":[],"comment_info":"","_links":{"self":[{"href":"https:\/\/www.avenuedesigncanada.com\/fr\/wp-json\/wp\/v2\/product\/232908","targetHints":{"allow":["GET"]}}],"collection":[{"href":"https:\/\/www.avenuedesigncanada.com\/fr\/wp-json\/wp\/v2\/product"}],"about":[{"href":"https:\/\/www.avenuedesigncanada.com\/fr\/wp-json\/wp\/v2\/types\/product"}],"wp:featuredmedia":[{"embeddable":true,"href":"https:\/\/www.avenuedesigncanada.com\/fr\/wp-json\/wp\/v2\/media\/232910"}],"wp:attachment":[{"href":"https:\/\/www.avenuedesigncanada.com\/fr\/wp-json\/wp\/v2\/media?parent=232908"}],"wp:term":[{"taxonomy":"product_brand","embeddable":true,"href":"https:\/\/www.avenuedesigncanada.com\/fr\/wp-json\/wp\/v2\/product_brand?post=232908"},{"taxonomy":"product_cat","embeddable":true,"href":"https:\/\/www.avenuedesigncanada.com\/fr\/wp-json\/wp\/v2\/product_cat?post=232908"},{"taxonomy":"product_tag","embeddable":true,"href":"https:\/\/www.avenuedesigncanada.com\/fr\/wp-json\/wp\/v2\/product_tag?post=232908"}],"curies":[{"name":"wp","href":"https:\/\/api.w.org\/{rel}","templated":true}]}}