{"id":232945,"date":"2023-04-21T10:48:51","date_gmt":"2023-04-21T14:48:51","guid":{"rendered":"https:\/\/www.avenuedesigncanada.com\/?post_type=product&#038;p=232945"},"modified":"2026-02-12T10:16:07","modified_gmt":"2026-02-12T15:16:07","slug":"commode-casa-paros-3","status":"publish","type":"product","link":"https:\/\/www.avenuedesigncanada.com\/fr\/product\/commode-casa-paros-3\/","title":{"rendered":"Commode Casa Paros"},"content":{"rendered":"<p><em>La commode Casa Paros pr\u00e9sente les caract\u00e9ristiques suivantes :<\/em><br \/>\nFinition Playa sur le corps et le bois apparent. Six tiroirs \u00e0 fermeture progressive avec poign\u00e9es en m\u00e9tal, insertion d&rsquo;un mat\u00e9riau tiss\u00e9 en finition Light Playa sur les fa\u00e7ades des tiroirs, deux panneaux de pieds en bois perpendiculaires, patins r\u00e9glables et kit anti-basculement. Ne convient pas pour un t\u00e9l\u00e9viseur.  <\/p>\n<p>Vous avez des questions sur ce produit ?<br \/>\nNos concepteurs sont l\u00e0 pour vous aider.<br \/>\nAppelez-nous au (514) 340-9351<\/p>\n","protected":false},"excerpt":{"rendered":"<p>Dans une approche minimaliste, la commode Casa Paros semble flotter au-dessus de deux panneaux. Six tiroirs \u00e0 fermeture douce en deux tailles pr\u00e9sentent des panneaux tiss\u00e9s derri\u00e8re une quincaillerie en m\u00e9tal moul\u00e9 de forme organique. Le design offre \u00e0 la fois des textures naturelles et des grains de bois subtils.<\/p>\n","protected":false},"featured_media":232959,"template":"","meta":{"_kad_blocks_custom_css":"","_kad_blocks_head_custom_js":"","_kad_blocks_body_custom_js":"","_kad_blocks_footer_custom_js":"","_kad_post_transparent":"","_kad_post_title":"","_kad_post_layout":"","_kad_post_sidebar_id":"","_kad_post_content_style":"","_kad_post_vertical_padding":"","_kad_post_feature":"","_kad_post_feature_position":"","_kad_post_header":false,"_kad_post_footer":false,"_kad_post_classname":""},"product_brand":[],"product_cat":[1298],"product_tag":[1844],"class_list":{"0":"post-232945","1":"product","2":"type-product","3":"status-publish","4":"has-post-thumbnail","6":"product_cat-commodes","7":"product_tag-barcelona-cg-fr-2","9":"first","10":"instock","11":"taxable","12":"shipping-taxable","13":"product-type-simple","14":"entry","15":"content-bg","16":"loop-entry"},"taxonomy_info":{"product_cat":[{"value":1298,"label":"Commodes"}],"product_tag":[{"value":1844,"label":"BARCELONA - CG"}]},"featured_image_src_large":["https:\/\/www.avenuedesigncanada.com\/wp-content\/uploads\/2023\/04\/317053-1024x1024.jpg",1024,1024,true],"author_info":[],"comment_info":"","_links":{"self":[{"href":"https:\/\/www.avenuedesigncanada.com\/fr\/wp-json\/wp\/v2\/product\/232945","targetHints":{"allow":["GET"]}}],"collection":[{"href":"https:\/\/www.avenuedesigncanada.com\/fr\/wp-json\/wp\/v2\/product"}],"about":[{"href":"https:\/\/www.avenuedesigncanada.com\/fr\/wp-json\/wp\/v2\/types\/product"}],"wp:featuredmedia":[{"embeddable":true,"href":"https:\/\/www.avenuedesigncanada.com\/fr\/wp-json\/wp\/v2\/media\/232959"}],"wp:attachment":[{"href":"https:\/\/www.avenuedesigncanada.com\/fr\/wp-json\/wp\/v2\/media?parent=232945"}],"wp:term":[{"taxonomy":"product_brand","embeddable":true,"href":"https:\/\/www.avenuedesigncanada.com\/fr\/wp-json\/wp\/v2\/product_brand?post=232945"},{"taxonomy":"product_cat","embeddable":true,"href":"https:\/\/www.avenuedesigncanada.com\/fr\/wp-json\/wp\/v2\/product_cat?post=232945"},{"taxonomy":"product_tag","embeddable":true,"href":"https:\/\/www.avenuedesigncanada.com\/fr\/wp-json\/wp\/v2\/product_tag?post=232945"}],"curies":[{"name":"wp","href":"https:\/\/api.w.org\/{rel}","templated":true}]}}