{"id":232977,"date":"2023-04-21T11:13:39","date_gmt":"2023-04-21T15:13:39","guid":{"rendered":"https:\/\/www.avenuedesigncanada.com\/?post_type=product&#038;p=232977"},"modified":"2026-02-12T10:16:08","modified_gmt":"2026-02-12T15:16:08","slug":"banc-casa-paros","status":"publish","type":"product","link":"https:\/\/www.avenuedesigncanada.com\/fr\/product\/banc-casa-paros\/","title":{"rendered":"Banc Casa Paros"},"content":{"rendered":"<p>Base en bois avec ch\u00e2ssis en finition Playa formant un \u00ab\u00a0A\u00a0\u00bb.<\/p>\n<p>Coussin d&rsquo;assise rembourr\u00e9<\/p>\n<p>Tissu: B638<\/p>\n<p>Petits patins blancs<\/p>\n<p>La base du banc Casa Paros est constitu\u00e9e de deux panneaux lat\u00e9raux et d&rsquo;un longeron en goujon. La base en bois en finition Playa soutient une assise recouverte pour offrir \u00e0 la fois forme et fonction.<\/p>\n","protected":false},"excerpt":{"rendered":"<p>Avez-vous des questions \u00e0 propos de ce produit ?<\/p>\n<p>Nos designers sont l\u00e0 pour vous aider. <strong>Appelez-nous au (514) 340-9351<\/strong><\/p>\n","protected":false},"featured_media":232985,"template":"","meta":{"_kad_blocks_custom_css":"","_kad_blocks_head_custom_js":"","_kad_blocks_body_custom_js":"","_kad_blocks_footer_custom_js":"","_kad_post_transparent":"","_kad_post_title":"","_kad_post_layout":"","_kad_post_sidebar_id":"","_kad_post_content_style":"","_kad_post_vertical_padding":"","_kad_post_feature":"","_kad_post_feature_position":"","_kad_post_header":false,"_kad_post_footer":false,"_kad_post_classname":""},"product_brand":[],"product_cat":[1926],"product_tag":[1851],"class_list":{"0":"post-232977","1":"product","2":"type-product","3":"status-publish","4":"has-post-thumbnail","6":"product_cat-non-classifiee","7":"product_tag-barcelona-fr","9":"first","10":"instock","11":"taxable","12":"shipping-taxable","13":"product-type-simple","14":"entry","15":"content-bg","16":"loop-entry"},"taxonomy_info":{"product_cat":[{"value":1926,"label":"Non classifi\u00e9(e)"}],"product_tag":[{"value":1851,"label":"BARCELONA"}]},"featured_image_src_large":["https:\/\/www.avenuedesigncanada.com\/wp-content\/uploads\/2023\/04\/317506_102-1024x1024.jpg",1024,1024,true],"author_info":[],"comment_info":"","_links":{"self":[{"href":"https:\/\/www.avenuedesigncanada.com\/fr\/wp-json\/wp\/v2\/product\/232977","targetHints":{"allow":["GET"]}}],"collection":[{"href":"https:\/\/www.avenuedesigncanada.com\/fr\/wp-json\/wp\/v2\/product"}],"about":[{"href":"https:\/\/www.avenuedesigncanada.com\/fr\/wp-json\/wp\/v2\/types\/product"}],"wp:featuredmedia":[{"embeddable":true,"href":"https:\/\/www.avenuedesigncanada.com\/fr\/wp-json\/wp\/v2\/media\/232985"}],"wp:attachment":[{"href":"https:\/\/www.avenuedesigncanada.com\/fr\/wp-json\/wp\/v2\/media?parent=232977"}],"wp:term":[{"taxonomy":"product_brand","embeddable":true,"href":"https:\/\/www.avenuedesigncanada.com\/fr\/wp-json\/wp\/v2\/product_brand?post=232977"},{"taxonomy":"product_cat","embeddable":true,"href":"https:\/\/www.avenuedesigncanada.com\/fr\/wp-json\/wp\/v2\/product_cat?post=232977"},{"taxonomy":"product_tag","embeddable":true,"href":"https:\/\/www.avenuedesigncanada.com\/fr\/wp-json\/wp\/v2\/product_tag?post=232977"}],"curies":[{"name":"wp","href":"https:\/\/api.w.org\/{rel}","templated":true}]}}